{"id":9557,"date":"2026-03-18T12:18:47","date_gmt":"2026-03-18T11:18:47","guid":{"rendered":"https:\/\/www.eintracht-schretzheim.de\/?page_id=9557"},"modified":"2026-04-24T09:02:08","modified_gmt":"2026-04-24T07:02:08","slug":"gk-spopi-2026","status":"publish","type":"page","link":"https:\/\/www.eintracht-schretzheim.de\/?page_id=9557","title":{"rendered":"GK-SpoPi (2026)"},"content":{"rendered":"<p>Dieses Jahr gibt&#8217;s auch Berichte von den Gro\u00dfkaliber-Sch\u00fctzen! Da wir von der Eintracht zwei Mannschaften vorweisen k\u00f6nnen, die sich aber in der exakt selben Liga befinden, wird es zu jeder Runde jeweils einen Bericht geben, in welchem immer beide Truppen Erw\u00e4hnung finden.<\/p>\n\n\n<div class=\"su-posts su-posts-default-loop \">\n\n\t\n\t\t\t\t\t\n\t\t\t\n\t\t\t<div id=\"su-post-9559\" class=\"su-post \">\n\n\t\t\t\t\n\t\t\t\t<h2 class=\"su-post-title\"><a href=\"https:\/\/www.eintracht-schretzheim.de\/?p=9559\">RWK 2026 &#8211; GK-SpoPi &#8211; Runde 1<\/a><\/h2>\n\n\t\t\t\t<div class=\"su-post-meta\">\n\t\t\t\t\tVer\u00f6ffentlicht: 22. M\u00e4rz 2026\t\t\t\t<\/div>\n\n\t\t\t\t<div class=\"su-post-excerpt\">\n\t\t\t\t\t<p>Heimisches Duell Da es allm\u00e4hlich Sommer wird, ist auch wieder Zeit f\u00fcr die scharfen Sachen. Und wie es der Wettkampfplan so wollte, durften zum Auftakt gleich unsere zwei Mannschaften gegeneinander antreten. Auf Seiten der 1. Mannschaft ging Hubert Greck mit starken 369 Ringen (.357 Magnum) als Teambester in die Wertung ein. Ihm folgten Dieter Kerl&#8230;<\/p>\n\t\t\t\t<\/div>\n\n\t\t\t\t\t\t\t\t\t<a href=\"https:\/\/www.eintracht-schretzheim.de\/?p=9559#respond\" class=\"su-post-comments-link\">0 Kommentare<\/a>\n\t\t\t\t\n\t\t\t<\/div>\n\n\t\t\t\t\t\n\t\t\t\n\t\t\t<div id=\"su-post-9586\" class=\"su-post \">\n\n\t\t\t\t\n\t\t\t\t<h2 class=\"su-post-title\"><a href=\"https:\/\/www.eintracht-schretzheim.de\/?p=9586\">RWK 2026 &#8211; GK-SpoPi &#8211; Runde 2<\/a><\/h2>\n\n\t\t\t\t<div class=\"su-post-meta\">\n\t\t\t\t\tVer\u00f6ffentlicht: 27. M\u00e4rz 2026\t\t\t\t<\/div>\n\n\t\t\t\t<div class=\"su-post-excerpt\">\n\t\t\t\t\t<p>H\u00fc und Hott Ausw\u00e4rts in Unterelchingen trat unsere 1. Mannschaft sogar \u00fcberbesetzt an. Folglich musste man sich also noch einigen, wer au\u00dfer Konkurrenz mitschie\u00dfen durfte. Unter den vier Herren hielt sich Susanne Ulbrich dann zur\u00fcck und feuerte 266 Ringe (9mm Para) ab. Bernd Dorner dr\u00fcckte dann das Ergebnis ein bisschen, denn sein Ergebnis (246 Ringe&#8230;<\/p>\n\t\t\t\t<\/div>\n\n\t\t\t\t\t\t\t\t\t<a href=\"https:\/\/www.eintracht-schretzheim.de\/?p=9586#respond\" class=\"su-post-comments-link\">0 Kommentare<\/a>\n\t\t\t\t\n\t\t\t<\/div>\n\n\t\t\t\t\t\n\t\t\t\n\t\t\t<div id=\"su-post-9608\" class=\"su-post \">\n\n\t\t\t\t\n\t\t\t\t<h2 class=\"su-post-title\"><a href=\"https:\/\/www.eintracht-schretzheim.de\/?p=9608\">RWK 2026 &#8211; GK-SpoPi &#8211; Runde 3<\/a><\/h2>\n\n\t\t\t\t<div class=\"su-post-meta\">\n\t\t\t\t\tVer\u00f6ffentlicht: 5. April 2026\t\t\t\t<\/div>\n\n\t\t\t\t<div class=\"su-post-excerpt\">\n\t\t\t\t\t<p>Volle Fahrt Diesmal durfte die 1. Mannschaft zu Hause bleiben und wurde von den Sch\u00fctzen aus Zusmarshausen besucht. F\u00fcr sie war Richter Gerd (296 Ringe &#8211; 9mm Para) als Motivator dabei. In die Wertung gingen Leutenmayr Franz (342 Ringe &#8211; 9mm Para), Gruschka Wolfgang (334 Ringe &#8211; 9mm Para), Lutz Michael (340 Ringe &#8211; .45&#8230;<\/p>\n\t\t\t\t<\/div>\n\n\t\t\t\t\t\t\t\t\t<a href=\"https:\/\/www.eintracht-schretzheim.de\/?p=9608#respond\" class=\"su-post-comments-link\">0 Kommentare<\/a>\n\t\t\t\t\n\t\t\t<\/div>\n\n\t\t\t\t\t\n\t\t\t\n\t\t\t<div id=\"su-post-9634\" class=\"su-post \">\n\n\t\t\t\t\n\t\t\t\t<h2 class=\"su-post-title\"><a href=\"https:\/\/www.eintracht-schretzheim.de\/?p=9634\">RWK 2026 &#8211; GK-SpoPi &#8211; Runde 4<\/a><\/h2>\n\n\t\t\t\t<div class=\"su-post-meta\">\n\t\t\t\t\tVer\u00f6ffentlicht: 24. April 2026\t\t\t\t<\/div>\n\n\t\t\t\t<div class=\"su-post-excerpt\">\n\t\t\t\t\t<p>Neue Wolkenkratzer? Unsere 1. Mannschaft war mal wieder &#8222;im L\u00e4ndle&#8220; unterwegs und durfte sich mit den Gundremmingern messen. Bernd Dorner schaffte es auf 317 Ringe (9mm Para), w\u00e4hrend Dieter Kerl mit ordentlichen 343 Ringen (.357 Magnum) vom Stand ging. Max Thomas erzielte ebenfalls 343 Ringe (.357 Magnum) und Teambester war erneut Hubert Greck mit glatten&#8230;<\/p>\n\t\t\t\t<\/div>\n\n\t\t\t\t\t\t\t\t\t<a href=\"https:\/\/www.eintracht-schretzheim.de\/?p=9634#respond\" class=\"su-post-comments-link\">0 Kommentare<\/a>\n\t\t\t\t\n\t\t\t<\/div>\n\n\t\t\n\t\n<\/div>\n\n<p>Zur Tabelle geht es hier lang: <a href=\"https:\/\/www.rwk-onlinemelder.de\/online\/listen\/700?sel_group_id=86&amp;sel_discipline_id=7&amp;sel_class_id=30&amp;showCombined=0\">RWK-Onlinemelder &#8211; Sch\u00fctzenbezirk Schwaben &#8211; Ergebnisse und Tabellen<\/a><\/p>\n","protected":false},"excerpt":{"rendered":"<p>Dieses Jahr gibt&#8217;s auch Berichte von den Gro\u00dfkaliber-Sch\u00fctzen! Da wir von der Eintracht zwei Mannschaften vorweisen k\u00f6nnen, die sich aber in der exakt selben Liga befinden, wird es zu jeder Runde jeweils einen Bericht geben, in welchem immer beide Truppen Erw\u00e4hnung finden. Zur Tabelle geht es hier lang: RWK-Onlinemelder &#8211; Sch\u00fctzenbezirk Schwaben &#8211; Ergebnisse und&#8230;<\/p>\n","protected":false},"author":11,"featured_media":0,"parent":0,"menu_order":0,"comment_status":"closed","ping_status":"closed","template":"","meta":{"footnotes":""},"class_list":["post-9557","page","type-page","status-publish","hentry"],"_links":{"self":[{"href":"https:\/\/www.eintracht-schretzheim.de\/index.php?rest_route=\/wp\/v2\/pages\/9557","targetHints":{"allow":["GET"]}}],"collection":[{"href":"https:\/\/www.eintracht-schretzheim.de\/index.php?rest_route=\/wp\/v2\/pages"}],"about":[{"href":"https:\/\/www.eintracht-schretzheim.de\/index.php?rest_route=\/wp\/v2\/types\/page"}],"author":[{"embeddable":true,"href":"https:\/\/www.eintracht-schretzheim.de\/index.php?rest_route=\/wp\/v2\/users\/11"}],"replies":[{"embeddable":true,"href":"https:\/\/www.eintracht-schretzheim.de\/index.php?rest_route=%2Fwp%2Fv2%2Fcomments&post=9557"}],"version-history":[{"count":9,"href":"https:\/\/www.eintracht-schretzheim.de\/index.php?rest_route=\/wp\/v2\/pages\/9557\/revisions"}],"predecessor-version":[{"id":9640,"href":"https:\/\/www.eintracht-schretzheim.de\/index.php?rest_route=\/wp\/v2\/pages\/9557\/revisions\/9640"}],"wp:attachment":[{"href":"https:\/\/www.eintracht-schretzheim.de\/index.php?rest_route=%2Fwp%2Fv2%2Fmedia&parent=9557"}],"curies":[{"name":"wp","href":"https:\/\/api.w.org\/{rel}","templated":true}]}}