{"id":9016,"date":"2025-10-13T16:16:33","date_gmt":"2025-10-13T14:16:33","guid":{"rendered":"https:\/\/www.eintracht-schretzheim.de\/?page_id=9016"},"modified":"2026-03-18T13:19:32","modified_gmt":"2026-03-18T12:19:32","slug":"kk-spopi-2026","status":"publish","type":"page","link":"https:\/\/www.eintracht-schretzheim.de\/?page_id=9016","title":{"rendered":"KK-SpoPi (2026)"},"content":{"rendered":"\n\n<div class=\"su-posts su-posts-default-loop \">\n\n\t\n\t\t\t\t\t\n\t\t\t\n\t\t\t<div id=\"su-post-8937\" class=\"su-post \">\n\n\t\t\t\t\n\t\t\t\t<h2 class=\"su-post-title\"><a href=\"https:\/\/www.eintracht-schretzheim.de\/?p=8937\">RWK 2026 &#8211; KK-SpoPi &#8211; Runde 1<\/a><\/h2>\n\n\t\t\t\t<div class=\"su-post-meta\">\n\t\t\t\t\tVer\u00f6ffentlicht: 2. Oktober 2025\t\t\t\t<\/div>\n\n\t\t\t\t<div class=\"su-post-excerpt\">\n\t\t\t\t\t<p>Wieder einmal auf Reisen Zum Auftakt der neuen Saison durfte man gleich wieder nach Augsburg-Hochzoll fahren. Da Christian B\u00e4sche es zeitlich nicht er\u00fcbrigen konnte, dabei zu sein, ist der Vorstand als Ersatz auf Position 4 eingesprungen. W\u00e4hrend sein Gegner, Wengenmayr Martin, einige Waffenst\u00f6rungen vorzuweisen hatte, g\u00f6nnte sich Stefan B\u00e4sche ein paar Ausrei\u00dfer zu viel und&#8230;<\/p>\n\t\t\t\t<\/div>\n\n\t\t\t\t\t\t\t\t\t<a href=\"https:\/\/www.eintracht-schretzheim.de\/?p=8937#respond\" class=\"su-post-comments-link\">0 Kommentare<\/a>\n\t\t\t\t\n\t\t\t<\/div>\n\n\t\t\t\t\t\n\t\t\t\n\t\t\t<div id=\"su-post-9075\" class=\"su-post \">\n\n\t\t\t\t\n\t\t\t\t<h2 class=\"su-post-title\"><a href=\"https:\/\/www.eintracht-schretzheim.de\/?p=9075\">RWK 2026 &#8211; KK-SpoPi &#8211; Runde 2<\/a><\/h2>\n\n\t\t\t\t<div class=\"su-post-meta\">\n\t\t\t\t\tVer\u00f6ffentlicht: 25. Oktober 2025\t\t\t\t<\/div>\n\n\t\t\t\t<div class=\"su-post-excerpt\">\n\t\t\t\t\t<p>Punkte, Punkte, Punkte Diesmal mit Stammbesetzung wurde das Quartett von den Gablingern besucht. W\u00e4hrend Christian B\u00e4sche mit 252 Ringen gegen Fabry Steffen (224 Ringe) die Oberhand behielt, bl\u00fchte Altmeister Helmut Ehrmann wieder richtig auf. Seine starken 270 Ringe auf Position 3 war die Spitzenleistung des Abends und bedeutete somit auch den Einzelpunkt gegen Bolz Marc&#8230;<\/p>\n\t\t\t\t<\/div>\n\n\t\t\t\t\t\t\t\t\t<a href=\"https:\/\/www.eintracht-schretzheim.de\/?p=9075#respond\" class=\"su-post-comments-link\">0 Kommentare<\/a>\n\t\t\t\t\n\t\t\t<\/div>\n\n\t\t\t\t\t\n\t\t\t\n\t\t\t<div id=\"su-post-9116\" class=\"su-post \">\n\n\t\t\t\t\n\t\t\t\t<h2 class=\"su-post-title\"><a href=\"https:\/\/www.eintracht-schretzheim.de\/?p=9116\">RWK 2026 &#8211; KK-SpoPi &#8211; Runde 3<\/a><\/h2>\n\n\t\t\t\t<div class=\"su-post-meta\">\n\t\t\t\t\tVer\u00f6ffentlicht: 5. November 2025\t\t\t\t<\/div>\n\n\t\t\t\t<div class=\"su-post-excerpt\">\n\t\t\t\t\t<p>Wieder einmal in Augsburg Diesmal bei den Lechhausenern zu Gast mussten die Schretzheimer erneut geschw\u00e4cht antreten. Julian Miehlich fiel aus und somit durfte Helmut Ehrmann auf Position 1 gegen Heilmann Bernhard antreten. Mit tollen 267:256 Ringen holte unser Altmeister den Einzelpunkt, welcher an diesem Abend aber leider auch der einzige sein sollte. In Paarung 2&#8230;<\/p>\n\t\t\t\t<\/div>\n\n\t\t\t\t\t\t\t\t\t<a href=\"https:\/\/www.eintracht-schretzheim.de\/?p=9116#respond\" class=\"su-post-comments-link\">0 Kommentare<\/a>\n\t\t\t\t\n\t\t\t<\/div>\n\n\t\t\t\t\t\n\t\t\t\n\t\t\t<div id=\"su-post-9199\" class=\"su-post \">\n\n\t\t\t\t\n\t\t\t\t<h2 class=\"su-post-title\"><a href=\"https:\/\/www.eintracht-schretzheim.de\/?p=9199\">RWK 2026 &#8211; KK-SpoPi &#8211; Runde 4<\/a><\/h2>\n\n\t\t\t\t<div class=\"su-post-meta\">\n\t\t\t\t\tVer\u00f6ffentlicht: 27. November 2025\t\t\t\t<\/div>\n\n\t\t\t\t<div class=\"su-post-excerpt\">\n\t\t\t\t\t<p>Auf Tauchstation Auch im Aufeinandertreffen mit den Spitzenkandidaten aus Augsburg Altstadt, fiel Julian Miehlich f\u00fcr Position 1 leider aus. Dadurch durfte erneut Helmut Ehrmann gegen Wesphal Wilko Olaf (270 Ringe) antreten. Doch bei unserem Altmeister wollte an diesem Abend in der Pr\u00e4zision nichts gl\u00fccken, sodass er mit 246 Ringen den Einzelpunkt an die G\u00e4ste schenkte&#8230;.<\/p>\n\t\t\t\t<\/div>\n\n\t\t\t\t\t\t\t\t\t<a href=\"https:\/\/www.eintracht-schretzheim.de\/?p=9199#respond\" class=\"su-post-comments-link\">0 Kommentare<\/a>\n\t\t\t\t\n\t\t\t<\/div>\n\n\t\t\t\t\t\n\t\t\t\n\t\t\t<div id=\"su-post-9235\" class=\"su-post \">\n\n\t\t\t\t\n\t\t\t\t<h2 class=\"su-post-title\"><a href=\"https:\/\/www.eintracht-schretzheim.de\/?p=9235\">RWK 2026 &#8211; KK-SpoPi &#8211; Runde 5<\/a><\/h2>\n\n\t\t\t\t<div class=\"su-post-meta\">\n\t\t\t\t\tVer\u00f6ffentlicht: 5. Dezember 2025\t\t\t\t<\/div>\n\n\t\t\t\t<div class=\"su-post-excerpt\">\n\t\t\t\t\t<p>Diesmal mit Favoriten-Rolle Unter den scharfen Sch\u00fctzen geht die Saison etwas z\u00fcgiger voran. So fuhr die Truppe &#8211; immer noch ohne Julian Miehlich &#8211; nach B\u00e4umenheim, wo man als Favorit eigentlich zum Sieg gezwungen war. Paarung 4 \u00fcbernahm unser Vorstand, Stefan B\u00e4sche, der mit 234 Ringen recht gut abfeuerte. Doch leider kostete ihn das Duell-Schie\u00dfen&#8230;<\/p>\n\t\t\t\t<\/div>\n\n\t\t\t\t\t\t\t\t\t<a href=\"https:\/\/www.eintracht-schretzheim.de\/?p=9235#respond\" class=\"su-post-comments-link\">0 Kommentare<\/a>\n\t\t\t\t\n\t\t\t<\/div>\n\n\t\t\t\t\t\n\t\t\t\n\t\t\t<div id=\"su-post-9411\" class=\"su-post \">\n\n\t\t\t\t\n\t\t\t\t<h2 class=\"su-post-title\"><a href=\"https:\/\/www.eintracht-schretzheim.de\/?p=9411\">RWK 2026 &#8211; KK SpoPi &#8211; Runde 6<\/a><\/h2>\n\n\t\t\t\t<div class=\"su-post-meta\">\n\t\t\t\t\tVer\u00f6ffentlicht: 29. Januar 2026\t\t\t\t<\/div>\n\n\t\t\t\t<div class=\"su-post-excerpt\">\n\t\t\t\t\t<p>Wieder eine Pleite Beim Heimspiel gegen die Sternsch\u00fctzen aus Augsburg-Hochzoll war leider wieder nicht viel zu holen. Unser Sergej Stumpf allerdings hielt auf Position 1 die Schretzheimer Fahne in die H\u00f6he und feuerte starke 269 Ringe ab. Gegen ihn trat Herbst Manuel an, der diesmal mit 257 Ringen schw\u00e4chelte. Somit hatten wir einen gewonnenen Einzelpunkt,&#8230;<\/p>\n\t\t\t\t<\/div>\n\n\t\t\t\t\t\t\t\t\t<a href=\"https:\/\/www.eintracht-schretzheim.de\/?p=9411#respond\" class=\"su-post-comments-link\">0 Kommentare<\/a>\n\t\t\t\t\n\t\t\t<\/div>\n\n\t\t\t\t\t\n\t\t\t\n\t\t\t<div id=\"su-post-9457\" class=\"su-post \">\n\n\t\t\t\t\n\t\t\t\t<h2 class=\"su-post-title\"><a href=\"https:\/\/www.eintracht-schretzheim.de\/?p=9457\">RWK 2026 &#8211; KK-SpoPi &#8211; Runde 7<\/a><\/h2>\n\n\t\t\t\t<div class=\"su-post-meta\">\n\t\t\t\t\tVer\u00f6ffentlicht: 16. Februar 2026\t\t\t\t<\/div>\n\n\t\t\t\t<div class=\"su-post-excerpt\">\n\t\t\t\t\t<p>Wir bleiben daheim! Der Ausw\u00e4rtskampf in Gablingen fand aus gewissen Gr\u00fcnden nicht statt, weshalb Mannschaftsf\u00fchrer Ronny Vogel einen nachgeholten Fernwettkampf vereinbarte. Folglich schossen also alle zu Hause und man schickte sich die Ergebnisse zu, was nat\u00fcrlich auch dazu f\u00fchrte, dass ohne richtige Wettkampfsituation die \u00fcberragenden Ergebnisse etwas leichter zu erreichen waren. In Paarung 4 gewann&#8230;<\/p>\n\t\t\t\t<\/div>\n\n\t\t\t\t\t\t\t\t\t<a href=\"https:\/\/www.eintracht-schretzheim.de\/?p=9457#respond\" class=\"su-post-comments-link\">0 Kommentare<\/a>\n\t\t\t\t\n\t\t\t<\/div>\n\n\t\t\t\t\t\n\t\t\t\n\t\t\t<div id=\"su-post-9461\" class=\"su-post \">\n\n\t\t\t\t\n\t\t\t\t<h2 class=\"su-post-title\"><a href=\"https:\/\/www.eintracht-schretzheim.de\/?p=9461\">RWK 2026 &#8211; KK-SpoPi &#8211; Runde 8<\/a><\/h2>\n\n\t\t\t\t<div class=\"su-post-meta\">\n\t\t\t\t\tVer\u00f6ffentlicht: 17. Februar 2026\t\t\t\t<\/div>\n\n\t\t\t\t<div class=\"su-post-excerpt\">\n\t\t\t\t\t<p>Aufsehen erregen Der Besuch der Augsburger aus dem Lechhausener Stadtteil war sehr vergn\u00fcgsam. Doch da der Fasching in Dillingen f\u00fcr einigen umtrieb sorgte, war f\u00fcr die G\u00e4ste die Anreise etwas spannend. Die Vorhut machten die beiden Sch\u00fctzen der mittleren Positionen. So durfte Sergej Stumpf gleich starten und erzielte hervorragende 271 Ringe, wogegen Heilmann Bernhard mit&#8230;<\/p>\n\t\t\t\t<\/div>\n\n\t\t\t\t\t\t\t\t\t<a href=\"https:\/\/www.eintracht-schretzheim.de\/?p=9461#respond\" class=\"su-post-comments-link\">0 Kommentare<\/a>\n\t\t\t\t\n\t\t\t<\/div>\n\n\t\t\t\t\t\n\t\t\t\n\t\t\t<div id=\"su-post-9505\" class=\"su-post \">\n\n\t\t\t\t\n\t\t\t\t<h2 class=\"su-post-title\"><a href=\"https:\/\/www.eintracht-schretzheim.de\/?p=9505\">RWK 2026 &#8211; KK-SpoPi &#8211; Runde 9<\/a><\/h2>\n\n\t\t\t\t<div class=\"su-post-meta\">\n\t\t\t\t\tVer\u00f6ffentlicht: 3. M\u00e4rz 2026\t\t\t\t<\/div>\n\n\t\t\t\t<div class=\"su-post-excerpt\">\n\t\t\t\t\t<p>Spitzenduell ohne Spitzenduell In der Bezirksoberliga traf man diesmal auf die unangefochtenen Tabellenf\u00fchrer aus Augsburg Altstadt. W\u00e4hrenddessen steht f\u00fcr unser Team mittlerweile der dritte Platz in der Tabelle fest, unabh\u00e4ngig vom Resultat der letzten noch ausstehenden Runde. Somit gab es also in Hinblick auf die Tabelle kein Spitzenduell. Die Ergebnisse waren jedoch anderer Meinung. Auf&#8230;<\/p>\n\t\t\t\t<\/div>\n\n\t\t\t\t\t\t\t\t\t<a href=\"https:\/\/www.eintracht-schretzheim.de\/?p=9505#respond\" class=\"su-post-comments-link\">0 Kommentare<\/a>\n\t\t\t\t\n\t\t\t<\/div>\n\n\t\t\t\t\t\n\t\t\t\n\t\t\t<div id=\"su-post-9570\" class=\"su-post \">\n\n\t\t\t\t\n\t\t\t\t<h2 class=\"su-post-title\"><a href=\"https:\/\/www.eintracht-schretzheim.de\/?p=9570\">RWK 2026 &#8211; KK-SpoPi &#8211; Runde 10<\/a><\/h2>\n\n\t\t\t\t<div class=\"su-post-meta\">\n\t\t\t\t\tVer\u00f6ffentlicht: 23. M\u00e4rz 2026\t\t\t\t<\/div>\n\n\t\t\t\t<div class=\"su-post-excerpt\">\n\t\t\t\t\t<p>Das w\u00e4re ja gelacht Besser als gedacht konnten unsere KK-Pistoleros die Saison zu Ende bringen. Beim abschlie\u00dfenden Heimwettkampf musste an zwar auf Sergej und Julian verzichten, dennoch erreichten unsere 4 Sch\u00fctzen ein super Ergebnis gegen die G\u00e4ste aus B\u00e4umenheim. Auf Position 1 ging Christian B\u00e4sche ins Rennen, der aktuell seinen Lauf gefunden hat. So zimmerte&#8230;<\/p>\n\t\t\t\t<\/div>\n\n\t\t\t\t\t\t\t\t\t<a href=\"https:\/\/www.eintracht-schretzheim.de\/?p=9570#respond\" class=\"su-post-comments-link\">0 Kommentare<\/a>\n\t\t\t\t\n\t\t\t<\/div>\n\n\t\t\n\t\n<\/div>\n\n<p>Zu der Tabelle gelangen Sie \u00fcber folgenden Link: <a href=\"https:\/\/www.rwk-onlinemelder.de\/online\/listen\/700?sel_group_id=85&amp;sel_discipline_id=5&amp;sel_class_id=49&amp;showCombined=0\">RWK-Onlinemelder &#8211; Sch\u00fctzenbezirk Schwaben &#8211; Ergebnisse und Tabellen<\/a><\/p>\n","protected":false},"excerpt":{"rendered":"<p>Zu der Tabelle gelangen Sie \u00fcber folgenden Link: RWK-Onlinemelder &#8211; Sch\u00fctzenbezirk Schwaben &#8211; Ergebnisse und Tabellen<\/p>\n","protected":false},"author":11,"featured_media":0,"parent":0,"menu_order":0,"comment_status":"closed","ping_status":"closed","template":"","meta":{"footnotes":""},"class_list":["post-9016","page","type-page","status-publish","hentry"],"_links":{"self":[{"href":"https:\/\/www.eintracht-schretzheim.de\/index.php?rest_route=\/wp\/v2\/pages\/9016","targetHints":{"allow":["GET"]}}],"collection":[{"href":"https:\/\/www.eintracht-schretzheim.de\/index.php?rest_route=\/wp\/v2\/pages"}],"about":[{"href":"https:\/\/www.eintracht-schretzheim.de\/index.php?rest_route=\/wp\/v2\/types\/page"}],"author":[{"embeddable":true,"href":"https:\/\/www.eintracht-schretzheim.de\/index.php?rest_route=\/wp\/v2\/users\/11"}],"replies":[{"embeddable":true,"href":"https:\/\/www.eintracht-schretzheim.de\/index.php?rest_route=%2Fwp%2Fv2%2Fcomments&post=9016"}],"version-history":[{"count":11,"href":"https:\/\/www.eintracht-schretzheim.de\/index.php?rest_route=\/wp\/v2\/pages\/9016\/revisions"}],"predecessor-version":[{"id":9572,"href":"https:\/\/www.eintracht-schretzheim.de\/index.php?rest_route=\/wp\/v2\/pages\/9016\/revisions\/9572"}],"wp:attachment":[{"href":"https:\/\/www.eintracht-schretzheim.de\/index.php?rest_route=%2Fwp%2Fv2%2Fmedia&parent=9016"}],"curies":[{"name":"wp","href":"https:\/\/api.w.org\/{rel}","templated":true}]}}