{"id":9012,"date":"2025-10-13T16:15:00","date_gmt":"2025-10-13T14:15:00","guid":{"rendered":"https:\/\/www.eintracht-schretzheim.de\/?page_id=9012"},"modified":"2026-03-22T12:15:18","modified_gmt":"2026-03-22T11:15:18","slug":"luftpistole-2-2","status":"publish","type":"page","link":"https:\/\/www.eintracht-schretzheim.de\/?page_id=9012","title":{"rendered":"Luftpistole 2 (2026)"},"content":{"rendered":"\n\n<div class=\"su-posts su-posts-default-loop \">\n\n\t\n\t\t\t\t\t\n\t\t\t\n\t\t\t<div id=\"su-post-9085\" class=\"su-post \">\n\n\t\t\t\t\n\t\t\t\t<h2 class=\"su-post-title\"><a href=\"https:\/\/www.eintracht-schretzheim.de\/?p=9085\">RWK 2026 &#8211; LP2 &#8211; Runde 1<\/a><\/h2>\n\n\t\t\t\t<div class=\"su-post-meta\">\n\t\t\t\t\tVer\u00f6ffentlicht: 28. Oktober 2025\t\t\t\t<\/div>\n\n\t\t\t\t<div class=\"su-post-excerpt\">\n\t\t\t\t\t<p>Aufstrebende Ergebnisse Beim Ausflug nach Burgberg war man diesmal in Topbesetzung unterwegs. Die Gastgebende Mannschaft, vertreten durch Vogt Nico (350 Ringe), Penzeck Uwe (346 Ringe), Beck Karsten (338 Ringe) und Ludwig Timo (343 Ringe), legte 1377 Ringe vor. Auf Seiten der Eintracht blieb Hermann Schuster mit tollen 352 Ringen au\u00dfer Konkurrenz. Daf\u00fcr gingen neben Anderen&#8230;<\/p>\n\t\t\t\t<\/div>\n\n\t\t\t\t\t\t\t\t\t<a href=\"https:\/\/www.eintracht-schretzheim.de\/?p=9085#respond\" class=\"su-post-comments-link\">0 Kommentare<\/a>\n\t\t\t\t\n\t\t\t<\/div>\n\n\t\t\t\t\t\n\t\t\t\n\t\t\t<div id=\"su-post-9128\" class=\"su-post \">\n\n\t\t\t\t\n\t\t\t\t<h2 class=\"su-post-title\"><a href=\"https:\/\/www.eintracht-schretzheim.de\/?p=9128\">RWK 2026 &#8211; LP2 &#8211; Runde 2<\/a><\/h2>\n\n\t\t\t\t<div class=\"su-post-meta\">\n\t\t\t\t\tVer\u00f6ffentlicht: 9. November 2025\t\t\t\t<\/div>\n\n\t\t\t\t<div class=\"su-post-excerpt\">\n\t\t\t\t\t<p>Heimische Begegnung Mit sehnlichstem Erwarten durfte man diesmal die Kicklinger Pistolensch\u00fctzen in Schretzheim begr\u00fc\u00dfen. Damit die 10 Schie\u00dfst\u00e4nde voll besetzt waren, schoss Hermann Schuster (346 Ringe) sowie Zimmerer Henri (293 Ringe) au\u00dfer Konkurrenz mit. Zimmerer Karolina zimmerte mit flottem Tempo wirklich gute 358 Ringe in die Wertung f\u00fcr die G\u00e4ste. Gollmann Martin ging mit 344&#8230;<\/p>\n\t\t\t\t<\/div>\n\n\t\t\t\t\t\t\t\t\t<a href=\"https:\/\/www.eintracht-schretzheim.de\/?p=9128#respond\" class=\"su-post-comments-link\">0 Kommentare<\/a>\n\t\t\t\t\n\t\t\t<\/div>\n\n\t\t\t\t\t\n\t\t\t\n\t\t\t<div id=\"su-post-9185\" class=\"su-post \">\n\n\t\t\t\t\n\t\t\t\t<h2 class=\"su-post-title\"><a href=\"https:\/\/www.eintracht-schretzheim.de\/?p=9185\">RWK 2026 &#8211; LP2 &#8211; Runde 3<\/a><\/h2>\n\n\t\t\t\t<div class=\"su-post-meta\">\n\t\t\t\t\tVer\u00f6ffentlicht: 24. November 2025\t\t\t\t<\/div>\n\n\t\t\t\t<div class=\"su-post-excerpt\">\n\t\t\t\t\t<p>Gl\u00fcck auf Da unsere beiden Jungsch\u00fctzen Maximilian und Johannes hei\u00df auf den Aufstieg in die Bezirksliga sind, k\u00f6nnen unsere beiden Altmeister Helmut und Gerhard nicht anders, als mitzuziehen. So waren sie auch diesmal wieder voll fokussiert im Wettkampf und lie\u00dfen ihrem Gegner keine Chance. Unsere Jungs gewannen souver\u00e4n mit 1402 Ringen zu 1344 Ringen. Allen&#8230;<\/p>\n\t\t\t\t<\/div>\n\n\t\t\t\t\t\t\t\t\t<a href=\"https:\/\/www.eintracht-schretzheim.de\/?p=9185#respond\" class=\"su-post-comments-link\">0 Kommentare<\/a>\n\t\t\t\t\n\t\t\t<\/div>\n\n\t\t\t\t\t\n\t\t\t\n\t\t\t<div id=\"su-post-9225\" class=\"su-post \">\n\n\t\t\t\t\n\t\t\t\t<h2 class=\"su-post-title\"><a href=\"https:\/\/www.eintracht-schretzheim.de\/?p=9225\">RWK 2026 &#8211; LP2 &#8211; Runde 4<\/a><\/h2>\n\n\t\t\t\t<div class=\"su-post-meta\">\n\t\t\t\t\tVer\u00f6ffentlicht: 3. Dezember 2025\t\t\t\t<\/div>\n\n\t\t\t\t<div class=\"su-post-excerpt\">\n\t\t\t\t\t<p>Bisher s\u00e4gt keiner am Stuhl! Diesmal r\u00fcckten die Sch\u00fctzen der zweiten Mannschaft aus Burgberg an. Und auch hier hielten die Schretzheimer Pistoleros wacker dagegen. Spitzenleistung diesmal wurde von Gerhard Graf mit starken 354 Ringen vollbracht. Mit 350 Ringen schloss sich dem Maximilian Wohlmann, aber auch Klopfer Jochen von den G\u00e4sten ging mit diesem Ergebnis vom&#8230;<\/p>\n\t\t\t\t<\/div>\n\n\t\t\t\t\t\t\t\t\t<a href=\"https:\/\/www.eintracht-schretzheim.de\/?p=9225#respond\" class=\"su-post-comments-link\">0 Kommentare<\/a>\n\t\t\t\t\n\t\t\t<\/div>\n\n\t\t\t\t\t\n\t\t\t\n\t\t\t<div id=\"su-post-9277\" class=\"su-post \">\n\n\t\t\t\t\n\t\t\t\t<h2 class=\"su-post-title\"><a href=\"https:\/\/www.eintracht-schretzheim.de\/?p=9277\">RWK 2026 &#8211; LP2 &#8211; Runde 5<\/a><\/h2>\n\n\t\t\t\t<div class=\"su-post-meta\">\n\t\t\t\t\tVer\u00f6ffentlicht: 15. Dezember 2025\t\t\t\t<\/div>\n\n\t\t\t\t<div class=\"su-post-excerpt\">\n\t\t\t\t\t<p>Bisschen schwitzen Kurz vor Weihnachten erwartete man noch die Mannschaft aus Oberstotzingen im heimischen Sch\u00fctzenhaus. Doch w\u00e4hrend es unsere erfahreneren Herren etwas l\u00e4ssiger nehmen wollten, drehten die G\u00e4ste ganz sch\u00f6n auf. So kamen von Groll Jochen 353 Ringe und von Hartmann Frank 350 Ringe in die Wertung, was wirklich gute Ergebnisse sind. Gschwind Thomas startete&#8230;<\/p>\n\t\t\t\t<\/div>\n\n\t\t\t\t\t\t\t\t\t<a href=\"https:\/\/www.eintracht-schretzheim.de\/?p=9277#respond\" class=\"su-post-comments-link\">0 Kommentare<\/a>\n\t\t\t\t\n\t\t\t<\/div>\n\n\t\t\t\t\t\n\t\t\t\n\t\t\t<div id=\"su-post-9386\" class=\"su-post \">\n\n\t\t\t\t\n\t\t\t\t<h2 class=\"su-post-title\"><a href=\"https:\/\/www.eintracht-schretzheim.de\/?p=9386\">RWK 2026 &#8211; LP2 &#8211; Runde 6<\/a><\/h2>\n\n\t\t\t\t<div class=\"su-post-meta\">\n\t\t\t\t\tVer\u00f6ffentlicht: 20. Januar 2026\t\t\t\t<\/div>\n\n\t\t\t\t<div class=\"su-post-excerpt\">\n\t\t\t\t\t<p>Die Str\u00e4hne geht weiter Ebenfalls im eigenen Haus blieb an diesem Freitag das zweite Pistolero-Team. Sie wurden von der 2. Mannschaft Burgbergs besucht, w\u00e4hrend Maximilian Wohlmann f\u00fcr Schretzheim ausfiel und Johannes D\u00f6rle nur notgedrungen an den Stand ging, da er gesundheitlich angeschlagen war &#8211; wir w\u00fcnschen gute Besserung! Trotz dessen konnte er mit 340 Ringen&#8230;<\/p>\n\t\t\t\t<\/div>\n\n\t\t\t\t\t\t\t\t\t<a href=\"https:\/\/www.eintracht-schretzheim.de\/?p=9386#respond\" class=\"su-post-comments-link\">0 Kommentare<\/a>\n\t\t\t\t\n\t\t\t<\/div>\n\n\t\t\t\t\t\n\t\t\t\n\t\t\t<div id=\"su-post-9430\" class=\"su-post \">\n\n\t\t\t\t\n\t\t\t\t<h2 class=\"su-post-title\"><a href=\"https:\/\/www.eintracht-schretzheim.de\/?p=9430\">RWK 2026 &#8211; LP2 &#8211; Runde 7<\/a><\/h2>\n\n\t\t\t\t<div class=\"su-post-meta\">\n\t\t\t\t\tVer\u00f6ffentlicht: 3. Februar 2026\t\t\t\t<\/div>\n\n\t\t\t\t<div class=\"su-post-excerpt\">\n\t\t\t\t\t<p>Aufstrebende Jungs Beim Ausw\u00e4rtskampf gegen Kicklingen fiel Hermann Schuster aus gesundheitlichen Gr\u00fcnden leider aus &#8211; Wir w\u00fcnschen Gute Besserung! F\u00fcr ihn sprang Petra Bacher kurzfristig ein und konnte mit 334 Ringen ein \u00fcberzeugendes Ergebnis abliefern. Helmut Ehrmann und Gerhard Graf brachten beide starke 352 Ringe in die Wertung. Als viertes im Bunde war Johannes D\u00f6rle&#8230;<\/p>\n\t\t\t\t<\/div>\n\n\t\t\t\t\t\t\t\t\t<a href=\"https:\/\/www.eintracht-schretzheim.de\/?p=9430#respond\" class=\"su-post-comments-link\">0 Kommentare<\/a>\n\t\t\t\t\n\t\t\t<\/div>\n\n\t\t\t\t\t\n\t\t\t\n\t\t\t<div id=\"su-post-9469\" class=\"su-post \">\n\n\t\t\t\t\n\t\t\t\t<h2 class=\"su-post-title\"><a href=\"https:\/\/www.eintracht-schretzheim.de\/?p=9469\">RWK 2026 &#8211; LP2 &#8211; Runde 8<\/a><\/h2>\n\n\t\t\t\t<div class=\"su-post-meta\">\n\t\t\t\t\tVer\u00f6ffentlicht: 20. Februar 2026\t\t\t\t<\/div>\n\n\t\t\t\t<div class=\"su-post-excerpt\">\n\t\t\t\t\t<p>Bisher ohne Bremsen Oberstotzingens Zweite besuchte uns, da eine weiterer Wettkampftag in der Gauoberliga anstand. Allerdings nahm H\u00f6rger Erik mit seinen 284 Ringen sehr schnell die Spannung aus den Segeln. Zwar bem\u00fchte sich unser Altmeister, diese noch ein bisschen zu Retten, doch Helmut Ehrmann ging schlie\u00dflich mit 321 Ringen vom Stand. Goller Sebastian und Gschwind&#8230;<\/p>\n\t\t\t\t<\/div>\n\n\t\t\t\t\t\t\t\t\t<a href=\"https:\/\/www.eintracht-schretzheim.de\/?p=9469#respond\" class=\"su-post-comments-link\">0 Kommentare<\/a>\n\t\t\t\t\n\t\t\t<\/div>\n\n\t\t\t\t\t\n\t\t\t\n\t\t\t<div id=\"su-post-9574\" class=\"su-post \">\n\n\t\t\t\t\n\t\t\t\t<h2 class=\"su-post-title\"><a href=\"https:\/\/www.eintracht-schretzheim.de\/?p=9574\">RWK 2026 &#8211; LP2 &#8211; Runde 9<\/a><\/h2>\n\n\t\t\t\t<div class=\"su-post-meta\">\n\t\t\t\t\tVer\u00f6ffentlicht: 24. M\u00e4rz 2026\t\t\t\t<\/div>\n\n\t\t\t\t<div class=\"su-post-excerpt\">\n\t\t\t\t\t<p>Erste Abstriche Gefahr bl\u00fchte auf, denn beim Wiedersehen mit Burgbergs 1. war man zwar in Schretzheim, jedoch nahmen sich die G\u00e4ste einiges vor. Und diesen Plan zogen sie knallhart durch. Schaudi Stefan schmetterte mit 365 Ringen ein beachtliches Ergebnis aufs Parkett, w\u00e4hrend Waibel Daniel (364 Ringe) es ihm fast gleichtat. Somit hatte man auf Schretzheimer&#8230;<\/p>\n\t\t\t\t<\/div>\n\n\t\t\t\t\t\t\t\t\t<a href=\"https:\/\/www.eintracht-schretzheim.de\/?p=9574#respond\" class=\"su-post-comments-link\">0 Kommentare<\/a>\n\t\t\t\t\n\t\t\t<\/div>\n\n\t\t\t\t\t\n\t\t\t\n\t\t\t<div id=\"su-post-9577\" class=\"su-post \">\n\n\t\t\t\t\n\t\t\t\t<h2 class=\"su-post-title\"><a href=\"https:\/\/www.eintracht-schretzheim.de\/?p=9577\">RWK 2026 &#8211; LP2 &#8211; Runde 10<\/a><\/h2>\n\n\t\t\t\t<div class=\"su-post-meta\">\n\t\t\t\t\tVer\u00f6ffentlicht: 26. M\u00e4rz 2026\t\t\t\t<\/div>\n\n\t\t\t\t<div class=\"su-post-excerpt\">\n\t\t\t\t\t<p>Zielgerade Nachdem unsere Truppe in Runde 9 noch eine Niederlage hinnehmen musste, lag auf der Begegnung mit der 1. Oberstotzinger Mannschaft noch viel Druck. Diesmal wurde dabei sogar Gerhard Graf etwas zimperlich, sodass er im fremden Sch\u00fctzenheim gerad einmal 334 Ringe zusammenkratzen konnte. Maximilian Wohlmann erzielte 345 Ringe, womit er best\u00e4tigte, dass er dieses Level&#8230;<\/p>\n\t\t\t\t<\/div>\n\n\t\t\t\t\t\t\t\t\t<a href=\"https:\/\/www.eintracht-schretzheim.de\/?p=9577#respond\" class=\"su-post-comments-link\">0 Kommentare<\/a>\n\t\t\t\t\n\t\t\t<\/div>\n\n\t\t\n\t\n<\/div>\n\n<p>Zu der Tabelle gelangen Sie \u00fcber folgenden Link: <a href=\"https:\/\/www.rwk-onlinemelder.de\/online\/listen\/705?sel_group_id=76&amp;sel_discipline_id=8&amp;sel_class_id=76&amp;showCombined=0\">RWK-Onlinemelder &#8211; Sch\u00fctzengau Donau-Brenz-Egau &#8211; Ergebnisse und Tabellen<\/a><\/p>\n","protected":false},"excerpt":{"rendered":"<p>Zu der Tabelle gelangen Sie \u00fcber folgenden Link: RWK-Onlinemelder &#8211; Sch\u00fctzengau Donau-Brenz-Egau &#8211; Ergebnisse und Tabellen<\/p>\n","protected":false},"author":11,"featured_media":0,"parent":0,"menu_order":0,"comment_status":"closed","ping_status":"closed","template":"","meta":{"footnotes":""},"class_list":["post-9012","page","type-page","status-publish","hentry"],"_links":{"self":[{"href":"https:\/\/www.eintracht-schretzheim.de\/index.php?rest_route=\/wp\/v2\/pages\/9012","targetHints":{"allow":["GET"]}}],"collection":[{"href":"https:\/\/www.eintracht-schretzheim.de\/index.php?rest_route=\/wp\/v2\/pages"}],"about":[{"href":"https:\/\/www.eintracht-schretzheim.de\/index.php?rest_route=\/wp\/v2\/types\/page"}],"author":[{"embeddable":true,"href":"https:\/\/www.eintracht-schretzheim.de\/index.php?rest_route=\/wp\/v2\/users\/11"}],"replies":[{"embeddable":true,"href":"https:\/\/www.eintracht-schretzheim.de\/index.php?rest_route=%2Fwp%2Fv2%2Fcomments&post=9012"}],"version-history":[{"count":12,"href":"https:\/\/www.eintracht-schretzheim.de\/index.php?rest_route=\/wp\/v2\/pages\/9012\/revisions"}],"predecessor-version":[{"id":9579,"href":"https:\/\/www.eintracht-schretzheim.de\/index.php?rest_route=\/wp\/v2\/pages\/9012\/revisions\/9579"}],"wp:attachment":[{"href":"https:\/\/www.eintracht-schretzheim.de\/index.php?rest_route=%2Fwp%2Fv2%2Fmedia&parent=9012"}],"curies":[{"name":"wp","href":"https:\/\/api.w.org\/{rel}","templated":true}]}}