{"id":9008,"date":"2025-10-13T16:14:34","date_gmt":"2025-10-13T14:14:34","guid":{"rendered":"https:\/\/www.eintracht-schretzheim.de\/?page_id=9008"},"modified":"2026-01-08T17:31:46","modified_gmt":"2026-01-08T16:31:46","slug":"auflage-lp1","status":"publish","type":"page","link":"https:\/\/www.eintracht-schretzheim.de\/?page_id=9008","title":{"rendered":"Auflage LP (2026)"},"content":{"rendered":"\n\n<div class=\"su-posts su-posts-default-loop \">\n\n\t\n\t\t\t\t\t\n\t\t\t\n\t\t\t<div id=\"su-post-8960\" class=\"su-post \">\n\n\t\t\t\t\n\t\t\t\t<h2 class=\"su-post-title\"><a href=\"https:\/\/www.eintracht-schretzheim.de\/?p=8960\">RWK 2026 &#8211; LP Auflage &#8211; Runde 1<\/a><\/h2>\n\n\t\t\t\t<div class=\"su-post-meta\">\n\t\t\t\t\tVer\u00f6ffentlicht: 11. Oktober 2025\t\t\t\t<\/div>\n\n\t\t\t\t<div class=\"su-post-excerpt\">\n\t\t\t\t\t<p>Leider ein Satz mit &#8222;x&#8220; Nachdem es dieses Jahr erstmalig f\u00fcr Pistolensch\u00fctzen mit Auflage zwei Klassen gibt, hat sich ein frisch motiviertes Team in Schretzheim gefunden, welches gleich mal m\u00e4chtig durchheizen wollte. Doch da gab es zum Auftakt direkt ein b\u00f6ses Erwachen in Dattenhausen. Mit einer Niederlage von 886,2 Ringen zu 868,0 Ringen blieben die&#8230;<\/p>\n\t\t\t\t<\/div>\n\n\t\t\t\t\t\t\t\t\t<a href=\"https:\/\/www.eintracht-schretzheim.de\/?p=8960#respond\" class=\"su-post-comments-link\">0 Kommentare<\/a>\n\t\t\t\t\n\t\t\t<\/div>\n\n\t\t\t\t\t\n\t\t\t\n\t\t\t<div id=\"su-post-9069\" class=\"su-post \">\n\n\t\t\t\t\n\t\t\t\t<h2 class=\"su-post-title\"><a href=\"https:\/\/www.eintracht-schretzheim.de\/?p=9069\">RWK 2026 &#8211; LP Auflage &#8211; Runde 2<\/a><\/h2>\n\n\t\t\t\t<div class=\"su-post-meta\">\n\t\t\t\t\tVer\u00f6ffentlicht: 24. Oktober 2025\t\t\t\t<\/div>\n\n\t\t\t\t<div class=\"su-post-excerpt\">\n\t\t\t\t\t<p>Ein Kr\u00f6nchen&#8230; Nachdem sich unser Team wieder gefasst hatte, wollten sie in Runde 2 zu Hause gegen Aislingen kr\u00e4ftig auf den Putz hauen. W\u00e4hrend Bunk J\u00fcrgen mit bewundernswerten 300,6 Ringen die Bestleistung des Abends erbrachte, gingen Tausend\u00a0 Michael mit 285,1 Ringen und Lory Christine mit 226,1 Ringe ins Rennen, sodass die G\u00e4ste eine Gesamtleistung von&#8230;<\/p>\n\t\t\t\t<\/div>\n\n\t\t\t\t\t\t\t\t\t<a href=\"https:\/\/www.eintracht-schretzheim.de\/?p=9069#respond\" class=\"su-post-comments-link\">0 Kommentare<\/a>\n\t\t\t\t\n\t\t\t<\/div>\n\n\t\t\t\t\t\n\t\t\t\n\t\t\t<div id=\"su-post-9120\" class=\"su-post \">\n\n\t\t\t\t\n\t\t\t\t<h2 class=\"su-post-title\"><a href=\"https:\/\/www.eintracht-schretzheim.de\/?p=9120\">RWK 2026 &#8211; LP Auflage &#8211; Runde 3<\/a><\/h2>\n\n\t\t\t\t<div class=\"su-post-meta\">\n\t\t\t\t\tVer\u00f6ffentlicht: 6. November 2025\t\t\t\t<\/div>\n\n\t\t\t\t<div class=\"su-post-excerpt\">\n\t\t\t\t\t<p>Gut gezittert! Im Bereich der aufgelegten Luftpistole, die dieses Jahr zum ersten Mal anklang findet, durfte unser Team diesmal die 2. Mannschaft aus Wittislingen besuchen. Dabei ging Reinhard B\u00e4sche gleich mit gutem Beispiel voran und setzte hervorragende 299,5 Z\u00e4hler in die Wertung. Aber auch Thomas Endres wusste zu gl\u00e4nzen und erreichte starke 294,3 Ringe. W\u00e4hrend&#8230;<\/p>\n\t\t\t\t<\/div>\n\n\t\t\t\t\t\t\t\t\t<a href=\"https:\/\/www.eintracht-schretzheim.de\/?p=9120#respond\" class=\"su-post-comments-link\">0 Kommentare<\/a>\n\t\t\t\t\n\t\t\t<\/div>\n\n\t\t\t\t\t\n\t\t\t\n\t\t\t<div id=\"su-post-9193\" class=\"su-post \">\n\n\t\t\t\t\n\t\t\t\t<h2 class=\"su-post-title\"><a href=\"https:\/\/www.eintracht-schretzheim.de\/?p=9193\">RWK 2026 &#8211; LP Auflage &#8211; Runde 4<\/a><\/h2>\n\n\t\t\t\t<div class=\"su-post-meta\">\n\t\t\t\t\tVer\u00f6ffentlicht: 26. November 2025\t\t\t\t<\/div>\n\n\t\t\t\t<div class=\"su-post-excerpt\">\n\t\t\t\t\t<p>Schretzheim als h\u00f6flicher Gastgeber Gut aufgelegt erwarteten die Schretzheimer das Trio aus Dattenhausen, da in dieser kleinen Gruppe bereits die R\u00fcckrunde angefangen hat. Bester Sch\u00fctze auf ihrer Seite war Burdack Peter mit bemerkenswerten 299,4 Ringen. Mebold J\u00f6rg (295,7 Ringe) und W\u00fcnsch Werner mit 295,5 Ringen vollf\u00fcllten dann ein erstklassiges Mannschaftsergebnis von 890,6 Ringen f\u00fcr die&#8230;<\/p>\n\t\t\t\t<\/div>\n\n\t\t\t\t\t\t\t\t\t<a href=\"https:\/\/www.eintracht-schretzheim.de\/?p=9193#respond\" class=\"su-post-comments-link\">0 Kommentare<\/a>\n\t\t\t\t\n\t\t\t<\/div>\n\n\t\t\t\t\t\n\t\t\t\n\t\t\t<div id=\"su-post-9255\" class=\"su-post \">\n\n\t\t\t\t\n\t\t\t\t<h2 class=\"su-post-title\"><a href=\"https:\/\/www.eintracht-schretzheim.de\/?p=9255\">RWK 2026 &#8211; LP Auflage &#8211; Runde 5<\/a><\/h2>\n\n\t\t\t\t<div class=\"su-post-meta\">\n\t\t\t\t\tVer\u00f6ffentlicht: 11. Dezember 2025\t\t\t\t<\/div>\n\n\t\t\t\t<div class=\"su-post-excerpt\">\n\t\t\t\t\t<p>Eine ruhige Hand Eine kurze Fahrt nach Aislingen stand f\u00fcr unseren Trupp der gut aufgelegten Pistoleros an. Lory Christine, die sich letztes mal bei uns schwer tat, zeigte diesmal, dass sie deutlich mehr kann und brachte 261,3 Ringe in die Wertung. Mit 276,8 Ringen setzte sich Tausend Michael f\u00fcr die Gastgeber in die Wertung. Dritter&#8230;<\/p>\n\t\t\t\t<\/div>\n\n\t\t\t\t\t\t\t\t\t<a href=\"https:\/\/www.eintracht-schretzheim.de\/?p=9255#respond\" class=\"su-post-comments-link\">0 Kommentare<\/a>\n\t\t\t\t\n\t\t\t<\/div>\n\n\t\t\n\t\n<\/div>\n\n<p>Zu der Tabelle gelangen Sie \u00fcber folgenden Link: <a href=\"https:\/\/www.rwk-onlinemelder.de\/online\/listen\/705?sel_group_id=80&amp;sel_discipline_id=17&amp;sel_class_id=90&amp;showCombined=0\">RWK-Onlinemelder &#8211; Sch\u00fctzengau Donau-Brenz-Egau &#8211; Ergebnisse und Tabellen<\/a><\/p>\n","protected":false},"excerpt":{"rendered":"<p>Zu der Tabelle gelangen Sie \u00fcber folgenden Link: RWK-Onlinemelder &#8211; Sch\u00fctzengau Donau-Brenz-Egau &#8211; Ergebnisse und Tabellen<\/p>\n","protected":false},"author":11,"featured_media":0,"parent":0,"menu_order":0,"comment_status":"closed","ping_status":"closed","template":"","meta":{"footnotes":""},"class_list":["post-9008","page","type-page","status-publish","hentry"],"_links":{"self":[{"href":"https:\/\/www.eintracht-schretzheim.de\/index.php?rest_route=\/wp\/v2\/pages\/9008","targetHints":{"allow":["GET"]}}],"collection":[{"href":"https:\/\/www.eintracht-schretzheim.de\/index.php?rest_route=\/wp\/v2\/pages"}],"about":[{"href":"https:\/\/www.eintracht-schretzheim.de\/index.php?rest_route=\/wp\/v2\/types\/page"}],"author":[{"embeddable":true,"href":"https:\/\/www.eintracht-schretzheim.de\/index.php?rest_route=\/wp\/v2\/users\/11"}],"replies":[{"embeddable":true,"href":"https:\/\/www.eintracht-schretzheim.de\/index.php?rest_route=%2Fwp%2Fv2%2Fcomments&post=9008"}],"version-history":[{"count":8,"href":"https:\/\/www.eintracht-schretzheim.de\/index.php?rest_route=\/wp\/v2\/pages\/9008\/revisions"}],"predecessor-version":[{"id":9329,"href":"https:\/\/www.eintracht-schretzheim.de\/index.php?rest_route=\/wp\/v2\/pages\/9008\/revisions\/9329"}],"wp:attachment":[{"href":"https:\/\/www.eintracht-schretzheim.de\/index.php?rest_route=%2Fwp%2Fv2%2Fmedia&parent=9008"}],"curies":[{"name":"wp","href":"https:\/\/api.w.org\/{rel}","templated":true}]}}