{"id":9006,"date":"2025-10-13T16:14:16","date_gmt":"2025-10-13T14:14:16","guid":{"rendered":"https:\/\/www.eintracht-schretzheim.de\/?page_id=9006"},"modified":"2026-01-15T09:20:10","modified_gmt":"2026-01-15T08:20:10","slug":"luftgewehr-4","status":"publish","type":"page","link":"https:\/\/www.eintracht-schretzheim.de\/?page_id=9006","title":{"rendered":"Luftgewehr 4 (2026)"},"content":{"rendered":"\n\n<div class=\"su-posts su-posts-default-loop \">\n\n\t\n\t\t\t\t\t\n\t\t\t\n\t\t\t<div id=\"su-post-8992\" class=\"su-post \">\n\n\t\t\t\t\n\t\t\t\t<h2 class=\"su-post-title\"><a href=\"https:\/\/www.eintracht-schretzheim.de\/?p=8992\">RWK 2026 &#8211; LG4 &#8211; Runde 1<\/a><\/h2>\n\n\t\t\t\t<div class=\"su-post-meta\">\n\t\t\t\t\tVer\u00f6ffentlicht: 12. Oktober 2025\t\t\t\t<\/div>\n\n\t\t\t\t<div class=\"su-post-excerpt\">\n\t\t\t\t\t<p>Schnupperkurs Auch die neu gegr\u00fcndete 4. Luftgewehr Mannschaft durfte nach Oberstotzingen reisen und sich dort mit der 2. Mannschaft des Vereins messen. Da das Team im 1. Einsatz voller Anspannung war, hie\u00df es erstmal Erfahrungen im Wettkampf zu sammeln. Denn der gr\u00f6\u00dfte Trainingsweltmeister ist im Wettkampf unterlegen, wenn ihm die Drucksituation fremd ist. Johanna Hufnagel,&#8230;<\/p>\n\t\t\t\t<\/div>\n\n\t\t\t\t\t\t\t\t\t<a href=\"https:\/\/www.eintracht-schretzheim.de\/?p=8992#respond\" class=\"su-post-comments-link\">0 Kommentare<\/a>\n\t\t\t\t\n\t\t\t<\/div>\n\n\t\t\t\t\t\n\t\t\t\n\t\t\t<div id=\"su-post-9096\" class=\"su-post \">\n\n\t\t\t\t\n\t\t\t\t<h2 class=\"su-post-title\"><a href=\"https:\/\/www.eintracht-schretzheim.de\/?p=9096\">RWK 2026 &#8211; LG4 &#8211; Runde 2<\/a><\/h2>\n\n\t\t\t\t<div class=\"su-post-meta\">\n\t\t\t\t\tVer\u00f6ffentlicht: 31. Oktober 2025\t\t\t\t<\/div>\n\n\t\t\t\t<div class=\"su-post-excerpt\">\n\t\t\t\t\t<p>Der schwere Weg nach oben&#8230; Ein Heimkampf war angesagt und unsere aufstrebenden Sch\u00fctzen aus der LG4 durften das 3. Team aus Medlingen Willkommen hei\u00dfen. Vertreten durch Wiedemann Renate (327 Ringe), Wiedemann Armin (347 Ringe), Mayr Michael (345 Ringe) und B\u00e4chle Saphira mit bemerkenswerten 367 Ringen legten die G\u00e4ste ein ordentliches Brett von 1386 Ringen hin&#8230;.<\/p>\n\t\t\t\t<\/div>\n\n\t\t\t\t\t\t\t\t\t<a href=\"https:\/\/www.eintracht-schretzheim.de\/?p=9096#respond\" class=\"su-post-comments-link\">0 Kommentare<\/a>\n\t\t\t\t\n\t\t\t<\/div>\n\n\t\t\t\t\t\n\t\t\t\n\t\t\t<div id=\"su-post-9124\" class=\"su-post \">\n\n\t\t\t\t\n\t\t\t\t<h2 class=\"su-post-title\"><a href=\"https:\/\/www.eintracht-schretzheim.de\/?p=9124\">RWK 2026 &#8211; LG4 &#8211; Runde 3<\/a><\/h2>\n\n\t\t\t\t<div class=\"su-post-meta\">\n\t\t\t\t\tVer\u00f6ffentlicht: 8. November 2025\t\t\t\t<\/div>\n\n\t\t\t\t<div class=\"su-post-excerpt\">\n\t\t\t\t\t<p>Wieder eine neue Erfahrung Bereits die Halbzeit erreicht, durften unsere jungen motivierten Gewehrsch\u00fctzen nach Demmingen reisen. Dort galt es auf &#8222;altmodische&#8220; Seilzuganlagen zu schie\u00dfen, womit bis auf Johanna Hufnagel keiner Ber\u00fchrungspunkte bisher hatte. Sie konnte sich selbst an diesem Abend zwar nicht gl\u00fccklich stimmen, lieferte jedoch 320 Ringe ab. Michael-Valentino G\u00f6tz (266 Ringe) konnte sich&#8230;<\/p>\n\t\t\t\t<\/div>\n\n\t\t\t\t\t\t\t\t\t<a href=\"https:\/\/www.eintracht-schretzheim.de\/?p=9124#respond\" class=\"su-post-comments-link\">0 Kommentare<\/a>\n\t\t\t\t\n\t\t\t<\/div>\n\n\t\t\t\t\t\n\t\t\t\n\t\t\t<div id=\"su-post-9209\" class=\"su-post \">\n\n\t\t\t\t\n\t\t\t\t<h2 class=\"su-post-title\"><a href=\"https:\/\/www.eintracht-schretzheim.de\/?p=9209\">RWK 2026 &#8211; LG4 &#8211; Runde 4<\/a><\/h2>\n\n\t\t\t\t<div class=\"su-post-meta\">\n\t\t\t\t\tVer\u00f6ffentlicht: 29. November 2025\t\t\t\t<\/div>\n\n\t\t\t\t<div class=\"su-post-excerpt\">\n\t\t\t\t\t<p>Weitere Leistungen sorgen f\u00fcr Begeisterung! Im Heimkampf gegen Oberstotzingen waren zwar auch noch kein Sieg in Sichtweite, allerdings erreichten Alyssa G\u00f6tz (347 Ringe) und Michael G\u00f6tz (324 Ringe) hervorragende Ergebnisse. Wenn die beiden weiterhin Gefallen am Schie\u00dfen finden, d\u00fcrfen sich unsere Gro\u00dfen bestimmt \u00fcber zuk\u00fcnftige Unterst\u00fctzung freuen. Auch Johanna Hufnagel, die anf\u00e4nglich etwas Probleme hatte,&#8230;<\/p>\n\t\t\t\t<\/div>\n\n\t\t\t\t\t\t\t\t\t<a href=\"https:\/\/www.eintracht-schretzheim.de\/?p=9209#respond\" class=\"su-post-comments-link\">0 Kommentare<\/a>\n\t\t\t\t\n\t\t\t<\/div>\n\n\t\t\t\t\t\n\t\t\t\n\t\t\t<div id=\"su-post-9368\" class=\"su-post \">\n\n\t\t\t\t\n\t\t\t\t<h2 class=\"su-post-title\"><a href=\"https:\/\/www.eintracht-schretzheim.de\/?p=9368\">RWK 2026 &#8211; LG4 &#8211; Runde 5<\/a><\/h2>\n\n\t\t\t\t<div class=\"su-post-meta\">\n\t\t\t\t\tVer\u00f6ffentlicht: 15. Januar 2026\t\t\t\t<\/div>\n\n\t\t\t\t<div class=\"su-post-excerpt\">\n\t\t\t\t\t<p>Einen Ausflug muss man sich auch mal g\u00f6nnen k\u00f6nnen Im Ausw\u00e4rtskampf gegen Medlingens Dritte war leider f\u00fcr unser junges Team auch nichts zu holen. Alyssa G\u00f6tz lieferte zwar mit 344 Ringen wieder ein tolles Ergebnis ab und Johanna Hufnagel (317 Ringe), Frieda B\u00e4sche (297 Ringe) und Michael G\u00f6tz (298 Ringe) waren auch mit ordentlichen Ergebnissen&#8230;<\/p>\n\t\t\t\t<\/div>\n\n\t\t\t\t\t\t\t\t\t<a href=\"https:\/\/www.eintracht-schretzheim.de\/?p=9368#respond\" class=\"su-post-comments-link\">0 Kommentare<\/a>\n\t\t\t\t\n\t\t\t<\/div>\n\n\t\t\t\t\t\n\t\t\t\n\t\t\t<div id=\"su-post-9370\" class=\"su-post \">\n\n\t\t\t\t\n\t\t\t\t<h2 class=\"su-post-title\"><a href=\"https:\/\/www.eintracht-schretzheim.de\/?p=9370\">RWK 2026 &#8211; LG4 &#8211; Runde 6<\/a><\/h2>\n\n\t\t\t\t<div class=\"su-post-meta\">\n\t\t\t\t\tVer\u00f6ffentlicht: 15. Januar 2026\t\t\t\t<\/div>\n\n\t\t\t\t<div class=\"su-post-excerpt\">\n\t\t\t\t\t<p>Ein gro\u00dfes Aufleuchten Zum Abschluss der Saison wurden unsere jungen Talente noch von der Mannschaft aus Demmingen besucht. Aubele Harald legte 313 Ringe vor, w\u00e4hrend Aubele Daniel fette 346 Ringe in die Wertung f\u00fcr die G\u00e4ste brachte. Erg\u00e4nzt durch das starke Ergebnis von Stehle Manuel (343 Ringe) und die 322 Ringe von Ro\u00dfmann Fiona erreichte&#8230;<\/p>\n\t\t\t\t<\/div>\n\n\t\t\t\t\t\t\t\t\t<a href=\"https:\/\/www.eintracht-schretzheim.de\/?p=9370#respond\" class=\"su-post-comments-link\">0 Kommentare<\/a>\n\t\t\t\t\n\t\t\t<\/div>\n\n\t\t\n\t\n<\/div>\n\n<p>Zu der Tabelle gelangen Sie \u00fcber folgenden Link: <a href=\"https:\/\/www.rwk-onlinemelder.de\/online\/listen\/705?sel_group_id=74&amp;sel_discipline_id=7&amp;sel_class_id=68&amp;showCombined=0\">RWK-Onlinemelder &#8211; Sch\u00fctzengau Donau-Brenz-Egau &#8211; Ergebnisse und Tabellen<\/a><\/p>\n","protected":false},"excerpt":{"rendered":"<p>Zu der Tabelle gelangen Sie \u00fcber folgenden Link: RWK-Onlinemelder &#8211; Sch\u00fctzengau Donau-Brenz-Egau &#8211; Ergebnisse und Tabellen<\/p>\n","protected":false},"author":11,"featured_media":0,"parent":0,"menu_order":0,"comment_status":"closed","ping_status":"closed","template":"","meta":{"footnotes":""},"class_list":["post-9006","page","type-page","status-publish","hentry"],"_links":{"self":[{"href":"https:\/\/www.eintracht-schretzheim.de\/index.php?rest_route=\/wp\/v2\/pages\/9006","targetHints":{"allow":["GET"]}}],"collection":[{"href":"https:\/\/www.eintracht-schretzheim.de\/index.php?rest_route=\/wp\/v2\/pages"}],"about":[{"href":"https:\/\/www.eintracht-schretzheim.de\/index.php?rest_route=\/wp\/v2\/types\/page"}],"author":[{"embeddable":true,"href":"https:\/\/www.eintracht-schretzheim.de\/index.php?rest_route=\/wp\/v2\/users\/11"}],"replies":[{"embeddable":true,"href":"https:\/\/www.eintracht-schretzheim.de\/index.php?rest_route=%2Fwp%2Fv2%2Fcomments&post=9006"}],"version-history":[{"count":10,"href":"https:\/\/www.eintracht-schretzheim.de\/index.php?rest_route=\/wp\/v2\/pages\/9006\/revisions"}],"predecessor-version":[{"id":9372,"href":"https:\/\/www.eintracht-schretzheim.de\/index.php?rest_route=\/wp\/v2\/pages\/9006\/revisions\/9372"}],"wp:attachment":[{"href":"https:\/\/www.eintracht-schretzheim.de\/index.php?rest_route=%2Fwp%2Fv2%2Fmedia&parent=9006"}],"curies":[{"name":"wp","href":"https:\/\/api.w.org\/{rel}","templated":true}]}}