{"id":8998,"date":"2025-10-13T16:12:41","date_gmt":"2025-10-13T14:12:41","guid":{"rendered":"https:\/\/www.eintracht-schretzheim.de\/?page_id=8998"},"modified":"2026-02-18T10:45:57","modified_gmt":"2026-02-18T09:45:57","slug":"auflage-lg2-2026","status":"publish","type":"page","link":"https:\/\/www.eintracht-schretzheim.de\/?page_id=8998","title":{"rendered":"Auflage LG2 (2026)"},"content":{"rendered":"\n\n<div class=\"su-posts su-posts-default-loop \">\n\n\t\n\t\t\t\t\t\n\t\t\t\n\t\t\t<div id=\"su-post-9067\" class=\"su-post \">\n\n\t\t\t\t\n\t\t\t\t<h2 class=\"su-post-title\"><a href=\"https:\/\/www.eintracht-schretzheim.de\/?p=9067\">RWK 2026 &#8211; Auflage LG2 &#8211; Runde 1<\/a><\/h2>\n\n\t\t\t\t<div class=\"su-post-meta\">\n\t\t\t\t\tVer\u00f6ffentlicht: 20. Oktober 2025\t\t\t\t<\/div>\n\n\t\t\t\t<div class=\"su-post-excerpt\">\n\t\t\t\t\t<p>Spontaner Einsatz Ohne ihren Mannschaftsf\u00fchrer Lothar Massing, der krankheitsbedingt ausfiel, musste unser 2. Auflage Team nach Unterth\u00fcrheim reisen um ihren 1. Wettkampf zu absolvieren. Mit Anneliese B\u00e4sche fand sich dennoch ein ausgezeichneter Ersatz, welche jedoch so \u00fcberrascht von ihrem Einsatz war, dass sie die Fahrt nach Unterth\u00fcrheim ziemlich sprachlos verbrachte. Um die Nervosit\u00e4t zu \u00fcberdecken&#8230;<\/p>\n\t\t\t\t<\/div>\n\n\t\t\t\t\t\t\t\t\t<a href=\"https:\/\/www.eintracht-schretzheim.de\/?p=9067#respond\" class=\"su-post-comments-link\">0 Kommentare<\/a>\n\t\t\t\t\n\t\t\t<\/div>\n\n\t\t\t\t\t\n\t\t\t\n\t\t\t<div id=\"su-post-9114\" class=\"su-post \">\n\n\t\t\t\t\n\t\t\t\t<h2 class=\"su-post-title\"><a href=\"https:\/\/www.eintracht-schretzheim.de\/?p=9114\">RWK 2026 &#8211; Auflage LG2 &#8211; Runde 2<\/a><\/h2>\n\n\t\t\t\t<div class=\"su-post-meta\">\n\t\t\t\t\tVer\u00f6ffentlicht: 5. November 2025\t\t\t\t<\/div>\n\n\t\t\t\t<div class=\"su-post-excerpt\">\n\t\t\t\t\t<p>Es fehlt an Fahrt Gleich nach dem spannenden Wettkampf der 1. Auflage Mannschaft durfte unser Team der 2. Garde an die Schie\u00dfst\u00e4nde treten. Ihr Gegner war aus Lutzingen angereist und auch sie fanden sich auf unserer Anlage bestens zurecht. So knallten Oberfrank Siegfried (316,3 Ringe) und Kapp Richard (314,6 Ringe) unseren Sch\u00fctzen gleich mal ein&#8230;<\/p>\n\t\t\t\t<\/div>\n\n\t\t\t\t\t\t\t\t\t<a href=\"https:\/\/www.eintracht-schretzheim.de\/?p=9114#respond\" class=\"su-post-comments-link\">0 Kommentare<\/a>\n\t\t\t\t\n\t\t\t<\/div>\n\n\t\t\t\t\t\n\t\t\t\n\t\t\t<div id=\"su-post-9168\" class=\"su-post \">\n\n\t\t\t\t\n\t\t\t\t<h2 class=\"su-post-title\"><a href=\"https:\/\/www.eintracht-schretzheim.de\/?p=9168\">RWK 2026 &#8211; Auflage LG2 &#8211; Runde 3<\/a><\/h2>\n\n\t\t\t\t<div class=\"su-post-meta\">\n\t\t\t\t\tVer\u00f6ffentlicht: 17. November 2025\t\t\t\t<\/div>\n\n\t\t\t\t<div class=\"su-post-excerpt\">\n\t\t\t\t\t<p>Saison-Bestleistung wird nicht belohnt Schade. Da ist bei unserer 2. Auflage Mannschaft endlich der Knoten geplatzt und trotzdem hat es nicht gereicht. Die G\u00e4ste aus Holzheim hatten einen Sahne-Tag erwischt und schossen mit 942,1 Ringen ein erstklassiges Ergebnis, womit sie unsere Jungs &#8211; trotz sehr guten 934,6 Ringen &#8211; dann doch in die Knie zwangen&#8230;.<\/p>\n\t\t\t\t<\/div>\n\n\t\t\t\t\t\t\t\t\t<a href=\"https:\/\/www.eintracht-schretzheim.de\/?p=9168#respond\" class=\"su-post-comments-link\">0 Kommentare<\/a>\n\t\t\t\t\n\t\t\t<\/div>\n\n\t\t\t\t\t\n\t\t\t\n\t\t\t<div id=\"su-post-9230\" class=\"su-post \">\n\n\t\t\t\t\n\t\t\t\t<h2 class=\"su-post-title\"><a href=\"https:\/\/www.eintracht-schretzheim.de\/?p=9230\">RWK 2026 &#8211; Auflage LG2 &#8211; Runde 4<\/a><\/h2>\n\n\t\t\t\t<div class=\"su-post-meta\">\n\t\t\t\t\tVer\u00f6ffentlicht: 4. Dezember 2025\t\t\t\t<\/div>\n\n\t\t\t\t<div class=\"su-post-excerpt\">\n\t\t\t\t\t<p>&#8222;Unverhofft kommt manchmal oft&#8220; Ausw\u00e4rts in Deisenhofen machten es unsere Sch\u00fctzen mal wieder richtig spannend. Lothar Massing arbeitete schwer, fand aber leider die Scheibenmitte nicht und musste mit 301,5 Ringen schon den Stand verlassen. Heinz Ebert brachte 310,8 Ringe in die Wertung, was auch ihn nicht wirklich zufriedenstellte. Und dann kam noch Reinhard B\u00e4sche (312,1\u00a0&#8230;<\/p>\n\t\t\t\t<\/div>\n\n\t\t\t\t\t\t\t\t\t<a href=\"https:\/\/www.eintracht-schretzheim.de\/?p=9230#respond\" class=\"su-post-comments-link\">0 Kommentare<\/a>\n\t\t\t\t\n\t\t\t<\/div>\n\n\t\t\t\t\t\n\t\t\t\n\t\t\t<div id=\"su-post-9381\" class=\"su-post \">\n\n\t\t\t\t\n\t\t\t\t<h2 class=\"su-post-title\"><a href=\"https:\/\/www.eintracht-schretzheim.de\/?p=9381\">RWK 2026 &#8211; Auflage LG2 -Runde 5<\/a><\/h2>\n\n\t\t\t\t<div class=\"su-post-meta\">\n\t\t\t\t\tVer\u00f6ffentlicht: 18. Januar 2026\t\t\t\t<\/div>\n\n\t\t\t\t<div class=\"su-post-excerpt\">\n\t\t\t\t\t<p>Enges Ding Kurz vor der Weihnachtspause reisten unsere Herren nach Steinheim und machten es dort ziemlich spannend. Zwar waren die einzelnen Leistungen nicht ganz so \u00fcberzeugend, aber es ist ja &#8222;nur&#8220; der Gegner zu schlagen und nicht mehr. Lothar Massing ging mit 302,6 Ringen vom Stand, w\u00e4hrend Heinz Ebert seinen Wettkampf bei 308,6 Ringen beendete&#8230;.<\/p>\n\t\t\t\t<\/div>\n\n\t\t\t\t\t\t\t\t\t<a href=\"https:\/\/www.eintracht-schretzheim.de\/?p=9381#respond\" class=\"su-post-comments-link\">0 Kommentare<\/a>\n\t\t\t\t\n\t\t\t<\/div>\n\n\t\t\t\t\t\n\t\t\t\n\t\t\t<div id=\"su-post-9383\" class=\"su-post \">\n\n\t\t\t\t\n\t\t\t\t<h2 class=\"su-post-title\"><a href=\"https:\/\/www.eintracht-schretzheim.de\/?p=9383\">RWK 2026 &#8211; Auflage LG2 &#8211; Runde 6<\/a><\/h2>\n\n\t\t\t\t<div class=\"su-post-meta\">\n\t\t\t\t\tVer\u00f6ffentlicht: 18. Januar 2026\t\t\t\t<\/div>\n\n\t\t\t\t<div class=\"su-post-excerpt\">\n\t\t\t\t\t<p>Runden-Bestleistung schl\u00e4gt ein! Da unsere jung gebliebenen Herren sich f\u00fcr die R\u00fcckrunde einiges vorgenommen hatten, waren sie voller Vorfreude, von der gro\u00dfen Gruppe aus Unterth\u00fcrheim besucht zu werden. Bei ihnen schossen Mack Irmgard (301,0 Ringe) und Beutmiller Franz (300,1 Ringe) au\u00dfer Konkurrenz mit, um die Stammsch\u00fctzen zu motivieren. Dies zeigte dann auch Wirkung, denn Beutmiller&#8230;<\/p>\n\t\t\t\t<\/div>\n\n\t\t\t\t\t\t\t\t\t<a href=\"https:\/\/www.eintracht-schretzheim.de\/?p=9383#respond\" class=\"su-post-comments-link\">0 Kommentare<\/a>\n\t\t\t\t\n\t\t\t<\/div>\n\n\t\t\t\t\t\n\t\t\t\n\t\t\t<div id=\"su-post-9449\" class=\"su-post \">\n\n\t\t\t\t\n\t\t\t\t<h2 class=\"su-post-title\"><a href=\"https:\/\/www.eintracht-schretzheim.de\/?p=9449\">RWK 2026 &#8211; Auflage LG2 &#8211; Runde 7<\/a><\/h2>\n\n\t\t\t\t<div class=\"su-post-meta\">\n\t\t\t\t\tVer\u00f6ffentlicht: 13. Februar 2026\t\t\t\t<\/div>\n\n\t\t\t\t<div class=\"su-post-excerpt\">\n\t\t\t\t\t<p>Ungl\u00fccksraben In Lutzingen schmetterten unsere Drei richtig einen aufs Parkett. So fegte Lothar Massing erneut mit tollen 306,4 Ringen um sich. Reinhard B\u00e4sche ging mit hervorragenden 315,6 Ringen vom Stand und Ebert Heinz konnte noch ordentliche 310,6 Ringe zum starken Mannschaftsergebnis (932,6 Ringe) beitragen. Somit konnte unser Trio nahezu an die vorhergegangene Runde ankn\u00fcpfen. Doch&#8230;<\/p>\n\t\t\t\t<\/div>\n\n\t\t\t\t\t\t\t\t\t<a href=\"https:\/\/www.eintracht-schretzheim.de\/?p=9449#respond\" class=\"su-post-comments-link\">0 Kommentare<\/a>\n\t\t\t\t\n\t\t\t<\/div>\n\n\t\t\t\t\t\n\t\t\t\n\t\t\t<div id=\"su-post-9447\" class=\"su-post \">\n\n\t\t\t\t\n\t\t\t\t<h2 class=\"su-post-title\"><a href=\"https:\/\/www.eintracht-schretzheim.de\/?p=9447\">RWK 2026 &#8211; Auflage LG2 &#8211; Runde 8<\/a><\/h2>\n\n\t\t\t\t<div class=\"su-post-meta\">\n\t\t\t\t\tVer\u00f6ffentlicht: 14. Februar 2026\t\t\t\t<\/div>\n\n\t\t\t\t<div class=\"su-post-excerpt\">\n\t\t\t\t\t<p>Abgelehnte Geschenke Diesmal stand f\u00fcr unser Trio eine kleine Reise nach Holzheim an. F\u00fcr die gastgebende Mannschaft ging neben Weiteren Weber Johann an den Stand, der mit 311,2 Ringen die beste Einzelleistung auf Seiten der Holzheimer in die Wertung brachte. Er wurde unterst\u00fctzt von Rohnke Mario mit 302,3 Ringen und Gehring Peter, der 308,3 Ringe&#8230;<\/p>\n\t\t\t\t<\/div>\n\n\t\t\t\t\t\t\t\t\t<a href=\"https:\/\/www.eintracht-schretzheim.de\/?p=9447#respond\" class=\"su-post-comments-link\">0 Kommentare<\/a>\n\t\t\t\t\n\t\t\t<\/div>\n\n\t\t\t\t\t\n\t\t\t\n\t\t\t<div id=\"su-post-9466\" class=\"su-post \">\n\n\t\t\t\t\n\t\t\t\t<h2 class=\"su-post-title\"><a href=\"https:\/\/www.eintracht-schretzheim.de\/?p=9466\">RWK 2026 &#8211; AuflageLG2 &#8211; Runde 9<\/a><\/h2>\n\n\t\t\t\t<div class=\"su-post-meta\">\n\t\t\t\t\tVer\u00f6ffentlicht: 18. Februar 2026\t\t\t\t<\/div>\n\n\t\t\t\t<div class=\"su-post-excerpt\">\n\t\t\t\t\t<p>Letzte Versuche Als das Trio aus Deisenhofen uns besuchen kam, drehten unsere Herren nochmals auf. Denn wenn man mittlerweile &#8211; was den Abstieg in die A-Klasse angeht &#8211; mit dem R\u00fccken zur Wand steht, ist Aufgeben dennoch keine Option. Um dieses Vorhaben zu stemmen, z\u00fcndete Reinhard B\u00e4sche meisterliche 318,2 Ringe in die Wertung. Damit konnte&#8230;<\/p>\n\t\t\t\t<\/div>\n\n\t\t\t\t\t\t\t\t\t<a href=\"https:\/\/www.eintracht-schretzheim.de\/?p=9466#respond\" class=\"su-post-comments-link\">0 Kommentare<\/a>\n\t\t\t\t\n\t\t\t<\/div>\n\n\t\t\n\t\n<\/div>\n\n<p>Zu der Tabelle gelangen Sie \u00fcber folgenden Link: <a href=\"https:\/\/www.rwk-onlinemelder.de\/online\/listen\/705?sel_group_id=75&amp;sel_discipline_id=14&amp;sel_class_id=82&amp;showCombined=0\">RWK-Onlinemelder &#8211; Sch\u00fctzengau Donau-Brenz-Egau &#8211; Ergebnisse und Tabellen<\/a><\/p>\n","protected":false},"excerpt":{"rendered":"<p>Zu der Tabelle gelangen Sie \u00fcber folgenden Link: RWK-Onlinemelder &#8211; Sch\u00fctzengau Donau-Brenz-Egau &#8211; Ergebnisse und Tabellen<\/p>\n","protected":false},"author":11,"featured_media":0,"parent":0,"menu_order":0,"comment_status":"closed","ping_status":"closed","template":"","meta":{"footnotes":""},"class_list":["post-8998","page","type-page","status-publish","hentry"],"_links":{"self":[{"href":"https:\/\/www.eintracht-schretzheim.de\/index.php?rest_route=\/wp\/v2\/pages\/8998","targetHints":{"allow":["GET"]}}],"collection":[{"href":"https:\/\/www.eintracht-schretzheim.de\/index.php?rest_route=\/wp\/v2\/pages"}],"about":[{"href":"https:\/\/www.eintracht-schretzheim.de\/index.php?rest_route=\/wp\/v2\/types\/page"}],"author":[{"embeddable":true,"href":"https:\/\/www.eintracht-schretzheim.de\/index.php?rest_route=\/wp\/v2\/users\/11"}],"replies":[{"embeddable":true,"href":"https:\/\/www.eintracht-schretzheim.de\/index.php?rest_route=%2Fwp%2Fv2%2Fcomments&post=8998"}],"version-history":[{"count":9,"href":"https:\/\/www.eintracht-schretzheim.de\/index.php?rest_route=\/wp\/v2\/pages\/8998\/revisions"}],"predecessor-version":[{"id":9468,"href":"https:\/\/www.eintracht-schretzheim.de\/index.php?rest_route=\/wp\/v2\/pages\/8998\/revisions\/9468"}],"wp:attachment":[{"href":"https:\/\/www.eintracht-schretzheim.de\/index.php?rest_route=%2Fwp%2Fv2%2Fmedia&parent=8998"}],"curies":[{"name":"wp","href":"https:\/\/api.w.org\/{rel}","templated":true}]}}