{"id":8996,"date":"2025-10-13T16:12:25","date_gmt":"2025-10-13T14:12:25","guid":{"rendered":"https:\/\/www.eintracht-schretzheim.de\/?page_id=8996"},"modified":"2026-03-17T16:30:52","modified_gmt":"2026-03-17T15:30:52","slug":"auflage-lg1-2026","status":"publish","type":"page","link":"https:\/\/www.eintracht-schretzheim.de\/?page_id=8996","title":{"rendered":"Auflage LG1 (2026)"},"content":{"rendered":"\n\n<div class=\"su-posts su-posts-default-loop \">\n\n\t\n\t\t\t\t\t\n\t\t\t\n\t\t\t<div id=\"su-post-9057\" class=\"su-post \">\n\n\t\t\t\t\n\t\t\t\t<h2 class=\"su-post-title\"><a href=\"https:\/\/www.eintracht-schretzheim.de\/?p=9057\">RWK 2026 &#8211; Auflage LG1 &#8211; Runde 1<\/a><\/h2>\n\n\t\t\t\t<div class=\"su-post-meta\">\n\t\t\t\t\tVer\u00f6ffentlicht: 18. Oktober 2025\t\t\t\t<\/div>\n\n\t\t\t\t<div class=\"su-post-excerpt\">\n\t\t\t\t\t<p>Nah dran &#8230; Zum Auftakt der neuen Bezirksoberliga-Saison der Auflage Sch\u00fctzen durfte man gleich mal den vermeintlich st\u00e4rksten Gegner, die SG Wittislingen 1, in Schretzheim begr\u00fc\u00dfen. Da die Vorbereitung f\u00fcr die Schretzheimer sehr gut verlief , machte man sich doch die Hoffnung , dem Favoriten Parole bieten zu k\u00f6nnen. Doch wie es eben oftmals l\u00e4uft,&#8230;<\/p>\n\t\t\t\t<\/div>\n\n\t\t\t\t\t\t\t\t\t<a href=\"https:\/\/www.eintracht-schretzheim.de\/?p=9057#respond\" class=\"su-post-comments-link\">0 Kommentare<\/a>\n\t\t\t\t\n\t\t\t<\/div>\n\n\t\t\t\t\t\n\t\t\t\n\t\t\t<div id=\"su-post-9111\" class=\"su-post \">\n\n\t\t\t\t\n\t\t\t\t<h2 class=\"su-post-title\"><a href=\"https:\/\/www.eintracht-schretzheim.de\/?p=9111\">RWK 2026 &#8211; Auflage LG1 &#8211; Runde 2<\/a><\/h2>\n\n\t\t\t\t<div class=\"su-post-meta\">\n\t\t\t\t\tVer\u00f6ffentlicht: 2. November 2025\t\t\t\t<\/div>\n\n\t\t\t\t<div class=\"su-post-excerpt\">\n\t\t\t\t\t<p>Spannung bis zum letzten Schuss In der 2. Runde wurden diesmal die Offinger Auflage Sch\u00fctzen als G\u00e4ste in Schretzheim begr\u00fc\u00dft und wie schon im Jahr zuvor, fanden sich die G\u00e4ste an unseren St\u00e4nden sehr gut zurecht, sodass sie nach dem Wettkampf voll des Lobes \u00fcber unsere Anlage waren. Unter den Zuschauern durfte auch das Auflage&#8230;<\/p>\n\t\t\t\t<\/div>\n\n\t\t\t\t\t\t\t\t\t<a href=\"https:\/\/www.eintracht-schretzheim.de\/?p=9111#respond\" class=\"su-post-comments-link\">0 Kommentare<\/a>\n\t\t\t\t\n\t\t\t<\/div>\n\n\t\t\t\t\t\n\t\t\t\n\t\t\t<div id=\"su-post-9131\" class=\"su-post \">\n\n\t\t\t\t\n\t\t\t\t<h2 class=\"su-post-title\"><a href=\"https:\/\/www.eintracht-schretzheim.de\/?p=9131\">RWK 2026 &#8211; Auflage LG1 &#8211; Runde 3<\/a><\/h2>\n\n\t\t\t\t<div class=\"su-post-meta\">\n\t\t\t\t\tVer\u00f6ffentlicht: 10. November 2025\t\t\t\t<\/div>\n\n\t\t\t\t<div class=\"su-post-excerpt\">\n\t\t\t\t\t<p>Unsere Maestros auf Reisen In der dritten Runde durften unsere Trio in Stadtbergen antreten. Dort zeigte Walter Brandmeier, dass er auch auf fremden Anlagen gut zurecht kommt und legte mit seinen 316,8 Ringen den Grundstein f\u00fcr eine tolle Mannschaftsleistung. Allerdings fiel es Raimund Weichenmeier und Georg Weger diesmal schwer, an die gute Vorlage anzukn\u00fcpfen und&#8230;<\/p>\n\t\t\t\t<\/div>\n\n\t\t\t\t\t\t\t\t\t<a href=\"https:\/\/www.eintracht-schretzheim.de\/?p=9131#respond\" class=\"su-post-comments-link\">0 Kommentare<\/a>\n\t\t\t\t\n\t\t\t<\/div>\n\n\t\t\t\t\t\n\t\t\t\n\t\t\t<div id=\"su-post-9196\" class=\"su-post \">\n\n\t\t\t\t\n\t\t\t\t<h2 class=\"su-post-title\"><a href=\"https:\/\/www.eintracht-schretzheim.de\/?p=9196\">RWK 2026 &#8211; Auflage LG1 &#8211; Runde 4<\/a><\/h2>\n\n\t\t\t\t<div class=\"su-post-meta\">\n\t\t\t\t\tVer\u00f6ffentlicht: 27. November 2025\t\t\t\t<\/div>\n\n\t\t\t\t<div class=\"su-post-excerpt\">\n\t\t\t\t\t<p>Ein glanzvoller Auftritt Eindrucksvoll meldete sich das 1. LG-Auflage Team nach zuletzt nicht ganz so starken Auftritten zur\u00fcck und zeigte gegen Ottmarshausen eine starke Leistung. So war es wieder mal Walter Brandmeier vorbehalten, der beste Sch\u00fctze dieses Abends zu sein. Mit fetten 317,3 Ringen bewies er erneut, dass er zu den besten Sch\u00fctzen der Gauoberliga&#8230;<\/p>\n\t\t\t\t<\/div>\n\n\t\t\t\t\t\t\t\t\t<a href=\"https:\/\/www.eintracht-schretzheim.de\/?p=9196#respond\" class=\"su-post-comments-link\">0 Kommentare<\/a>\n\t\t\t\t\n\t\t\t<\/div>\n\n\t\t\t\t\t\n\t\t\t\n\t\t\t<div id=\"su-post-9252\" class=\"su-post \">\n\n\t\t\t\t\n\t\t\t\t<h2 class=\"su-post-title\"><a href=\"https:\/\/www.eintracht-schretzheim.de\/?p=9252\">RWK 2026 &#8211; Auflage LG1 &#8211; Runde 5<\/a><\/h2>\n\n\t\t\t\t<div class=\"su-post-meta\">\n\t\t\t\t\tVer\u00f6ffentlicht: 10. Dezember 2025\t\t\t\t<\/div>\n\n\t\t\t\t<div class=\"su-post-excerpt\">\n\t\t\t\t\t<p>Ab in die Rettungsboote! Vom Staufener Tsunami \u00fcberrollt wurden im letzten Vorrunden Wettkampf unsere Auflage Sch\u00fctzen der 1. Mannschaft. Man rechnete zwar schon damit, dass der Gegner in Schretzheim gute Leistungen schie\u00dfen kann, aber von dieser Leistungsexplosion seitens der Staufener waren unsere Jungs dann doch \u00fcberrascht. Auf der Spitze der Flutwelle befand sich an diesem&#8230;<\/p>\n\t\t\t\t<\/div>\n\n\t\t\t\t\t\t\t\t\t<a href=\"https:\/\/www.eintracht-schretzheim.de\/?p=9252#respond\" class=\"su-post-comments-link\">0 Kommentare<\/a>\n\t\t\t\t\n\t\t\t<\/div>\n\n\t\t\t\t\t\n\t\t\t\n\t\t\t<div id=\"su-post-9388\" class=\"su-post \">\n\n\t\t\t\t\n\t\t\t\t<h2 class=\"su-post-title\"><a href=\"https:\/\/www.eintracht-schretzheim.de\/?p=9388\">RWK 2026 &#8211; Auflage LG1 &#8211; Runde 6<\/a><\/h2>\n\n\t\t\t\t<div class=\"su-post-meta\">\n\t\t\t\t\tVer\u00f6ffentlicht: 22. Januar 2026\t\t\t\t<\/div>\n\n\t\t\t\t<div class=\"su-post-excerpt\">\n\t\t\t\t\t<p>Klare Grenzen F\u00fcr unser h\u00f6herklassiges Trio war der R\u00fcckkampf in Wittislingen angesagt. Da man dort in letzter Zeit keine ordentlichen Ergebnisse zustande brachte, rechnete man sich f\u00fcr dieses Mal noch weniger Hoffnungen aus. Und so war es dann auch. Bei allen drei Sch\u00fctzen lief es &#8222;nicht-zufriedenstellend&#8220;. Georg Weger mit 312,3 Ringen noch der St\u00e4rkste, darauffolgend&#8230;<\/p>\n\t\t\t\t<\/div>\n\n\t\t\t\t\t\t\t\t\t<a href=\"https:\/\/www.eintracht-schretzheim.de\/?p=9388#respond\" class=\"su-post-comments-link\">0 Kommentare<\/a>\n\t\t\t\t\n\t\t\t<\/div>\n\n\t\t\t\t\t\n\t\t\t\n\t\t\t<div id=\"su-post-9444\" class=\"su-post \">\n\n\t\t\t\t\n\t\t\t\t<h2 class=\"su-post-title\"><a href=\"https:\/\/www.eintracht-schretzheim.de\/?p=9444\">RWK 2026 &#8211; Auflage LG1 &#8211; Runde 7<\/a><\/h2>\n\n\t\t\t\t<div class=\"su-post-meta\">\n\t\t\t\t\tVer\u00f6ffentlicht: 13. Februar 2026\t\t\t\t<\/div>\n\n\t\t\t\t<div class=\"su-post-excerpt\">\n\t\t\t\t\t<p>Der Wurm ist drin Leider nicht zur\u00fcck in die Erfolgsspur findet zur Zeit das 1. Auflage Team in der Bezirksoberliga. In Offingen verlor das Team schon zum dritten Mal in Folge. Diesmal war es mit 940,5 zu 941,3 Ringen ein wahrhaftig knappes Ding. Walter Brandmaier erreichte mit 316,8 Ringen den Tagesbestwert, doch leider war dies&#8230;<\/p>\n\t\t\t\t<\/div>\n\n\t\t\t\t\t\t\t\t\t<a href=\"https:\/\/www.eintracht-schretzheim.de\/?p=9444#respond\" class=\"su-post-comments-link\">0 Kommentare<\/a>\n\t\t\t\t\n\t\t\t<\/div>\n\n\t\t\t\t\t\n\t\t\t\n\t\t\t<div id=\"su-post-9508\" class=\"su-post \">\n\n\t\t\t\t\n\t\t\t\t<h2 class=\"su-post-title\"><a href=\"https:\/\/www.eintracht-schretzheim.de\/?p=9508\">RWK 2026 &#8211; Auflage LG1 &#8211; Runde 8<\/a><\/h2>\n\n\t\t\t\t<div class=\"su-post-meta\">\n\t\t\t\t\tVer\u00f6ffentlicht: 5. M\u00e4rz 2026\t\t\t\t<\/div>\n\n\t\t\t\t<div class=\"su-post-excerpt\">\n\t\t\t\t\t<p>Negative Serie h\u00e4lt weiter an Zu Besuch nach Schretzheim kamen diesmal die Sch\u00fctzen aus Stadtbergen, gegen die unsere Mannschaft wieder punkten wollte. Doch leider waren die G\u00e4ste damit nicht ganz einverstanden und durchkreuzten die Pl\u00e4ne unserer Jungs. Auf Schretzheimer Seite blieb Walter Brandmaier auf gewohnte Weise konstant. Mit guten 316,1 Ringen ging er in die&#8230;<\/p>\n\t\t\t\t<\/div>\n\n\t\t\t\t\t\t\t\t\t<a href=\"https:\/\/www.eintracht-schretzheim.de\/?p=9508#respond\" class=\"su-post-comments-link\">0 Kommentare<\/a>\n\t\t\t\t\n\t\t\t<\/div>\n\n\t\t\t\t\t\n\t\t\t\n\t\t\t<div id=\"su-post-9554\" class=\"su-post \">\n\n\t\t\t\t\n\t\t\t\t<h2 class=\"su-post-title\"><a href=\"https:\/\/www.eintracht-schretzheim.de\/?p=9554\">RWK 2026 &#8211; Auflage LG1 &#8211; Runde 9<\/a><\/h2>\n\n\t\t\t\t<div class=\"su-post-meta\">\n\t\t\t\t\tVer\u00f6ffentlicht: 20. M\u00e4rz 2026\t\t\t\t<\/div>\n\n\t\t\t\t<div class=\"su-post-excerpt\">\n\t\t\t\t\t<p>Immer mal was Neues Zum vorletzten Wettkampf dieser Saison musste unsere in letzter Zeit schwer gebeutelte Mannschaft nach Ottmarshausen reisen und erlebten dort bei ihrer Ankunft erst mal eine \u00dcberraschung. Ihr Gegner &#8211; die Heimmannschaft &#8211; war n\u00e4mlich nicht da. Sie hatten wohl ihren Terminplan durcheinander gebracht und sind nach Wittislingen zum Ausw\u00e4rtswettkampf gereist. Um&#8230;<\/p>\n\t\t\t\t<\/div>\n\n\t\t\t\t\t\t\t\t\t<a href=\"https:\/\/www.eintracht-schretzheim.de\/?p=9554#respond\" class=\"su-post-comments-link\">0 Kommentare<\/a>\n\t\t\t\t\n\t\t\t<\/div>\n\n\t\t\n\t\n<\/div>\n\n<p>Zu der Tabelle gelangen Sie \u00fcber folgenden Link: <a href=\"https:\/\/www.rwk-onlinemelder.de\/online\/listen\/700?sel_group_id=84&amp;sel_discipline_id=15&amp;sel_class_id=88&amp;showCombined=0\">RWK-Onlinemelder &#8211; Sch\u00fctzenbezirk Schwaben &#8211; Ergebnisse und Tabellen<\/a><\/p>\n","protected":false},"excerpt":{"rendered":"<p>Zu der Tabelle gelangen Sie \u00fcber folgenden Link: RWK-Onlinemelder &#8211; Sch\u00fctzenbezirk Schwaben &#8211; Ergebnisse und Tabellen<\/p>\n","protected":false},"author":11,"featured_media":0,"parent":0,"menu_order":0,"comment_status":"closed","ping_status":"closed","template":"","meta":{"footnotes":""},"class_list":["post-8996","page","type-page","status-publish","hentry"],"_links":{"self":[{"href":"https:\/\/www.eintracht-schretzheim.de\/index.php?rest_route=\/wp\/v2\/pages\/8996","targetHints":{"allow":["GET"]}}],"collection":[{"href":"https:\/\/www.eintracht-schretzheim.de\/index.php?rest_route=\/wp\/v2\/pages"}],"about":[{"href":"https:\/\/www.eintracht-schretzheim.de\/index.php?rest_route=\/wp\/v2\/types\/page"}],"author":[{"embeddable":true,"href":"https:\/\/www.eintracht-schretzheim.de\/index.php?rest_route=\/wp\/v2\/users\/11"}],"replies":[{"embeddable":true,"href":"https:\/\/www.eintracht-schretzheim.de\/index.php?rest_route=%2Fwp%2Fv2%2Fcomments&post=8996"}],"version-history":[{"count":10,"href":"https:\/\/www.eintracht-schretzheim.de\/index.php?rest_route=\/wp\/v2\/pages\/8996\/revisions"}],"predecessor-version":[{"id":9556,"href":"https:\/\/www.eintracht-schretzheim.de\/index.php?rest_route=\/wp\/v2\/pages\/8996\/revisions\/9556"}],"wp:attachment":[{"href":"https:\/\/www.eintracht-schretzheim.de\/index.php?rest_route=%2Fwp%2Fv2%2Fmedia&parent=8996"}],"curies":[{"name":"wp","href":"https:\/\/api.w.org\/{rel}","templated":true}]}}