{"id":8929,"date":"2025-10-01T14:40:18","date_gmt":"2025-10-01T12:40:18","guid":{"rendered":"https:\/\/www.eintracht-schretzheim.de\/?page_id=8929"},"modified":"2026-03-18T12:48:56","modified_gmt":"2026-03-18T11:48:56","slug":"rwk-berichte-aller-mannschaften-2026","status":"publish","type":"page","link":"https:\/\/www.eintracht-schretzheim.de\/?page_id=8929","title":{"rendered":"RWK-Berichte von 2026"},"content":{"rendered":"<p>Endlich geht es wieder los! Die Saison 2026 beginnt und Berichte \u00fcber Berichte werden hier, nach Mannschaften sortiert, aufgelistet.<\/p>\n<p>Klicken Sie auf &#8222;Startseite&#8220; in der gr\u00fcn-hinterlegten Men\u00fcleiste, um zur\u00fcck zu gelangen.<\/p>\n\n\n<div class=\"su-posts su-posts-default-loop \">\n\n\t\n\t\t\t\t\t\n\t\t\t\n\t\t\t<div id=\"su-post-8996\" class=\"su-post \">\n\n\t\t\t\t\n\t\t\t\t<h2 class=\"su-post-title\"><a href=\"https:\/\/www.eintracht-schretzheim.de\/?page_id=8996\">Auflage LG1 (2026)<\/a><\/h2>\n\n\t\t\t\t<div class=\"su-post-meta\">\n\t\t\t\t\tVer\u00f6ffentlicht: 13. Oktober 2025\t\t\t\t<\/div>\n\n\t\t\t\t<div class=\"su-post-excerpt\">\n\t\t\t\t\t<p>Zu der Tabelle gelangen Sie \u00fcber folgenden Link: RWK-Onlinemelder &#8211; Sch\u00fctzenbezirk Schwaben &#8211; Ergebnisse und Tabellen<\/p>\n\t\t\t\t<\/div>\n\n\t\t\t\t\n\t\t\t<\/div>\n\n\t\t\t\t\t\n\t\t\t\n\t\t\t<div id=\"su-post-8998\" class=\"su-post \">\n\n\t\t\t\t\n\t\t\t\t<h2 class=\"su-post-title\"><a href=\"https:\/\/www.eintracht-schretzheim.de\/?page_id=8998\">Auflage LG2 (2026)<\/a><\/h2>\n\n\t\t\t\t<div class=\"su-post-meta\">\n\t\t\t\t\tVer\u00f6ffentlicht: 13. Oktober 2025\t\t\t\t<\/div>\n\n\t\t\t\t<div class=\"su-post-excerpt\">\n\t\t\t\t\t<p>Zu der Tabelle gelangen Sie \u00fcber folgenden Link: RWK-Onlinemelder &#8211; Sch\u00fctzengau Donau-Brenz-Egau &#8211; Ergebnisse und Tabellen<\/p>\n\t\t\t\t<\/div>\n\n\t\t\t\t\n\t\t\t<\/div>\n\n\t\t\t\t\t\n\t\t\t\n\t\t\t<div id=\"su-post-9000\" class=\"su-post \">\n\n\t\t\t\t\n\t\t\t\t<h2 class=\"su-post-title\"><a href=\"https:\/\/www.eintracht-schretzheim.de\/?page_id=9000\">Luftgewehr 1 (2026)<\/a><\/h2>\n\n\t\t\t\t<div class=\"su-post-meta\">\n\t\t\t\t\tVer\u00f6ffentlicht: 13. Oktober 2025\t\t\t\t<\/div>\n\n\t\t\t\t<div class=\"su-post-excerpt\">\n\t\t\t\t\t<p>Zu der Tabelle gelangen Sie \u00fcber folgenden Link: RWK-Onlinemelder &#8211; Sch\u00fctzenbezirk Schwaben &#8211; Ergebnisse und Tabellen<\/p>\n\t\t\t\t<\/div>\n\n\t\t\t\t\n\t\t\t<\/div>\n\n\t\t\t\t\t\n\t\t\t\n\t\t\t<div id=\"su-post-9002\" class=\"su-post \">\n\n\t\t\t\t\n\t\t\t\t<h2 class=\"su-post-title\"><a href=\"https:\/\/www.eintracht-schretzheim.de\/?page_id=9002\">Luftgewehr 2 (2026)<\/a><\/h2>\n\n\t\t\t\t<div class=\"su-post-meta\">\n\t\t\t\t\tVer\u00f6ffentlicht: 13. Oktober 2025\t\t\t\t<\/div>\n\n\t\t\t\t<div class=\"su-post-excerpt\">\n\t\t\t\t\t<p>Zu der Tabelle gelangen Sie \u00fcber folgenden Link: RWK-Onlinemelder &#8211; Sch\u00fctzengau Donau-Brenz-Egau &#8211; Ergebnisse und Tabellen<\/p>\n\t\t\t\t<\/div>\n\n\t\t\t\t\n\t\t\t<\/div>\n\n\t\t\t\t\t\n\t\t\t\n\t\t\t<div id=\"su-post-9004\" class=\"su-post \">\n\n\t\t\t\t\n\t\t\t\t<h2 class=\"su-post-title\"><a href=\"https:\/\/www.eintracht-schretzheim.de\/?page_id=9004\">Luftgewehr 3 (2026)<\/a><\/h2>\n\n\t\t\t\t<div class=\"su-post-meta\">\n\t\t\t\t\tVer\u00f6ffentlicht: 13. Oktober 2025\t\t\t\t<\/div>\n\n\t\t\t\t<div class=\"su-post-excerpt\">\n\t\t\t\t\t<p>Zu der Tabelle gelangen Sie \u00fcber folgenden Link: RWK-Onlinemelder &#8211; Sch\u00fctzengau Donau-Brenz-Egau &#8211; Ergebnisse und Tabellen<\/p>\n\t\t\t\t<\/div>\n\n\t\t\t\t\n\t\t\t<\/div>\n\n\t\t\t\t\t\n\t\t\t\n\t\t\t<div id=\"su-post-9006\" class=\"su-post \">\n\n\t\t\t\t\n\t\t\t\t<h2 class=\"su-post-title\"><a href=\"https:\/\/www.eintracht-schretzheim.de\/?page_id=9006\">Luftgewehr 4 (2026)<\/a><\/h2>\n\n\t\t\t\t<div class=\"su-post-meta\">\n\t\t\t\t\tVer\u00f6ffentlicht: 13. Oktober 2025\t\t\t\t<\/div>\n\n\t\t\t\t<div class=\"su-post-excerpt\">\n\t\t\t\t\t<p>Zu der Tabelle gelangen Sie \u00fcber folgenden Link: RWK-Onlinemelder &#8211; Sch\u00fctzengau Donau-Brenz-Egau &#8211; Ergebnisse und Tabellen<\/p>\n\t\t\t\t<\/div>\n\n\t\t\t\t\n\t\t\t<\/div>\n\n\t\t\t\t\t\n\t\t\t\n\t\t\t<div id=\"su-post-9008\" class=\"su-post \">\n\n\t\t\t\t\n\t\t\t\t<h2 class=\"su-post-title\"><a href=\"https:\/\/www.eintracht-schretzheim.de\/?page_id=9008\">Auflage LP (2026)<\/a><\/h2>\n\n\t\t\t\t<div class=\"su-post-meta\">\n\t\t\t\t\tVer\u00f6ffentlicht: 13. Oktober 2025\t\t\t\t<\/div>\n\n\t\t\t\t<div class=\"su-post-excerpt\">\n\t\t\t\t\t<p>Zu der Tabelle gelangen Sie \u00fcber folgenden Link: RWK-Onlinemelder &#8211; Sch\u00fctzengau Donau-Brenz-Egau &#8211; Ergebnisse und Tabellen<\/p>\n\t\t\t\t<\/div>\n\n\t\t\t\t\n\t\t\t<\/div>\n\n\t\t\t\t\t\n\t\t\t\n\t\t\t<div id=\"su-post-9010\" class=\"su-post \">\n\n\t\t\t\t\n\t\t\t\t<h2 class=\"su-post-title\"><a href=\"https:\/\/www.eintracht-schretzheim.de\/?page_id=9010\">Luftpistole 1 (2026)<\/a><\/h2>\n\n\t\t\t\t<div class=\"su-post-meta\">\n\t\t\t\t\tVer\u00f6ffentlicht: 13. Oktober 2025\t\t\t\t<\/div>\n\n\t\t\t\t<div class=\"su-post-excerpt\">\n\t\t\t\t\t<p>Zu der Tabelle gelangen Sie \u00fcber folgenden Link: RWK-Onlinemelder &#8211; Sch\u00fctzenbezirk Schwaben &#8211; Ergebnisse und Tabellen<\/p>\n\t\t\t\t<\/div>\n\n\t\t\t\t\n\t\t\t<\/div>\n\n\t\t\t\t\t\n\t\t\t\n\t\t\t<div id=\"su-post-9012\" class=\"su-post \">\n\n\t\t\t\t\n\t\t\t\t<h2 class=\"su-post-title\"><a href=\"https:\/\/www.eintracht-schretzheim.de\/?page_id=9012\">Luftpistole 2 (2026)<\/a><\/h2>\n\n\t\t\t\t<div class=\"su-post-meta\">\n\t\t\t\t\tVer\u00f6ffentlicht: 13. Oktober 2025\t\t\t\t<\/div>\n\n\t\t\t\t<div class=\"su-post-excerpt\">\n\t\t\t\t\t<p>Zu der Tabelle gelangen Sie \u00fcber folgenden Link: RWK-Onlinemelder &#8211; Sch\u00fctzengau Donau-Brenz-Egau &#8211; Ergebnisse und Tabellen<\/p>\n\t\t\t\t<\/div>\n\n\t\t\t\t\n\t\t\t<\/div>\n\n\t\t\t\t\t\n\t\t\t\n\t\t\t<div id=\"su-post-9014\" class=\"su-post \">\n\n\t\t\t\t\n\t\t\t\t<h2 class=\"su-post-title\"><a href=\"https:\/\/www.eintracht-schretzheim.de\/?page_id=9014\">Luftpistole 3 (2026)<\/a><\/h2>\n\n\t\t\t\t<div class=\"su-post-meta\">\n\t\t\t\t\tVer\u00f6ffentlicht: 13. Oktober 2025\t\t\t\t<\/div>\n\n\t\t\t\t<div class=\"su-post-excerpt\">\n\t\t\t\t\t<p>Zu der Tabelle gelangen Sie \u00fcber folgenden Link: RWK-Onlinemelder &#8211; Sch\u00fctzengau Donau-Brenz-Egau &#8211; Ergebnisse und Tabellen<\/p>\n\t\t\t\t<\/div>\n\n\t\t\t\t\n\t\t\t<\/div>\n\n\t\t\t\t\t\n\t\t\t\n\t\t\t<div id=\"su-post-9016\" class=\"su-post \">\n\n\t\t\t\t\n\t\t\t\t<h2 class=\"su-post-title\"><a href=\"https:\/\/www.eintracht-schretzheim.de\/?page_id=9016\">KK-SpoPi (2026)<\/a><\/h2>\n\n\t\t\t\t<div class=\"su-post-meta\">\n\t\t\t\t\tVer\u00f6ffentlicht: 13. Oktober 2025\t\t\t\t<\/div>\n\n\t\t\t\t<div class=\"su-post-excerpt\">\n\t\t\t\t\t<p>Zu der Tabelle gelangen Sie \u00fcber folgenden Link: RWK-Onlinemelder &#8211; Sch\u00fctzenbezirk Schwaben &#8211; Ergebnisse und Tabellen<\/p>\n\t\t\t\t<\/div>\n\n\t\t\t\t\n\t\t\t<\/div>\n\n\t\t\t\t\t\n\t\t\t\n\t\t\t<div id=\"su-post-9557\" class=\"su-post \">\n\n\t\t\t\t\n\t\t\t\t<h2 class=\"su-post-title\"><a href=\"https:\/\/www.eintracht-schretzheim.de\/?page_id=9557\">GK-SpoPi (2026)<\/a><\/h2>\n\n\t\t\t\t<div class=\"su-post-meta\">\n\t\t\t\t\tVer\u00f6ffentlicht: 18. M\u00e4rz 2026\t\t\t\t<\/div>\n\n\t\t\t\t<div class=\"su-post-excerpt\">\n\t\t\t\t\t<p>Dieses Jahr gibt&#8217;s auch Berichte von den Gro\u00dfkaliber-Sch\u00fctzen! Da wir von der Eintracht zwei Mannschaften vorweisen k\u00f6nnen, die sich aber in der exakt selben Liga befinden, wird es zu jeder Runde jeweils einen Bericht geben, in welchem immer beide Truppen Erw\u00e4hnung finden. Zur Tabelle geht es hier lang: RWK-Onlinemelder &#8211; Sch\u00fctzenbezirk Schwaben &#8211; Ergebnisse und&#8230;<\/p>\n\t\t\t\t<\/div>\n\n\t\t\t\t\n\t\t\t<\/div>\n\n\t\t\t\t\t\n\t\t\t\n\t\t\t<div id=\"su-post-9562\" class=\"su-post \">\n\n\t\t\t\t\n\t\t\t\t<h2 class=\"su-post-title\"><a href=\"https:\/\/www.eintracht-schretzheim.de\/?page_id=9562\">KK-Liegendkampf (2026)<\/a><\/h2>\n\n\t\t\t\t<div class=\"su-post-meta\">\n\t\t\t\t\tVer\u00f6ffentlicht: 18. M\u00e4rz 2026\t\t\t\t<\/div>\n\n\t\t\t\t<div class=\"su-post-excerpt\">\n\t\t\t\t\t<p>Eine Reihe an freundschaftlichen Begegnungen, um bei den Schw\u00e4bischen, Bayerischen und wom\u00f6glich auch Deutschen Meisterschaften auftrumpfen zu k\u00f6nnen.<\/p>\n\t\t\t\t<\/div>\n\n\t\t\t\t\n\t\t\t<\/div>\n\n\t\t\n\t\n<\/div>\n\n","protected":false},"excerpt":{"rendered":"<p>Endlich geht es wieder los! Die Saison 2026 beginnt und Berichte \u00fcber Berichte werden hier, nach Mannschaften sortiert, aufgelistet. Klicken Sie auf &#8222;Startseite&#8220; in der gr\u00fcn-hinterlegten Men\u00fcleiste, um zur\u00fcck zu gelangen.<\/p>\n","protected":false},"author":11,"featured_media":0,"parent":0,"menu_order":0,"comment_status":"closed","ping_status":"closed","template":"","meta":{"footnotes":""},"class_list":["post-8929","page","type-page","status-publish","hentry"],"_links":{"self":[{"href":"https:\/\/www.eintracht-schretzheim.de\/index.php?rest_route=\/wp\/v2\/pages\/8929","targetHints":{"allow":["GET"]}}],"collection":[{"href":"https:\/\/www.eintracht-schretzheim.de\/index.php?rest_route=\/wp\/v2\/pages"}],"about":[{"href":"https:\/\/www.eintracht-schretzheim.de\/index.php?rest_route=\/wp\/v2\/types\/page"}],"author":[{"embeddable":true,"href":"https:\/\/www.eintracht-schretzheim.de\/index.php?rest_route=\/wp\/v2\/users\/11"}],"replies":[{"embeddable":true,"href":"https:\/\/www.eintracht-schretzheim.de\/index.php?rest_route=%2Fwp%2Fv2%2Fcomments&post=8929"}],"version-history":[{"count":15,"href":"https:\/\/www.eintracht-schretzheim.de\/index.php?rest_route=\/wp\/v2\/pages\/8929\/revisions"}],"predecessor-version":[{"id":9565,"href":"https:\/\/www.eintracht-schretzheim.de\/index.php?rest_route=\/wp\/v2\/pages\/8929\/revisions\/9565"}],"wp:attachment":[{"href":"https:\/\/www.eintracht-schretzheim.de\/index.php?rest_route=%2Fwp%2Fv2%2Fmedia&parent=8929"}],"curies":[{"name":"wp","href":"https:\/\/api.w.org\/{rel}","templated":true}]}}