{"id":8720,"date":"2025-01-21T09:56:05","date_gmt":"2025-01-21T08:56:05","guid":{"rendered":"https:\/\/www.eintracht-schretzheim.de\/?page_id=8720"},"modified":"2025-03-05T15:10:12","modified_gmt":"2025-03-05T14:10:12","slug":"auflage-lg1-2025","status":"publish","type":"page","link":"https:\/\/www.eintracht-schretzheim.de\/?page_id=8720","title":{"rendered":"Auflage LG1 (2025)"},"content":{"rendered":"\n\n<div class=\"su-posts su-posts-default-loop \">\n\n\t\n\t\t\t\t\t\n\t\t\t\n\t\t\t<div id=\"su-post-8305\" class=\"su-post \">\n\n\t\t\t\t\n\t\t\t\t<h2 class=\"su-post-title\"><a href=\"https:\/\/www.eintracht-schretzheim.de\/?p=8305\">RWK 2025 &#8211; Auflage LG1 &#8211; Runde 1<\/a><\/h2>\n\n\t\t\t\t<div class=\"su-post-meta\">\n\t\t\t\t\tVer\u00f6ffentlicht: 29. Oktober 2024\t\t\t\t<\/div>\n\n\t\t\t\t<div class=\"su-post-excerpt\">\n\t\t\t\t\t<p>Ein rotes Tuch Bereits zum Auftakt musste unser Dreier-Gespann gegen die starke Mannschaft aus Wittislingen ran. Walter Brandmaier (315,4 Ringe) erwischte hierbei leider keinen Sterntag und so holte Zimmermann Erich mit erstklassigen 318,8 Ringen bereits einen gro\u00dfen Vorsprung f\u00fcr die G\u00e4ste heraus. Mit 312,4 Ringen musste dann Georg Weger den Stand verlassen, sowie kurz darauf&#8230;<\/p>\n\t\t\t\t<\/div>\n\n\t\t\t\t\t\t\t\t\t<a href=\"https:\/\/www.eintracht-schretzheim.de\/?p=8305#respond\" class=\"su-post-comments-link\">0 Kommentare<\/a>\n\t\t\t\t\n\t\t\t<\/div>\n\n\t\t\t\t\t\n\t\t\t\n\t\t\t<div id=\"su-post-8307\" class=\"su-post \">\n\n\t\t\t\t\n\t\t\t\t<h2 class=\"su-post-title\"><a href=\"https:\/\/www.eintracht-schretzheim.de\/?p=8307\">RWK 2025 &#8211; Auflage LG1 &#8211; Runde 2<\/a><\/h2>\n\n\t\t\t\t<div class=\"su-post-meta\">\n\t\t\t\t\tVer\u00f6ffentlicht: 29. Oktober 2024\t\t\t\t<\/div>\n\n\t\t\t\t<div class=\"su-post-excerpt\">\n\t\t\t\t\t<p>Aufw\u00e4rtsstreben Auch wenn man gegen den gr\u00f6\u00dften Gegner fette Verluste einstreichen musste, wollte man ihnen dicht auf den Fersen bleiben. Als Gegner reiste Derndorf an, die durch Dorn Ewald (315,9 Ringe), Baur Manfred (314,0 Ringe), Aufmuth August (310,4 Ringe) und Ersatzsch\u00fctze Stiegler Alois (312,7 Ringe) vertreten wurden. Von ihnen gingen schlie\u00dflich 940,3 Ringe in die&#8230;<\/p>\n\t\t\t\t<\/div>\n\n\t\t\t\t\t\t\t\t\t<a href=\"https:\/\/www.eintracht-schretzheim.de\/?p=8307#respond\" class=\"su-post-comments-link\">0 Kommentare<\/a>\n\t\t\t\t\n\t\t\t<\/div>\n\n\t\t\t\t\t\n\t\t\t\n\t\t\t<div id=\"su-post-8334\" class=\"su-post \">\n\n\t\t\t\t\n\t\t\t\t<h2 class=\"su-post-title\"><a href=\"https:\/\/www.eintracht-schretzheim.de\/?p=8334\">RWK 2025 &#8211; Auflage LG1 &#8211; Runde 3<\/a><\/h2>\n\n\t\t\t\t<div class=\"su-post-meta\">\n\t\t\t\t\tVer\u00f6ffentlicht: 11. November 2024\t\t\t\t<\/div>\n\n\t\t\t\t<div class=\"su-post-excerpt\">\n\t\t\t\t\t<p>Ein gutes Pferd &#8230; Das Trio aus Schretzheim musste diesmal nach Stadtbergen. Das beste Einzelergebnis lieferte Boehm J\u00fcrgen Ingo mit 316,7 Ringen und baute gleich einmal Druck auf. Walter Brandmaier hat aktuell etwas Schwierigkeiten seine Perfektion zu zeigen, so musste er auch diesmal mit 315,8 Ringen den Stand verlassen. Georg Weger (314,1 Ringe) war dann&#8230;<\/p>\n\t\t\t\t<\/div>\n\n\t\t\t\t\t\t\t\t\t<a href=\"https:\/\/www.eintracht-schretzheim.de\/?p=8334#respond\" class=\"su-post-comments-link\">0 Kommentare<\/a>\n\t\t\t\t\n\t\t\t<\/div>\n\n\t\t\t\t\t\n\t\t\t\n\t\t\t<div id=\"su-post-8395\" class=\"su-post \">\n\n\t\t\t\t\n\t\t\t\t<h2 class=\"su-post-title\"><a href=\"https:\/\/www.eintracht-schretzheim.de\/?p=8395\">RWK 2025 &#8211; Auflage LG1 &#8211; Runde 4&#038;5<\/a><\/h2>\n\n\t\t\t\t<div class=\"su-post-meta\">\n\t\t\t\t\tVer\u00f6ffentlicht: 9. Dezember 2024\t\t\t\t<\/div>\n\n\t\t\t\t<div class=\"su-post-excerpt\">\n\t\t\t\t\t<p>Hauruck! Runde 4 war nicht besonders spannend, da das Team aus Ottmarshausen in dieser Saison nicht antritt &#8211; Gr\u00fcnde sind nicht bekannt &#8211; konnte man hier zwei Gratispunkte einheimsen. Allerdings erwiesen sich die Offinger in Runde 5 als starke Gegner, obwohl diese den letzten Platz unter den schie\u00dfenden Mannschaften besetzen. Walter Brandmaier war mit exzellenten&#8230;<\/p>\n\t\t\t\t<\/div>\n\n\t\t\t\t\t\t\t\t\t<a href=\"https:\/\/www.eintracht-schretzheim.de\/?p=8395#respond\" class=\"su-post-comments-link\">0 Kommentare<\/a>\n\t\t\t\t\n\t\t\t<\/div>\n\n\t\t\t\t\t\n\t\t\t\n\t\t\t<div id=\"su-post-8491\" class=\"su-post \">\n\n\t\t\t\t\n\t\t\t\t<h2 class=\"su-post-title\"><a href=\"https:\/\/www.eintracht-schretzheim.de\/?p=8491\">RWK 2025 &#8211; Auflage LG1 &#8211; Runde 6<\/a><\/h2>\n\n\t\t\t\t<div class=\"su-post-meta\">\n\t\t\t\t\tVer\u00f6ffentlicht: 27. Januar 2025\t\t\t\t<\/div>\n\n\t\t\t\t<div class=\"su-post-excerpt\">\n\t\t\t\t\t<p>Festigung in der Tabelle Unser Trio durfte diesmal nach Wittislingen, um sich mit den Spitzenreitern zu messen. Diesen Status machte Zimmermann Erich gleich einmal deutlich, da er mit erstklassigen 319,2 Ringen die beste Leistung an diesem Abend erbrachte. Mit 317,1 Ringe ging Ruchti Rudolf in die Wertung ein und schlie\u00dflich noch Scharff Franz, der mit&#8230;<\/p>\n\t\t\t\t<\/div>\n\n\t\t\t\t\t\t\t\t\t<a href=\"https:\/\/www.eintracht-schretzheim.de\/?p=8491#respond\" class=\"su-post-comments-link\">0 Kommentare<\/a>\n\t\t\t\t\n\t\t\t<\/div>\n\n\t\t\t\t\t\n\t\t\t\n\t\t\t<div id=\"su-post-8493\" class=\"su-post \">\n\n\t\t\t\t\n\t\t\t\t<h2 class=\"su-post-title\"><a href=\"https:\/\/www.eintracht-schretzheim.de\/?p=8493\">RWK 2025 &#8211; Auflage LG1 &#8211; Runde 7<\/a><\/h2>\n\n\t\t\t\t<div class=\"su-post-meta\">\n\t\t\t\t\tVer\u00f6ffentlicht: 27. Januar 2025\t\t\t\t<\/div>\n\n\t\t\t\t<div class=\"su-post-excerpt\">\n\t\t\t\t\t<p>Wiederholung Normalerweise w\u00e4re Derndorf uns besuchen gekommen. Jedoch haben die beiden Mannschaften bereits beim letzten Zusammentreffen gleich zwei Wettk\u00e4mpfe &#8211; also Hinrunde und R\u00fcckrunde &#8211; geschossen. Somit hat unser Trio mit der Nummer 1 eine etwas l\u00e4ngere Pause zu genie\u00dfen, w\u00e4hrend wir uns nun die Ergebnisse unter die Augen nehmen. Stiegler Alois war mit 310,6&#8230;<\/p>\n\t\t\t\t<\/div>\n\n\t\t\t\t\t\t\t\t\t<a href=\"https:\/\/www.eintracht-schretzheim.de\/?p=8493#respond\" class=\"su-post-comments-link\">0 Kommentare<\/a>\n\t\t\t\t\n\t\t\t<\/div>\n\n\t\t\n\t\n<\/div>\n\n","protected":false},"excerpt":{"rendered":"","protected":false},"author":11,"featured_media":0,"parent":0,"menu_order":0,"comment_status":"closed","ping_status":"closed","template":"","meta":{"footnotes":""},"class_list":["post-8720","page","type-page","status-publish","hentry"],"_links":{"self":[{"href":"https:\/\/www.eintracht-schretzheim.de\/index.php?rest_route=\/wp\/v2\/pages\/8720","targetHints":{"allow":["GET"]}}],"collection":[{"href":"https:\/\/www.eintracht-schretzheim.de\/index.php?rest_route=\/wp\/v2\/pages"}],"about":[{"href":"https:\/\/www.eintracht-schretzheim.de\/index.php?rest_route=\/wp\/v2\/types\/page"}],"author":[{"embeddable":true,"href":"https:\/\/www.eintracht-schretzheim.de\/index.php?rest_route=\/wp\/v2\/users\/11"}],"replies":[{"embeddable":true,"href":"https:\/\/www.eintracht-schretzheim.de\/index.php?rest_route=%2Fwp%2Fv2%2Fcomments&post=8720"}],"version-history":[{"count":1,"href":"https:\/\/www.eintracht-schretzheim.de\/index.php?rest_route=\/wp\/v2\/pages\/8720\/revisions"}],"predecessor-version":[{"id":8721,"href":"https:\/\/www.eintracht-schretzheim.de\/index.php?rest_route=\/wp\/v2\/pages\/8720\/revisions\/8721"}],"wp:attachment":[{"href":"https:\/\/www.eintracht-schretzheim.de\/index.php?rest_route=%2Fwp%2Fv2%2Fmedia&parent=8720"}],"curies":[{"name":"wp","href":"https:\/\/api.w.org\/{rel}","templated":true}]}}