{"id":8545,"date":"2025-01-27T11:57:25","date_gmt":"2025-01-27T10:57:25","guid":{"rendered":"https:\/\/www.eintracht-schretzheim.de\/?page_id=8545"},"modified":"2025-03-17T12:26:17","modified_gmt":"2025-03-17T11:26:17","slug":"sportpistole-1-25","status":"publish","type":"page","link":"https:\/\/www.eintracht-schretzheim.de\/?page_id=8545","title":{"rendered":"Sportpistole 1 (2025)"},"content":{"rendered":"\n\n<div class=\"su-posts su-posts-default-loop \">\n\n\t\n\t\t\t\t\t\n\t\t\t\n\t\t\t<div id=\"su-post-8309\" class=\"su-post \">\n\n\t\t\t\t\n\t\t\t\t<h2 class=\"su-post-title\"><a href=\"https:\/\/www.eintracht-schretzheim.de\/?p=8309\">RWK 2025 &#8211; SpoPi 1 &#8211; Runde 1 &#038; 2<\/a><\/h2>\n\n\t\t\t\t<div class=\"su-post-meta\">\n\t\t\t\t\tVer\u00f6ffentlicht: 29. Oktober 2024\t\t\t\t<\/div>\n\n\t\t\t\t<div class=\"su-post-excerpt\">\n\t\t\t\t\t<p>Den Kurs festlegt Die erste Runde war durch Ausf\u00e4lle der eigentlichen Stammsch\u00fctzen leider daneben gegangen und das ausgerechnet gegen den Hauptgegner um die Tabellenspitze. Doch konnte man dank \u00fcberzeugender Leistungen von Helmut Ehrmann und Ronny Vogel ein &#8222;Unentschieden&#8220; mit dem schlechteren Gesamtergebnis herbeif\u00fchren: Nun stand die zweite Runde gegen Gablingen an. Auf Position 4 war&#8230;<\/p>\n\t\t\t\t<\/div>\n\n\t\t\t\t\t\t\t\t\t<a href=\"https:\/\/www.eintracht-schretzheim.de\/?p=8309#respond\" class=\"su-post-comments-link\">0 Kommentare<\/a>\n\t\t\t\t\n\t\t\t<\/div>\n\n\t\t\t\t\t\n\t\t\t\n\t\t\t<div id=\"su-post-8341\" class=\"su-post \">\n\n\t\t\t\t\n\t\t\t\t<h2 class=\"su-post-title\"><a href=\"https:\/\/www.eintracht-schretzheim.de\/?p=8341\">RWK 2025 &#8211; SpoPi 1 &#8211; Runde 3<\/a><\/h2>\n\n\t\t\t\t<div class=\"su-post-meta\">\n\t\t\t\t\tVer\u00f6ffentlicht: 14. November 2024\t\t\t\t<\/div>\n\n\t\t\t\t<div class=\"su-post-excerpt\">\n\t\t\t\t\t<p>Sparma\u00dfnahmen Da mit der Meldung des ersten Wettkampfes Stefan B\u00e4sche als Stammsch\u00fctze &#8222;frankiert&#8220; wurde, muss er insgesamt drei Wettk\u00e4mpfe schie\u00dfen. Als man \u00fcber den diesmaligen Gegner, Nordendorf, nachdachte, \u00fcberlegte sich der Mannschaftsf\u00fchrer, dass es diesmal wieder Zeit w\u00e4re. Somit ging Stefan B\u00e4sche auf Position 4 an den Stand und war diesmal verh\u00e4ltnism\u00e4\u00dfig gut unterwegs, aber&#8230;<\/p>\n\t\t\t\t<\/div>\n\n\t\t\t\t\t\t\t\t\t<a href=\"https:\/\/www.eintracht-schretzheim.de\/?p=8341#respond\" class=\"su-post-comments-link\">0 Kommentare<\/a>\n\t\t\t\t\n\t\t\t<\/div>\n\n\t\t\t\t\t\n\t\t\t\n\t\t\t<div id=\"su-post-8365\" class=\"su-post \">\n\n\t\t\t\t\n\t\t\t\t<h2 class=\"su-post-title\"><a href=\"https:\/\/www.eintracht-schretzheim.de\/?p=8365\">RWK 2025 &#8211; SpoPi1 &#8211; Runde 4&#038;5<\/a><\/h2>\n\n\t\t\t\t<div class=\"su-post-meta\">\n\t\t\t\t\tVer\u00f6ffentlicht: 27. November 2024\t\t\t\t<\/div>\n\n\t\t\t\t<div class=\"su-post-excerpt\">\n\t\t\t\t\t<p>Da musste man schwitzen&#8230;\u00a0 \u00a0 In der vierten Runde kamen unsere Sch\u00fctzen nicht zum Einsatz, da in der Tabellen-Gruppe eine Mannschaft fehlt, und somit nicht jeder Wettkampf-Termin f\u00fcr jeden auch einen Gegner bietet. Allerdings konnte man sehen was die Konkurrenz um die Tabellenspitze, Augsburg-Altstadt, macht. Somit war der Plan, gegen Augsburg-Lechhausen (Begegnung in Runde 5)&#8230;<\/p>\n\t\t\t\t<\/div>\n\n\t\t\t\t\t\t\t\t\t<a href=\"https:\/\/www.eintracht-schretzheim.de\/?p=8365#respond\" class=\"su-post-comments-link\">0 Kommentare<\/a>\n\t\t\t\t\n\t\t\t<\/div>\n\n\t\t\t\t\t\n\t\t\t\n\t\t\t<div id=\"su-post-8498\" class=\"su-post \">\n\n\t\t\t\t\n\t\t\t\t<h2 class=\"su-post-title\"><a href=\"https:\/\/www.eintracht-schretzheim.de\/?p=8498\">RWK 2025 &#8211; SpoPi1 &#8211; Runde 6<\/a><\/h2>\n\n\t\t\t\t<div class=\"su-post-meta\">\n\t\t\t\t\tVer\u00f6ffentlicht: 28. Januar 2025\t\t\t\t<\/div>\n\n\t\t\t\t<div class=\"su-post-excerpt\">\n\t\t\t\t\t<p>Kann man im &#8222;Unentschieden&#8220; doch gewinnen\/verlieren? Nun stand man der Konkurrenz um den Meistertitel im Angesicht. Unsere Pistoleros machten eine Reise nach Augsburg, wo die &#8222;Altst\u00e4dter&#8220; sich bereits aufw\u00e4rmten. Da wohl bei den Gastgebern die Zeit etwas dr\u00e4ngte, schoss diesmal zuerst Paarung 1-2 und danach 3-4. Somit war der gewohnte Ablauf nicht gegeben, was f\u00fcr&#8230;<\/p>\n\t\t\t\t<\/div>\n\n\t\t\t\t\t\t\t\t\t<a href=\"https:\/\/www.eintracht-schretzheim.de\/?p=8498#respond\" class=\"su-post-comments-link\">0 Kommentare<\/a>\n\t\t\t\t\n\t\t\t<\/div>\n\n\t\t\t\t\t\n\t\t\t\n\t\t\t<div id=\"su-post-8590\" class=\"su-post \">\n\n\t\t\t\t\n\t\t\t\t<h2 class=\"su-post-title\"><a href=\"https:\/\/www.eintracht-schretzheim.de\/?p=8590\">RWK 2025 &#8211; SpoPi1 &#8211; Runde 7<\/a><\/h2>\n\n\t\t\t\t<div class=\"su-post-meta\">\n\t\t\t\t\tVer\u00f6ffentlicht: 6. Februar 2025\t\t\t\t<\/div>\n\n\t\t\t\t<div class=\"su-post-excerpt\">\n\t\t\t\t\t<p>Tabellen-Position festigen Unser Quartett machte wieder einmal eine Reise und diesmal war das Ziel Ottmarshausen. Hier warteten die Gablinger bereits in ihrem aufgew\u00e4rmten Gastraum. Zum Schie\u00dfen ging es dann in den Keller &#8211; oder sollte man vielleicht eher Bunker sagen? &#8211; damit sich die Paarungen 3\/4 und danach 1\/2 einig werden konnten, wer die Punkte&#8230;<\/p>\n\t\t\t\t<\/div>\n\n\t\t\t\t\t\t\t\t\t<a href=\"https:\/\/www.eintracht-schretzheim.de\/?p=8590#respond\" class=\"su-post-comments-link\">0 Kommentare<\/a>\n\t\t\t\t\n\t\t\t<\/div>\n\n\t\t\t\t\t\n\t\t\t\n\t\t\t<div id=\"su-post-8732\" class=\"su-post \">\n\n\t\t\t\t\n\t\t\t\t<h2 class=\"su-post-title\"><a href=\"https:\/\/www.eintracht-schretzheim.de\/?p=8732\">RWK 2025 &#8211; SpoPi1 &#8211; Runde 8<\/a><\/h2>\n\n\t\t\t\t<div class=\"su-post-meta\">\n\t\t\t\t\tVer\u00f6ffentlicht: 24. Februar 2025\t\t\t\t<\/div>\n\n\t\t\t\t<div class=\"su-post-excerpt\">\n\t\t\t\t\t<p>Klassenerhalt ist sicher! Zum vorletzten Wettkampftag traf man erneut mit Nordendorf im heimischen Sch\u00fctzenheim zusammen. Da Christian B\u00e4sche nicht fit war (Gute Besserung!), bekam der Vorstand, Stefan B\u00e4sche (237 Ringe), die Chance, sich auf Position 4 zu behaupten. Um Berger Wolfram zu schlagen, h\u00e4tte er allerdings seine Wettkampf-Bestleistung auspacken m\u00fcssen, da dieser mit 247 Ringen&#8230;<\/p>\n\t\t\t\t<\/div>\n\n\t\t\t\t\t\t\t\t\t<a href=\"https:\/\/www.eintracht-schretzheim.de\/?p=8732#respond\" class=\"su-post-comments-link\">0 Kommentare<\/a>\n\t\t\t\t\n\t\t\t<\/div>\n\n\t\t\t\t\t\n\t\t\t\n\t\t\t<div id=\"su-post-8850\" class=\"su-post \">\n\n\t\t\t\t\n\t\t\t\t<h2 class=\"su-post-title\"><a href=\"https:\/\/www.eintracht-schretzheim.de\/?p=8850\">RWK 2025 &#8211; SpoPi1 &#8211; Runde 9&#038;10<\/a><\/h2>\n\n\t\t\t\t<div class=\"su-post-meta\">\n\t\t\t\t\tVer\u00f6ffentlicht: 17. M\u00e4rz 2025\t\t\t\t<\/div>\n\n\t\t\t\t<div class=\"su-post-excerpt\">\n\t\t\t\t\t<p>Feuer frei! In Runde 9 hatten die Schretzheimer Sch\u00fctzen wieder einmal keine zugewiesene Gegner-Mannschaft, da man in dieser Liga nur zu f\u00fcnft ist. Zum Saisonabschluss besuchten uns die Vier aus Augsburg-Lechhausen. Da jedoch die B\u00e4sche-Br\u00fcder aus gesundheitlichen Gr\u00fcnden (Gute Besserung!) beide nicht antreten konnten, startete Sergej Stumpf-Schemetow auf Position 4 f\u00fcr die Eintracht. Ohne gro\u00dfe&#8230;<\/p>\n\t\t\t\t<\/div>\n\n\t\t\t\t\t\t\t\t\t<a href=\"https:\/\/www.eintracht-schretzheim.de\/?p=8850#respond\" class=\"su-post-comments-link\">0 Kommentare<\/a>\n\t\t\t\t\n\t\t\t<\/div>\n\n\t\t\n\t\n<\/div>\n\n","protected":false},"excerpt":{"rendered":"","protected":false},"author":11,"featured_media":0,"parent":0,"menu_order":0,"comment_status":"closed","ping_status":"closed","template":"","meta":{"footnotes":""},"class_list":["post-8545","page","type-page","status-publish","hentry"],"_links":{"self":[{"href":"https:\/\/www.eintracht-schretzheim.de\/index.php?rest_route=\/wp\/v2\/pages\/8545","targetHints":{"allow":["GET"]}}],"collection":[{"href":"https:\/\/www.eintracht-schretzheim.de\/index.php?rest_route=\/wp\/v2\/pages"}],"about":[{"href":"https:\/\/www.eintracht-schretzheim.de\/index.php?rest_route=\/wp\/v2\/types\/page"}],"author":[{"embeddable":true,"href":"https:\/\/www.eintracht-schretzheim.de\/index.php?rest_route=\/wp\/v2\/users\/11"}],"replies":[{"embeddable":true,"href":"https:\/\/www.eintracht-schretzheim.de\/index.php?rest_route=%2Fwp%2Fv2%2Fcomments&post=8545"}],"version-history":[{"count":4,"href":"https:\/\/www.eintracht-schretzheim.de\/index.php?rest_route=\/wp\/v2\/pages\/8545\/revisions"}],"predecessor-version":[{"id":8852,"href":"https:\/\/www.eintracht-schretzheim.de\/index.php?rest_route=\/wp\/v2\/pages\/8545\/revisions\/8852"}],"wp:attachment":[{"href":"https:\/\/www.eintracht-schretzheim.de\/index.php?rest_route=%2Fwp%2Fv2%2Fmedia&parent=8545"}],"curies":[{"name":"wp","href":"https:\/\/api.w.org\/{rel}","templated":true}]}}