{"id":8543,"date":"2025-01-27T11:57:25","date_gmt":"2025-01-27T10:57:25","guid":{"rendered":"https:\/\/www.eintracht-schretzheim.de\/?page_id=8543"},"modified":"2025-02-21T09:37:50","modified_gmt":"2025-02-21T08:37:50","slug":"luftpistole-3-25","status":"publish","type":"page","link":"https:\/\/www.eintracht-schretzheim.de\/?page_id=8543","title":{"rendered":"Luftpistole 3 (2025)"},"content":{"rendered":"\n\n<div class=\"su-posts su-posts-default-loop \">\n\n\t\n\t\t\t\t\t\n\t\t\t\n\t\t\t<div id=\"su-post-8326\" class=\"su-post \">\n\n\t\t\t\t\n\t\t\t\t<h2 class=\"su-post-title\"><a href=\"https:\/\/www.eintracht-schretzheim.de\/?p=8326\">RWK 2025 &#8211; LP3 &#8211; 1. Wettkampf<\/a><\/h2>\n\n\t\t\t\t<div class=\"su-post-meta\">\n\t\t\t\t\tVer\u00f6ffentlicht: 8. November 2024\t\t\t\t<\/div>\n\n\t\t\t\t<div class=\"su-post-excerpt\">\n\t\t\t\t\t<p>Wieder ein Sterntag Da in der A-Klasse nur drei Mannschaften existieren, hatte man in der ersten Runde &#8222;schie\u00dffrei&#8220;. Man hatte also zwei Wochen mehr Zeit sich auf Dattenhausen vorzubereiten und die nutzte man wohl! Victor Kehrle und Hermann Schuster schossen beide starke 343 Ringe w\u00e4hrend Schretzheims Jugend den Abstand nicht gro\u00df machte. Denn Johannes D\u00f6rle&#8230;<\/p>\n\t\t\t\t<\/div>\n\n\t\t\t\t\t\t\t\t\t<a href=\"https:\/\/www.eintracht-schretzheim.de\/?p=8326#respond\" class=\"su-post-comments-link\">0 Kommentare<\/a>\n\t\t\t\t\n\t\t\t<\/div>\n\n\t\t\t\t\t\n\t\t\t\n\t\t\t<div id=\"su-post-8348\" class=\"su-post \">\n\n\t\t\t\t\n\t\t\t\t<h2 class=\"su-post-title\"><a href=\"https:\/\/www.eintracht-schretzheim.de\/?p=8348\">RWK 2025 &#8211; LP3 &#8211; Runde 2<\/a><\/h2>\n\n\t\t\t\t<div class=\"su-post-meta\">\n\t\t\t\t\tVer\u00f6ffentlicht: 21. November 2024\t\t\t\t<\/div>\n\n\t\t\t\t<div class=\"su-post-excerpt\">\n\t\t\t\t\t<p>Punkte einheimsen Im Ausw\u00e4rtskampf gegen Deisenhofen ging es wieder einmal knapp zur Sache. Saur Andreas (334 Ringe), Kuchler Natalie (341 Ringe), S\u00fc\u00df Marcel (325 Ringe) und Zengerle Georg (335 Ringe) gaben als Heimmannschaft eine geschlossene Leistung ab, sodass sie auf 1335 Ringen landeten. Nachdem sich der Chef der Truppe, Hermann Schuster, \u00fcberreden lie\u00df, dass er&#8230;<\/p>\n\t\t\t\t<\/div>\n\n\t\t\t\t\t\t\t\t\t<a href=\"https:\/\/www.eintracht-schretzheim.de\/?p=8348#respond\" class=\"su-post-comments-link\">0 Kommentare<\/a>\n\t\t\t\t\n\t\t\t<\/div>\n\n\t\t\t\t\t\n\t\t\t\n\t\t\t<div id=\"su-post-8413\" class=\"su-post \">\n\n\t\t\t\t\n\t\t\t\t<h2 class=\"su-post-title\"><a href=\"https:\/\/www.eintracht-schretzheim.de\/?p=8413\">RWK 2025 &#8211; LP3 &#8211; Runde 3<\/a><\/h2>\n\n\t\t\t\t<div class=\"su-post-meta\">\n\t\t\t\t\tVer\u00f6ffentlicht: 16. Dezember 2024\t\t\t\t<\/div>\n\n\t\t\t\t<div class=\"su-post-excerpt\">\n\t\t\t\t\t<p>Mit Gegenwehr In Dattenhausen wechselte man diesmal die Mannschaftsbesetzung um Hermann Schuster. Er selbst war diesmal nicht ganz so \u00fcberzeugend, lieferte aber immer noch akzeptable 339 Ringe ab. Allerdings kamen 359 Ringe nicht von dem Johannes Mayer, den wir kennen und so wurde man gleich einmal vom ersten Ergebnis der Gastgeber \u00fcberrascht. Aber auch Maximilian&#8230;<\/p>\n\t\t\t\t<\/div>\n\n\t\t\t\t\t\t\t\t\t<a href=\"https:\/\/www.eintracht-schretzheim.de\/?p=8413#respond\" class=\"su-post-comments-link\">0 Kommentare<\/a>\n\t\t\t\t\n\t\t\t<\/div>\n\n\t\t\t\t\t\n\t\t\t\n\t\t\t<div id=\"su-post-8484\" class=\"su-post \">\n\n\t\t\t\t\n\t\t\t\t<h2 class=\"su-post-title\"><a href=\"https:\/\/www.eintracht-schretzheim.de\/?p=8484\">RWK 2025 &#8211; LP3 &#8211; Runde 4<\/a><\/h2>\n\n\t\t\t\t<div class=\"su-post-meta\">\n\t\t\t\t\tVer\u00f6ffentlicht: 23. Januar 2025\t\t\t\t<\/div>\n\n\t\t\t\t<div class=\"su-post-excerpt\">\n\t\t\t\t\t<p>Selbstsicher Die Sch\u00fctzen aus Deisenhofen kamen zu Besuch und nachdem gen\u00fcgend Pistolensch\u00fctzen in Schretzheims H\u00e4uschen waren, nahm sich Mannschaftsf\u00fchrer Hermann Schuster (355 Ringe) selbst aus der Wertung. Daf\u00fcr setzten Victor Kehrle mit starken 340 Ringen und Jungsch\u00fctze Maximilian Wohlmann mit noch besseren 343 Ringen gleich einmal ein Ausrufezeichen. W\u00e4hrenddessen schoss Saur Andreas 333 Ringe f\u00fcr&#8230;<\/p>\n\t\t\t\t<\/div>\n\n\t\t\t\t\t\t\t\t\t<a href=\"https:\/\/www.eintracht-schretzheim.de\/?p=8484#respond\" class=\"su-post-comments-link\">0 Kommentare<\/a>\n\t\t\t\t\n\t\t\t<\/div>\n\n\t\t\n\t\n<\/div>\n\n","protected":false},"excerpt":{"rendered":"","protected":false},"author":11,"featured_media":0,"parent":0,"menu_order":0,"comment_status":"closed","ping_status":"closed","template":"","meta":{"footnotes":""},"class_list":["post-8543","page","type-page","status-publish","hentry"],"_links":{"self":[{"href":"https:\/\/www.eintracht-schretzheim.de\/index.php?rest_route=\/wp\/v2\/pages\/8543","targetHints":{"allow":["GET"]}}],"collection":[{"href":"https:\/\/www.eintracht-schretzheim.de\/index.php?rest_route=\/wp\/v2\/pages"}],"about":[{"href":"https:\/\/www.eintracht-schretzheim.de\/index.php?rest_route=\/wp\/v2\/types\/page"}],"author":[{"embeddable":true,"href":"https:\/\/www.eintracht-schretzheim.de\/index.php?rest_route=\/wp\/v2\/users\/11"}],"replies":[{"embeddable":true,"href":"https:\/\/www.eintracht-schretzheim.de\/index.php?rest_route=%2Fwp%2Fv2%2Fcomments&post=8543"}],"version-history":[{"count":3,"href":"https:\/\/www.eintracht-schretzheim.de\/index.php?rest_route=\/wp\/v2\/pages\/8543\/revisions"}],"predecessor-version":[{"id":8705,"href":"https:\/\/www.eintracht-schretzheim.de\/index.php?rest_route=\/wp\/v2\/pages\/8543\/revisions\/8705"}],"wp:attachment":[{"href":"https:\/\/www.eintracht-schretzheim.de\/index.php?rest_route=%2Fwp%2Fv2%2Fmedia&parent=8543"}],"curies":[{"name":"wp","href":"https:\/\/api.w.org\/{rel}","templated":true}]}}