{"id":8542,"date":"2025-01-27T11:57:25","date_gmt":"2025-01-27T10:57:25","guid":{"rendered":"https:\/\/www.eintracht-schretzheim.de\/?page_id=8542"},"modified":"2025-04-10T19:24:01","modified_gmt":"2025-04-10T17:24:01","slug":"luftpistole-2-25","status":"publish","type":"page","link":"https:\/\/www.eintracht-schretzheim.de\/?page_id=8542","title":{"rendered":"Luftpistole 2 (2025)"},"content":{"rendered":"\n\n<div class=\"su-posts su-posts-default-loop \">\n\n\t\n\t\t\t\t\t\n\t\t\t\n\t\t\t<div id=\"su-post-8323\" class=\"su-post \">\n\n\t\t\t\t\n\t\t\t\t<h2 class=\"su-post-title\"><a href=\"https:\/\/www.eintracht-schretzheim.de\/?p=8323\">RWK 2025 &#8211; LP2 &#8211; Runde 1&#038;2<\/a><\/h2>\n\n\t\t\t\t<div class=\"su-post-meta\">\n\t\t\t\t\tVer\u00f6ffentlicht: 8. November 2024\t\t\t\t<\/div>\n\n\t\t\t\t<div class=\"su-post-excerpt\">\n\t\t\t\t\t<p>Einschie\u00dfen ins Mittelfeld Nachdem beim Auftakt-Wettkampf gegen Aislingen verloren wurde&#8230; &#8230; wollte man sich gegen den verh\u00e4ltnism\u00e4\u00dfig leichtesten Gegner in Blindheim Punkte heimfahren. Heigl Georg (Blindheim) und Max Bacher (Schretzheim) erreichten beide hervorragende 358 Ringe. W\u00e4hrend Ritter Markus weitere 347 Ringe f\u00fcr Blindheim schoss, erzielte Gerhard Graf 351 Ringe. Allerdings war dieser kleine Vorsprung gleich&#8230;<\/p>\n\t\t\t\t<\/div>\n\n\t\t\t\t\t\t\t\t\t<a href=\"https:\/\/www.eintracht-schretzheim.de\/?p=8323#respond\" class=\"su-post-comments-link\">0 Kommentare<\/a>\n\t\t\t\t\n\t\t\t<\/div>\n\n\t\t\t\t\t\n\t\t\t\n\t\t\t<div id=\"su-post-8351\" class=\"su-post \">\n\n\t\t\t\t\n\t\t\t\t<h2 class=\"su-post-title\"><a href=\"https:\/\/www.eintracht-schretzheim.de\/?p=8351\">RWK 2025 &#8211; LP2 &#8211; Runde 3<\/a><\/h2>\n\n\t\t\t\t<div class=\"su-post-meta\">\n\t\t\t\t\tVer\u00f6ffentlicht: 21. November 2024\t\t\t\t<\/div>\n\n\t\t\t\t<div class=\"su-post-excerpt\">\n\t\t\t\t\t<p>Auf nach vorn! W\u00e4hrend die LP3 au\u00dfer Haus war, hatten die Herren der LP2 im heimischen Geb\u00e4ude gegen Kicklingen zu zittern. Spitzenleistung dieser Begegnung hatte Zimmerer Karolina mit 354 Ringe. Zusammen mit Gollmann Martin (337 Ringe), Gutmair Norbert (328 Ringe) und Falkenstein Jochen (314 Ringe) brauchten es die G\u00e4ste dann auf 1333 Ringe. Von den&#8230;<\/p>\n\t\t\t\t<\/div>\n\n\t\t\t\t\t\t\t\t\t<a href=\"https:\/\/www.eintracht-schretzheim.de\/?p=8351#respond\" class=\"su-post-comments-link\">0 Kommentare<\/a>\n\t\t\t\t\n\t\t\t<\/div>\n\n\t\t\t\t\t\n\t\t\t\n\t\t\t<div id=\"su-post-8371\" class=\"su-post \">\n\n\t\t\t\t\n\t\t\t\t<h2 class=\"su-post-title\"><a href=\"https:\/\/www.eintracht-schretzheim.de\/?p=8371\">RWK 2025 &#8211; LP2 &#8211; Runde 4<\/a><\/h2>\n\n\t\t\t\t<div class=\"su-post-meta\">\n\t\t\t\t\tVer\u00f6ffentlicht: 29. November 2024\t\t\t\t<\/div>\n\n\t\t\t\t<div class=\"su-post-excerpt\">\n\t\t\t\t\t<p>Mit Verst\u00e4rkung\u00a0 \u00a0 \u00a0 \u00a0 Ausnahmsweise war es ein Donnerstag, als unsere LP2 nach Oberstotzingen musste. Da Max Bacher diesmal nicht anwesend sein konnte, kam Hermann Schuster zur Unterst\u00fctzung und meisterte seine Aufgabe mit ordentlichen 345 Ringen. Auch Gerhard Graf ging diesmal mit einem hervorragendem Ergebnis von 353 Ringen vom Stand. Weitere 336 Ringe brachte&#8230;<\/p>\n\t\t\t\t<\/div>\n\n\t\t\t\t\t\t\t\t\t<a href=\"https:\/\/www.eintracht-schretzheim.de\/?p=8371#respond\" class=\"su-post-comments-link\">0 Kommentare<\/a>\n\t\t\t\t\n\t\t\t<\/div>\n\n\t\t\t\t\t\n\t\t\t\n\t\t\t<div id=\"su-post-8403\" class=\"su-post \">\n\n\t\t\t\t\n\t\t\t\t<h2 class=\"su-post-title\"><a href=\"https:\/\/www.eintracht-schretzheim.de\/?p=8403\">RWK 2025 &#8211; LP2 &#8211; Runde 5<\/a><\/h2>\n\n\t\t\t\t<div class=\"su-post-meta\">\n\t\t\t\t\tVer\u00f6ffentlicht: 13. Dezember 2024\t\t\t\t<\/div>\n\n\t\t\t\t<div class=\"su-post-excerpt\">\n\t\t\t\t\t<p>Voll im Schnitt Nachdem man letztes Mal bereits in Oberstotzingen war, durfte unser Trupp gleich noch einmal dorthin, um diesmal gegen deren Mannschaft 3 anzutreten. Goller Sebastian (354 Ringe) und Hegele Steffen (345 Ringe) kamen mit anspruchsvollen Ergebnissen in die Wertung der Heimmannschaft. Jedoch zogen H\u00f6rger Tim und Gschwind Lukas mit 323 bzw. 324 Ringen&#8230;<\/p>\n\t\t\t\t<\/div>\n\n\t\t\t\t\t\t\t\t\t<a href=\"https:\/\/www.eintracht-schretzheim.de\/?p=8403#respond\" class=\"su-post-comments-link\">0 Kommentare<\/a>\n\t\t\t\t\n\t\t\t<\/div>\n\n\t\t\t\t\t\n\t\t\t\n\t\t\t<div id=\"su-post-8481\" class=\"su-post \">\n\n\t\t\t\t\n\t\t\t\t<h2 class=\"su-post-title\"><a href=\"https:\/\/www.eintracht-schretzheim.de\/?p=8481\">RWK 2025 &#8211; LP2 &#8211; Runde 6<\/a><\/h2>\n\n\t\t\t\t<div class=\"su-post-meta\">\n\t\t\t\t\tVer\u00f6ffentlicht: 23. Januar 2025\t\t\t\t<\/div>\n\n\t\t\t\t<div class=\"su-post-excerpt\">\n\t\t\t\t\t<p>Das kleine Derby An diesem Wettkampftag durfte man nach Aislingen fahren, um sich &#8211; wie es mittlerweile fast schon Gewohnheit ist &#8211; mit der Mannschaft von Richter Denny, der selbst starke 358 Ringe erzielte, zu messen. Ein weiterer bekannter Kandidat ist Ziegeldorf Stefan und auch er war diesmal mit 351 Ringen gut unterwegs. Nun aber&#8230;<\/p>\n\t\t\t\t<\/div>\n\n\t\t\t\t\t\t\t\t\t<a href=\"https:\/\/www.eintracht-schretzheim.de\/?p=8481#respond\" class=\"su-post-comments-link\">0 Kommentare<\/a>\n\t\t\t\t\n\t\t\t<\/div>\n\n\t\t\t\t\t\n\t\t\t\n\t\t\t<div id=\"su-post-8588\" class=\"su-post \">\n\n\t\t\t\t\n\t\t\t\t<h2 class=\"su-post-title\"><a href=\"https:\/\/www.eintracht-schretzheim.de\/?p=8588\">RWK 2025 &#8211; LP2 &#8211; Runde 7<\/a><\/h2>\n\n\t\t\t\t<div class=\"su-post-meta\">\n\t\t\t\t\tVer\u00f6ffentlicht: 6. Februar 2025\t\t\t\t<\/div>\n\n\t\t\t\t<div class=\"su-post-excerpt\">\n\t\t\t\t\t<p>Ein enges Schie\u00dfen Beim Heimwettkampf gegen den Letzten der Tabelle, Blindheim, f\u00fchlte man sich urspr\u00fcnglich sehr siegessicher. Allerdings heizte Ritter Markus &#8211; mit gro\u00dfen Schwankungen von Serie zu Serie &#8211; gut ein und konnte f\u00fcr die G\u00e4ste starke 360 Ringe erzielen. Sein Kollege Heigl Georg strauchelte etwas mehr, sodass er schlie\u00dflich mit 341 Ringen vom&#8230;<\/p>\n\t\t\t\t<\/div>\n\n\t\t\t\t\t\t\t\t\t<a href=\"https:\/\/www.eintracht-schretzheim.de\/?p=8588#respond\" class=\"su-post-comments-link\">0 Kommentare<\/a>\n\t\t\t\t\n\t\t\t<\/div>\n\n\t\t\t\t\t\n\t\t\t\n\t\t\t<div id=\"su-post-8599\" class=\"su-post \">\n\n\t\t\t\t\n\t\t\t\t<h2 class=\"su-post-title\"><a href=\"https:\/\/www.eintracht-schretzheim.de\/?p=8599\">RWK 2025 &#8211; LP2 &#8211; Runde 8<\/a><\/h2>\n\n\t\t\t\t<div class=\"su-post-meta\">\n\t\t\t\t\tVer\u00f6ffentlicht: 18. Februar 2025\t\t\t\t<\/div>\n\n\t\t\t\t<div class=\"su-post-excerpt\">\n\t\t\t\t\t<p>Bestleistung Auch dieses Team musste eine Reise antreten und machte sich auf den Weg nach Kicklingen. Zimmerer Karolina &#8211; die beste Dame im Sch\u00fctzengau &#8211; schoss bereits eher ein Ergebnis vor, da sie aus terminlichen Gr\u00fcnden nicht anwesend sein konnte. Von ihr kamen herausragende 364 Ringe. Aber Helmut Ehrmann hatte wieder einmal einen Spitzentag und&#8230;<\/p>\n\t\t\t\t<\/div>\n\n\t\t\t\t\t\t\t\t\t<a href=\"https:\/\/www.eintracht-schretzheim.de\/?p=8599#respond\" class=\"su-post-comments-link\">0 Kommentare<\/a>\n\t\t\t\t\n\t\t\t<\/div>\n\n\t\t\t\t\t\n\t\t\t\n\t\t\t<div id=\"su-post-8736\" class=\"su-post \">\n\n\t\t\t\t\n\t\t\t\t<h2 class=\"su-post-title\"><a href=\"https:\/\/www.eintracht-schretzheim.de\/?p=8736\">RWK 2025 &#8211; LP2 &#8211; Runde 9<\/a><\/h2>\n\n\t\t\t\t<div class=\"su-post-meta\">\n\t\t\t\t\tVer\u00f6ffentlicht: 4. M\u00e4rz 2025\t\t\t\t<\/div>\n\n\t\t\t\t<div class=\"su-post-excerpt\">\n\t\t\t\t\t<p>\u00dcberragend! Kurz vor Ende der Saison strecken sich die Schretzheimer Pistoleros wohl alle nach vorderen Tabellenpl\u00e4tzen. Denn in der Begegnung mit Oberstotzingens 1 war Gerhard Graf mit ordentlichen 345 Ringen der &#8222;Schw\u00e4chste&#8220; im Team. Helmut Ehrmann brachte 346 Ringe in die Wertung, w\u00e4hrend f\u00fcr die G\u00e4ste Groll Jochen als auch Groll Karl-Josef mit 337 Ringen&#8230;<\/p>\n\t\t\t\t<\/div>\n\n\t\t\t\t\t\t\t\t\t<a href=\"https:\/\/www.eintracht-schretzheim.de\/?p=8736#respond\" class=\"su-post-comments-link\">0 Kommentare<\/a>\n\t\t\t\t\n\t\t\t<\/div>\n\n\t\t\t\t\t\n\t\t\t\n\t\t\t<div id=\"su-post-8853\" class=\"su-post \">\n\n\t\t\t\t\n\t\t\t\t<h2 class=\"su-post-title\"><a href=\"https:\/\/www.eintracht-schretzheim.de\/?p=8853\">RWK 2025 &#8211; LP2 &#8211; Runde 10<\/a><\/h2>\n\n\t\t\t\t<div class=\"su-post-meta\">\n\t\t\t\t\tVer\u00f6ffentlicht: 17. M\u00e4rz 2025\t\t\t\t<\/div>\n\n\t\t\t\t<div class=\"su-post-excerpt\">\n\t\t\t\t\t<p>Abschlussfest? Mit den Oberstotzinger Buben, die zum letzten Wettkampftag nach Schretzheim kamen, war urspr\u00fcnglich verabredet, dass es was zum Essen und nat\u00fcrlich genug Fl\u00fcssiges geben wird. Da allerdings unser Koch, Vorstand oder einfach Stefan B\u00e4sche krankheitsbedingt nicht anwesend sein konnte &#8211; Wir w\u00fcnschen gute Besserung &#8211; wurde das gemeinsame Essen verschoben. Geschossen musste aber dennoch&#8230;<\/p>\n\t\t\t\t<\/div>\n\n\t\t\t\t\t\t\t\t\t<a href=\"https:\/\/www.eintracht-schretzheim.de\/?p=8853#respond\" class=\"su-post-comments-link\">0 Kommentare<\/a>\n\t\t\t\t\n\t\t\t<\/div>\n\n\t\t\t\t\t\n\t\t\t\n\t\t\t<div id=\"su-post-8875\" class=\"su-post \">\n\n\t\t\t\t\n\t\t\t\t<h2 class=\"su-post-title\"><a href=\"https:\/\/www.eintracht-schretzheim.de\/?p=8875\">RWK 2025 &#8211; LP2 &#8211; Aufstiegskampf<\/a><\/h2>\n\n\t\t\t\t<div class=\"su-post-meta\">\n\t\t\t\t\tVer\u00f6ffentlicht: 10. April 2025\t\t\t\t<\/div>\n\n\t\t\t\t<div class=\"su-post-excerpt\">\n\t\t\t\t\t<p>Platsch! Auch das zweite Luftpistolen-Team bekam die Chance auf den Aufstieg, jedoch gingen auch sie &#8211; neben der LP1 &#8211; baden. Oder mit den Worten von Gerhard Graf: &#8222;Der Aufstieg wurde erfolgreich verhindert.&#8220; Allerdings war Gerhard mit 344 Ringen noch der Beste der Schretzheimer. Auch Altmeister Helmut Ehrmann lieferte mit seinen 342 Ringen eine noch&#8230;<\/p>\n\t\t\t\t<\/div>\n\n\t\t\t\t\t\t\t\t\t<a href=\"https:\/\/www.eintracht-schretzheim.de\/?p=8875#respond\" class=\"su-post-comments-link\">0 Kommentare<\/a>\n\t\t\t\t\n\t\t\t<\/div>\n\n\t\t\n\t\n<\/div>\n\n","protected":false},"excerpt":{"rendered":"","protected":false},"author":11,"featured_media":0,"parent":0,"menu_order":0,"comment_status":"closed","ping_status":"closed","template":"","meta":{"footnotes":""},"class_list":["post-8542","page","type-page","status-publish","hentry"],"_links":{"self":[{"href":"https:\/\/www.eintracht-schretzheim.de\/index.php?rest_route=\/wp\/v2\/pages\/8542","targetHints":{"allow":["GET"]}}],"collection":[{"href":"https:\/\/www.eintracht-schretzheim.de\/index.php?rest_route=\/wp\/v2\/pages"}],"about":[{"href":"https:\/\/www.eintracht-schretzheim.de\/index.php?rest_route=\/wp\/v2\/types\/page"}],"author":[{"embeddable":true,"href":"https:\/\/www.eintracht-schretzheim.de\/index.php?rest_route=\/wp\/v2\/users\/11"}],"replies":[{"embeddable":true,"href":"https:\/\/www.eintracht-schretzheim.de\/index.php?rest_route=%2Fwp%2Fv2%2Fcomments&post=8542"}],"version-history":[{"count":5,"href":"https:\/\/www.eintracht-schretzheim.de\/index.php?rest_route=\/wp\/v2\/pages\/8542\/revisions"}],"predecessor-version":[{"id":8880,"href":"https:\/\/www.eintracht-schretzheim.de\/index.php?rest_route=\/wp\/v2\/pages\/8542\/revisions\/8880"}],"wp:attachment":[{"href":"https:\/\/www.eintracht-schretzheim.de\/index.php?rest_route=%2Fwp%2Fv2%2Fmedia&parent=8542"}],"curies":[{"name":"wp","href":"https:\/\/api.w.org\/{rel}","templated":true}]}}