{"id":8514,"date":"2025-01-27T11:34:25","date_gmt":"2025-01-27T10:34:25","guid":{"rendered":"https:\/\/www.eintracht-schretzheim.de\/?page_id=8514"},"modified":"2025-02-21T09:49:51","modified_gmt":"2025-02-21T08:49:51","slug":"luftgewehr-3","status":"publish","type":"page","link":"https:\/\/www.eintracht-schretzheim.de\/?page_id=8514","title":{"rendered":"Luftgewehr 3 (2025)"},"content":{"rendered":"\n\n<div class=\"su-posts su-posts-default-loop \">\n\n\t\n\t\t\t\t\t\n\t\t\t\n\t\t\t<div id=\"su-post-8293\" class=\"su-post \">\n\n\t\t\t\t\n\t\t\t\t<h2 class=\"su-post-title\"><a href=\"https:\/\/www.eintracht-schretzheim.de\/?p=8293\">RWK 2025 &#8211; LG3 &#8211; Runde 1<\/a><\/h2>\n\n\t\t\t\t<div class=\"su-post-meta\">\n\t\t\t\t\tVer\u00f6ffentlicht: 13. Oktober 2024\t\t\t\t<\/div>\n\n\t\t\t\t<div class=\"su-post-excerpt\">\n\t\t\t\t\t<p>Ein starker Nachwuchs Zum Auftakt stand f\u00fcr die dritte Gewehr-Mannschaft Fristingen zu bezwingen an. W\u00e4hrend von den Schretzheimern Nina Kapfer (323 Ringe) und Benedikt Hufnagel (371 Ringe) vorausschie\u00dfen mussten, standen gegen die vier Gast-Sch\u00fctzen noch Johannes D\u00f6rle und Johannes Mayer an der Schusslinie. Zwar war ersterer mit seinen 354 Ringen nicht zufrieden, doch war es&#8230;<\/p>\n\t\t\t\t<\/div>\n\n\t\t\t\t\t\t\t\t\t<a href=\"https:\/\/www.eintracht-schretzheim.de\/?p=8293#respond\" class=\"su-post-comments-link\">0 Kommentare<\/a>\n\t\t\t\t\n\t\t\t<\/div>\n\n\t\t\t\t\t\n\t\t\t\n\t\t\t<div id=\"su-post-8312\" class=\"su-post \">\n\n\t\t\t\t\n\t\t\t\t<h2 class=\"su-post-title\"><a href=\"https:\/\/www.eintracht-schretzheim.de\/?p=8312\">RWK 2025 &#8211; LG3 &#8211; Runde 2<\/a><\/h2>\n\n\t\t\t\t<div class=\"su-post-meta\">\n\t\t\t\t\tVer\u00f6ffentlicht: 29. Oktober 2024\t\t\t\t<\/div>\n\n\t\t\t\t<div class=\"su-post-excerpt\">\n\t\t\t\t\t<p>Deklassierung Das M\u00e4dels-Quartett aus Deisenhofen war diesmal zu Gast in Schretzheim. Doch war f\u00fcr Hopfenzitz Marie (361 Ringe), Mesch Melissa (335 Ringe), Hausmann Eva (333 Ringe) und Sch\u00f6n Judith (329 Ringe) wirklich nicht viel zu holen. So schoss Susanne Wurm erstklassige 379 Ringe, ebenso exzellente 374 Ringe gab Maximilian Wohlmann hinzu. Und weil man nicht&#8230;<\/p>\n\t\t\t\t<\/div>\n\n\t\t\t\t\t\t\t\t\t<a href=\"https:\/\/www.eintracht-schretzheim.de\/?p=8312#respond\" class=\"su-post-comments-link\">0 Kommentare<\/a>\n\t\t\t\t\n\t\t\t<\/div>\n\n\t\t\t\t\t\n\t\t\t\n\t\t\t<div id=\"su-post-8343\" class=\"su-post \">\n\n\t\t\t\t\n\t\t\t\t<h2 class=\"su-post-title\"><a href=\"https:\/\/www.eintracht-schretzheim.de\/?p=8343\">RWK 2025 &#8211; LG3 &#8211; Runde 3<\/a><\/h2>\n\n\t\t\t\t<div class=\"su-post-meta\">\n\t\t\t\t\tVer\u00f6ffentlicht: 14. November 2024\t\t\t\t<\/div>\n\n\t\t\t\t<div class=\"su-post-excerpt\">\n\t\t\t\t\t<p>Wie ein Triumphzug Wieder einmal mit einem riesigen Vorsprung gewann unser Team in Oberstotzingen. Gschwind Lukas (350 Ringe), H\u00f6rger Erik (333 Ringe), H\u00f6rger Tim (323 Ringe) und Fuchs Andreas (315 Ringe) erreichten zusammen 1321 Ringe was nat\u00fcrlich keine all zu gro\u00dfe H\u00fcrde f\u00fcr unsere LG3 war. Mit starken 310 Ringen setzte sich Nachwuchs-Sch\u00fctzin Johanna Hufnagel&#8230;<\/p>\n\t\t\t\t<\/div>\n\n\t\t\t\t\t\t\t\t\t<a href=\"https:\/\/www.eintracht-schretzheim.de\/?p=8343#respond\" class=\"su-post-comments-link\">0 Kommentare<\/a>\n\t\t\t\t\n\t\t\t<\/div>\n\n\t\t\t\t\t\n\t\t\t\n\t\t\t<div id=\"su-post-8355\" class=\"su-post \">\n\n\t\t\t\t\n\t\t\t\t<h2 class=\"su-post-title\"><a href=\"https:\/\/www.eintracht-schretzheim.de\/?p=8355\">RWK 2025 &#8211; LG3 &#8211; Runde 4<\/a><\/h2>\n\n\t\t\t\t<div class=\"su-post-meta\">\n\t\t\t\t\tVer\u00f6ffentlicht: 26. November 2024\t\t\t\t<\/div>\n\n\t\t\t\t<div class=\"su-post-excerpt\">\n\t\t\t\t\t<p>Immer heiter geht es weiter\u00a0 \u00a0 \u00a0 \u00a0 Schretzheims Dritte durfte diesmal nach Fristingen um dort ebenfalls gegen Mannschaft drei anzutreten. Diese, bestehend aus Link J\u00fcrgen (341 Ringe), H\u00f6rbrand Michael (353 Ringe), Steiner Julian (321 Ringe) und Steiner Michael (337 Ringe), legten gemeinsam 1352 Ringe vor. Da auf Seiten der Eintracht Mannschaftsf\u00fchrerin Susanne Wurm aus&#8230;<\/p>\n\t\t\t\t<\/div>\n\n\t\t\t\t\t\t\t\t\t<a href=\"https:\/\/www.eintracht-schretzheim.de\/?p=8355#respond\" class=\"su-post-comments-link\">0 Kommentare<\/a>\n\t\t\t\t\n\t\t\t<\/div>\n\n\t\t\t\t\t\n\t\t\t\n\t\t\t<div id=\"su-post-8398\" class=\"su-post \">\n\n\t\t\t\t\n\t\t\t\t<h2 class=\"su-post-title\"><a href=\"https:\/\/www.eintracht-schretzheim.de\/?p=8398\">RWK 2025 &#8211; LG3 &#8211; Runde 5<\/a><\/h2>\n\n\t\t\t\t<div class=\"su-post-meta\">\n\t\t\t\t\tVer\u00f6ffentlicht: 9. Dezember 2024\t\t\t\t<\/div>\n\n\t\t\t\t<div class=\"su-post-excerpt\">\n\t\t\t\t\t<p>\u00dcberflieger Die C-Klasse ist nun wahrlich keine Herausforderung f\u00fcr unsere LG3. Die Gegner aus Deisenhofen, bestehend aus Hopfenzitz Marie (347 Ringe), Bayer Stefan (336 Ringe), Sch\u00f6n Judith (335 Ringe) und Hausmann Eva (348 Ringe), erreichten gemeinsam ordnungsgem\u00e4\u00dfe 1366 Ringe. Aber was soll man sagen&#8230; Dieses Jahr sind die Schretzheimer einfach Spa\u00dfverderber. Jungsch\u00fctze Johannes Mayer schoss&#8230;<\/p>\n\t\t\t\t<\/div>\n\n\t\t\t\t\t\t\t\t\t<a href=\"https:\/\/www.eintracht-schretzheim.de\/?p=8398#respond\" class=\"su-post-comments-link\">0 Kommentare<\/a>\n\t\t\t\t\n\t\t\t<\/div>\n\n\t\t\t\t\t\n\t\t\t\n\t\t\t<div id=\"su-post-8476\" class=\"su-post \">\n\n\t\t\t\t\n\t\t\t\t<h2 class=\"su-post-title\"><a href=\"https:\/\/www.eintracht-schretzheim.de\/?p=8476\">RWK 2025 &#8211; LG3 &#8211; Runde 6<\/a><\/h2>\n\n\t\t\t\t<div class=\"su-post-meta\">\n\t\t\t\t\tVer\u00f6ffentlicht: 14. Januar 2025\t\t\t\t<\/div>\n\n\t\t\t\t<div class=\"su-post-excerpt\">\n\t\t\t\t\t<p>Turbulenzen Ein weiterer Besucher in Schretzheim war das Team aus Oberstotzingen. Ein Jungs-Bande, die sich durch die bisherigen Ergebnisse unserer LG3 keine Chancen ausrechneten. So konnten Gschwind Lukas (349 Ringe), H\u00f6rger Tim (344 Ringe) und H\u00f6rger Erik (339 Ringe) recht befreit aufschie\u00dfen. Den Abschluss machte Fuchs Andreas mit 309 Ringen aus und somit schafften es&#8230;<\/p>\n\t\t\t\t<\/div>\n\n\t\t\t\t\t\t\t\t\t<a href=\"https:\/\/www.eintracht-schretzheim.de\/?p=8476#respond\" class=\"su-post-comments-link\">0 Kommentare<\/a>\n\t\t\t\t\n\t\t\t<\/div>\n\n\t\t\n\t\n<\/div>\n\n","protected":false},"excerpt":{"rendered":"","protected":false},"author":11,"featured_media":0,"parent":0,"menu_order":0,"comment_status":"closed","ping_status":"closed","template":"","meta":{"footnotes":""},"class_list":["post-8514","page","type-page","status-publish","hentry"],"_links":{"self":[{"href":"https:\/\/www.eintracht-schretzheim.de\/index.php?rest_route=\/wp\/v2\/pages\/8514","targetHints":{"allow":["GET"]}}],"collection":[{"href":"https:\/\/www.eintracht-schretzheim.de\/index.php?rest_route=\/wp\/v2\/pages"}],"about":[{"href":"https:\/\/www.eintracht-schretzheim.de\/index.php?rest_route=\/wp\/v2\/types\/page"}],"author":[{"embeddable":true,"href":"https:\/\/www.eintracht-schretzheim.de\/index.php?rest_route=\/wp\/v2\/users\/11"}],"replies":[{"embeddable":true,"href":"https:\/\/www.eintracht-schretzheim.de\/index.php?rest_route=%2Fwp%2Fv2%2Fcomments&post=8514"}],"version-history":[{"count":3,"href":"https:\/\/www.eintracht-schretzheim.de\/index.php?rest_route=\/wp\/v2\/pages\/8514\/revisions"}],"predecessor-version":[{"id":8715,"href":"https:\/\/www.eintracht-schretzheim.de\/index.php?rest_route=\/wp\/v2\/pages\/8514\/revisions\/8715"}],"wp:attachment":[{"href":"https:\/\/www.eintracht-schretzheim.de\/index.php?rest_route=%2Fwp%2Fv2%2Fmedia&parent=8514"}],"curies":[{"name":"wp","href":"https:\/\/api.w.org\/{rel}","templated":true}]}}