{"id":8005,"date":"2023-06-15T19:35:09","date_gmt":"2023-06-15T17:35:09","guid":{"rendered":"https:\/\/www.eintracht-schretzheim.de\/?page_id=8005"},"modified":"2023-06-18T14:58:49","modified_gmt":"2023-06-18T12:58:49","slug":"schiesszeiten","status":"publish","type":"page","link":"https:\/\/www.eintracht-schretzheim.de\/?page_id=8005","title":{"rendered":"Schie\u00dfanlagen"},"content":{"rendered":"<p><a href=\"https:\/\/www.eintracht-schretzheim.de\/wp-content\/uploads\/2023\/06\/Schiessstaende-2.jpg\"><img fetchpriority=\"high\" decoding=\"async\" class=\"wp-image-8068 aligncenter\" src=\"https:\/\/www.eintracht-schretzheim.de\/wp-content\/uploads\/2023\/06\/Schiessstaende-2-300x200.jpg\" alt=\"\" width=\"401\" height=\"267\" srcset=\"https:\/\/www.eintracht-schretzheim.de\/wp-content\/uploads\/2023\/06\/Schiessstaende-2-300x200.jpg 300w, https:\/\/www.eintracht-schretzheim.de\/wp-content\/uploads\/2023\/06\/Schiessstaende-2-644x429.jpg 644w, https:\/\/www.eintracht-schretzheim.de\/wp-content\/uploads\/2023\/06\/Schiessstaende-2-768x512.jpg 768w, https:\/\/www.eintracht-schretzheim.de\/wp-content\/uploads\/2023\/06\/Schiessstaende-2.jpg 1280w\" sizes=\"(max-width: 401px) 100vw, 401px\" \/><\/a><\/p>\n<p style=\"text-align: center;\"><strong>In der Luftdruckhalle stehen insgesamt 10 vollelektronische St\u00e4nde der Fa. Meyton zu Verf\u00fcgung. Hier finden Sie beste Voraussetzungen f\u00fcr das Training und den Wettkampf.<\/strong><\/p>\n<p>&nbsp;<\/p>\n<p>&nbsp;<\/p>\n<p><a href=\"https:\/\/www.eintracht-schretzheim.de\/wp-content\/uploads\/2023\/06\/Schiessstaende-1.jpg\"><img decoding=\"async\" class=\"wp-image-8067 aligncenter\" src=\"https:\/\/www.eintracht-schretzheim.de\/wp-content\/uploads\/2023\/06\/Schiessstaende-1-300x200.jpg\" alt=\"\" width=\"401\" height=\"267\" srcset=\"https:\/\/www.eintracht-schretzheim.de\/wp-content\/uploads\/2023\/06\/Schiessstaende-1-300x200.jpg 300w, https:\/\/www.eintracht-schretzheim.de\/wp-content\/uploads\/2023\/06\/Schiessstaende-1-644x429.jpg 644w, https:\/\/www.eintracht-schretzheim.de\/wp-content\/uploads\/2023\/06\/Schiessstaende-1-768x511.jpg 768w, https:\/\/www.eintracht-schretzheim.de\/wp-content\/uploads\/2023\/06\/Schiessstaende-1.jpg 1280w\" sizes=\"(max-width: 401px) 100vw, 401px\" \/><\/a><\/p>\n<p style=\"text-align: center;\"><strong>Auch auf unserer 50m Au\u00dfenanlage sind alle 6 St\u00e4nde mit vollelektronischen Anlagen von Meyton ausgestattet. Davon ist ein Stand mit einem gro\u00dfen Messrahmen f\u00fcr die Disziplin &#8222;Freie Pistole&#8220; ausger\u00fcstet.<\/strong><\/p>\n<p>&nbsp;<\/p>\n<p>&nbsp;<\/p>\n<p><a href=\"https:\/\/www.eintracht-schretzheim.de\/wp-content\/uploads\/2023\/06\/Schiessstaende-.jpg\"><img decoding=\"async\" class=\"wp-image-8069 aligncenter\" src=\"https:\/\/www.eintracht-schretzheim.de\/wp-content\/uploads\/2023\/06\/Schiessstaende--300x200.jpg\" alt=\"\" width=\"401\" height=\"267\" srcset=\"https:\/\/www.eintracht-schretzheim.de\/wp-content\/uploads\/2023\/06\/Schiessstaende--300x200.jpg 300w, https:\/\/www.eintracht-schretzheim.de\/wp-content\/uploads\/2023\/06\/Schiessstaende--644x429.jpg 644w, https:\/\/www.eintracht-schretzheim.de\/wp-content\/uploads\/2023\/06\/Schiessstaende--768x512.jpg 768w, https:\/\/www.eintracht-schretzheim.de\/wp-content\/uploads\/2023\/06\/Schiessstaende-.jpg 1280w\" sizes=\"(max-width: 401px) 100vw, 401px\" \/><\/a><\/p>\n<p style=\"text-align: center;\"><strong>Auf unserer 25m Innenanlage mit 5 St\u00e4nden k\u00f6nnen alle Klein &#8211; und Gro\u00dfkaliber &#8211; Disziplinen mit der Kurzwaffe bis zu einer Geschossenergie von 2000 Joule geschossen werden.\u00a0<\/strong><\/p>\n","protected":false},"excerpt":{"rendered":"<p>In der Luftdruckhalle stehen insgesamt 10 vollelektronische St\u00e4nde der Fa. Meyton zu Verf\u00fcgung. Hier finden Sie beste Voraussetzungen f\u00fcr das Training und den Wettkampf. &nbsp; &nbsp; Auch auf unserer 50m Au\u00dfenanlage sind alle 6 St\u00e4nde mit vollelektronischen Anlagen von Meyton ausgestattet. Davon ist ein Stand mit einem gro\u00dfen Messrahmen f\u00fcr die Disziplin &#8222;Freie Pistole&#8220; ausger\u00fcstet&#8230;.<\/p>\n","protected":false},"author":10,"featured_media":0,"parent":0,"menu_order":0,"comment_status":"closed","ping_status":"closed","template":"","meta":{"footnotes":""},"class_list":["post-8005","page","type-page","status-publish","hentry"],"_links":{"self":[{"href":"https:\/\/www.eintracht-schretzheim.de\/index.php?rest_route=\/wp\/v2\/pages\/8005","targetHints":{"allow":["GET"]}}],"collection":[{"href":"https:\/\/www.eintracht-schretzheim.de\/index.php?rest_route=\/wp\/v2\/pages"}],"about":[{"href":"https:\/\/www.eintracht-schretzheim.de\/index.php?rest_route=\/wp\/v2\/types\/page"}],"author":[{"embeddable":true,"href":"https:\/\/www.eintracht-schretzheim.de\/index.php?rest_route=\/wp\/v2\/users\/10"}],"replies":[{"embeddable":true,"href":"https:\/\/www.eintracht-schretzheim.de\/index.php?rest_route=%2Fwp%2Fv2%2Fcomments&post=8005"}],"version-history":[{"count":5,"href":"https:\/\/www.eintracht-schretzheim.de\/index.php?rest_route=\/wp\/v2\/pages\/8005\/revisions"}],"predecessor-version":[{"id":8070,"href":"https:\/\/www.eintracht-schretzheim.de\/index.php?rest_route=\/wp\/v2\/pages\/8005\/revisions\/8070"}],"wp:attachment":[{"href":"https:\/\/www.eintracht-schretzheim.de\/index.php?rest_route=%2Fwp%2Fv2%2Fmedia&parent=8005"}],"curies":[{"name":"wp","href":"https:\/\/api.w.org\/{rel}","templated":true}]}}