{"id":6030,"date":"2020-12-25T16:06:55","date_gmt":"2020-12-25T15:06:55","guid":{"rendered":"http:\/\/www.eintracht-schretzheim.de\/?page_id=6030"},"modified":"2022-01-02T14:17:50","modified_gmt":"2022-01-02T13:17:50","slug":"alle-ergebnisse-2021","status":"publish","type":"page","link":"https:\/\/www.eintracht-schretzheim.de\/?page_id=6030","title":{"rendered":"2021"},"content":{"rendered":"<h3><span style=\"color: #ffcc00;\">K\u00f6nigs &#8211; und Weihnachtsschie\u00dfen 2020<\/span><\/h3>\n<p style=\"padding-left: 40px;\"><a href=\"https:\/\/www.eintracht-schretzheim.de\/wp-content\/uploads\/2021\/03\/Blattl_-_Preise.pdf\">Plattl Weihnachtsschie\u00dfen<\/a><\/p>\n<p style=\"padding-left: 40px;\"><a href=\"https:\/\/www.eintracht-schretzheim.de\/wp-content\/uploads\/2021\/03\/Blattl_Praemie.pdf\">Plattl &#8211; Pr\u00e4mie<\/a><\/p>\n<p style=\"padding-left: 40px;\"><a href=\"https:\/\/www.eintracht-schretzheim.de\/wp-content\/uploads\/2021\/03\/Meist_geschossenen_Scheiben.pdf\">Meist_geschossenen_Scheiben<\/a><\/p>\n<p style=\"padding-left: 40px;\"><a href=\"https:\/\/www.eintracht-schretzheim.de\/wp-content\/uploads\/2021\/03\/Blattl_-_Jugendkoenig.pdf\">Jugendk\u00f6nig 2021<\/a><\/p>\n<p style=\"padding-left: 40px;\"><a href=\"https:\/\/www.eintracht-schretzheim.de\/wp-content\/uploads\/2021\/03\/Blattl_-_Schuetzenkoenig.pdf\">Sch\u00fctzenk\u00f6nig 2021<\/a><\/p>\n<p style=\"padding-left: 40px;\"><a href=\"https:\/\/www.eintracht-schretzheim.de\/wp-content\/uploads\/2021\/03\/Blattl_-_Auflagekoenig.pdf\">Auflagek\u00f6nig 2021<\/a><\/p>\n<p style=\"padding-left: 40px;\"><a href=\"https:\/\/www.eintracht-schretzheim.de\/wp-content\/uploads\/2021\/03\/LP_Jugend_Vereinsmeister.pdf\">LP_Jugend_Vereinsmeister<\/a><\/p>\n<p style=\"padding-left: 40px;\"><a href=\"https:\/\/www.eintracht-schretzheim.de\/wp-content\/uploads\/2021\/03\/LP_Jugend_beste_Serie.pdf\">LP_Jugend_beste_Serie<\/a><\/p>\n<p style=\"padding-left: 40px;\"><a href=\"https:\/\/www.eintracht-schretzheim.de\/wp-content\/uploads\/2021\/03\/LP_Schuetzen_Vereinsmeister.pdf\">LP_Sch\u00fctzen_Vereinsmeister<\/a><\/p>\n<p style=\"padding-left: 40px;\"><a href=\"https:\/\/www.eintracht-schretzheim.de\/wp-content\/uploads\/2021\/03\/LP_Schuetzen_beste_Serie.pdf\">LP_Sch\u00fctzen_beste_Serie<\/a><\/p>\n<p style=\"padding-left: 40px;\"><a href=\"https:\/\/www.eintracht-schretzheim.de\/wp-content\/uploads\/2021\/03\/LG_Jugend_Vereinsmeister.pdf\">LG_Jugend_Vereinsmeister<\/a><\/p>\n<p style=\"padding-left: 40px;\"><a href=\"https:\/\/www.eintracht-schretzheim.de\/wp-content\/uploads\/2021\/03\/LG_Jugend_beste_Serie.pdf\">LG_Jugend_beste_Serie<\/a><\/p>\n<p style=\"padding-left: 40px;\"><a href=\"https:\/\/www.eintracht-schretzheim.de\/wp-content\/uploads\/2021\/03\/LG_Schuetzen_Vereinsmeister.pdf\">LG_Sch\u00fctzen_Vereinsmeister<\/a><\/p>\n<p style=\"padding-left: 40px;\"><a href=\"https:\/\/www.eintracht-schretzheim.de\/wp-content\/uploads\/2021\/03\/LG_Schuetzen_beste_Serie.pdf\">LG_Sch\u00fctzen_beste_Serie<\/a><\/p>\n<p style=\"padding-left: 40px;\"><a href=\"https:\/\/www.eintracht-schretzheim.de\/wp-content\/uploads\/2021\/03\/LP_Auflage_Vereinsmeister.pdf\">LP_Auflage_Vereinsmeister<\/a><\/p>\n<p style=\"padding-left: 40px;\"><a href=\"https:\/\/www.eintracht-schretzheim.de\/wp-content\/uploads\/2021\/03\/LP_Auflage_beste_Serie.pdf\">LP_Auflage_beste_Serie<\/a><\/p>\n<p style=\"padding-left: 40px;\"><a href=\"https:\/\/www.eintracht-schretzheim.de\/wp-content\/uploads\/2021\/03\/LG_Auflage_Vereinsmeister.pdf\">LG_Auflage_Vereinsmeister<\/a><\/p>\n<p style=\"padding-left: 40px;\"><a href=\"https:\/\/www.eintracht-schretzheim.de\/wp-content\/uploads\/2021\/03\/LG_Auflage_beste_Serie.pdf\">LG_Auflage_beste_Serie<\/a><\/p>\n<p style=\"padding-left: 40px;\"><a href=\"https:\/\/www.eintracht-schretzheim.de\/wp-content\/uploads\/2021\/03\/KK-SP_5_Beste_Serien-1.pdf\">KK-SP_Vereinsmeister<\/a><\/p>\n<p style=\"padding-left: 40px;\"><a href=\"https:\/\/www.eintracht-schretzheim.de\/wp-content\/uploads\/2021\/03\/KK-SP_Beste_Einzelserie-1.pdf\">KK-SP_beste_Einzelserie <\/a><\/p>\n<p style=\"padding-left: 40px;\"><a href=\"https:\/\/www.eintracht-schretzheim.de\/wp-content\/uploads\/2021\/03\/KK-Liegend_Jugend_5_besten_Serien.pdf\">KK &#8211; Liegend_Jugend_Vereinsmeister<\/a><\/p>\n<p style=\"padding-left: 40px;\"><a href=\"https:\/\/www.eintracht-schretzheim.de\/wp-content\/uploads\/2021\/03\/KK-Liegend_Jugend_Beste_Einzelserie.pdf\">KK &#8211; Liegend_Jugend_beste_Einzelserie<\/a><\/p>\n<p style=\"padding-left: 40px;\"><a href=\"https:\/\/www.eintracht-schretzheim.de\/wp-content\/uploads\/2021\/03\/KK-Liegend_Schuetzen_5_besten_Serien.pdf\">KK &#8211; Liegend_Sch\u00fctzen Vereinsmeister<\/a><\/p>\n<p style=\"padding-left: 40px;\"><a href=\"https:\/\/www.eintracht-schretzheim.de\/wp-content\/uploads\/2021\/03\/KK-Liegend_Schuetzen_Beste_Einzelserie.pdf\">KK &#8211; Liegend_Sch\u00fctzen_beste_Einzelserie<\/a><\/p>\n<p style=\"padding-left: 40px;\"><a href=\"https:\/\/www.eintracht-schretzheim.de\/wp-content\/uploads\/2021\/03\/KK-Auflage_5_besten_Serien.pdf\">KK &#8211; Auflage_Vereinsmeister<\/a><\/p>\n<p style=\"padding-left: 40px;\"><a href=\"https:\/\/www.eintracht-schretzheim.de\/wp-content\/uploads\/2021\/03\/KK-Auflage_Beste_Einzelserie.pdf\">KK &#8211; Auflage_beste_Einzelserie<\/a><\/p>\n<p style=\"padding-left: 40px;\"><a href=\"https:\/\/www.eintracht-schretzheim.de\/wp-content\/uploads\/2021\/03\/GK_5_Beste_Serien-1.pdf\">GK_Vereinsmeister<\/a><\/p>\n<p style=\"padding-left: 40px;\"><a href=\"https:\/\/www.eintracht-schretzheim.de\/wp-content\/uploads\/2021\/03\/GK_Beste_Einzelserie-1.pdf\">GK_beste_Einzelserie<\/a><\/p>\n<h3><span style=\"color: #ffcc00;\">Stadtmeisterschaft 2021 KK-Disziplinen<\/span><\/h3>\n<p style=\"padding-left: 40px;\"><a href=\"https:\/\/www.eintracht-schretzheim.de\/wp-content\/uploads\/2021\/09\/KK_Gewehr_Einzel_Jugend.pdf\">KK_Gewehr_Einzel_Jugend<\/a><\/p>\n<p style=\"padding-left: 40px;\"><a href=\"https:\/\/www.eintracht-schretzheim.de\/wp-content\/uploads\/2021\/09\/KK_Gewehr_Einzel_Schuetzenklasse.pdf\">KK_Gewehr_Einzel_Schuetzenklasse<\/a><\/p>\n<p style=\"padding-left: 40px;\"><a href=\"https:\/\/www.eintracht-schretzheim.de\/wp-content\/uploads\/2021\/09\/Sportpistole_Einzel.pdf\">Sportpistole_Einzel<\/a><\/p>\n<p style=\"padding-left: 40px;\"><a href=\"https:\/\/www.eintracht-schretzheim.de\/wp-content\/uploads\/2021\/09\/KK-Repetierer.pdf\">KK-Repetierer<\/a><\/p>\n<p style=\"padding-left: 40px;\"><a href=\"https:\/\/www.eintracht-schretzheim.de\/wp-content\/uploads\/2021\/09\/KK_Gewehr_Mannschaft_Jugend.pdf\">KK_Gewehr_Mannschaft_Jugend<\/a><\/p>\n<p style=\"padding-left: 40px;\"><a href=\"https:\/\/www.eintracht-schretzheim.de\/wp-content\/uploads\/2021\/09\/KK_Gewehr_Mannschaft_Schuetzenklasse.pdf\">KK_Gewehr_Mannschaft_Schuetzenklasse<\/a><\/p>\n<p style=\"padding-left: 40px;\"><a href=\"https:\/\/www.eintracht-schretzheim.de\/wp-content\/uploads\/2021\/09\/Sportpistole_Mannschaft.pdf\">Sportpistole_Mannschaft<\/a><\/p>\n<p><span style=\"font-size: 18pt;\"><a href=\"https:\/\/www.eintracht-schretzheim.de\/wp-content\/uploads\/2021\/12\/Bayern-Match-2021_Finale.pdf\">Bayern Match 2021<\/a><\/span><\/p>\n<h3><a href=\"https:\/\/www.eintracht-schretzheim.de\/wp-content\/uploads\/2021\/10\/Ergebnisse-DM-2021.pdf\">Ergebnisse DM 2021<\/a><\/h3>\n<p>&nbsp;<\/p>\n<h3><\/h3>\n<p>&nbsp;<\/p>\n<p>&nbsp;<\/p>\n<p>&nbsp;<\/p>\n<p>&nbsp;<\/p>\n<p>&nbsp;<\/p>\n","protected":false},"excerpt":{"rendered":"<p>K\u00f6nigs &#8211; und Weihnachtsschie\u00dfen 2020 Plattl Weihnachtsschie\u00dfen Plattl &#8211; Pr\u00e4mie Meist_geschossenen_Scheiben Jugendk\u00f6nig 2021 Sch\u00fctzenk\u00f6nig 2021 Auflagek\u00f6nig 2021 LP_Jugend_Vereinsmeister LP_Jugend_beste_Serie LP_Sch\u00fctzen_Vereinsmeister LP_Sch\u00fctzen_beste_Serie LG_Jugend_Vereinsmeister LG_Jugend_beste_Serie LG_Sch\u00fctzen_Vereinsmeister LG_Sch\u00fctzen_beste_Serie LP_Auflage_Vereinsmeister LP_Auflage_beste_Serie LG_Auflage_Vereinsmeister LG_Auflage_beste_Serie KK-SP_Vereinsmeister KK-SP_beste_Einzelserie KK &#8211; Liegend_Jugend_Vereinsmeister KK &#8211; Liegend_Jugend_beste_Einzelserie KK &#8211; Liegend_Sch\u00fctzen Vereinsmeister KK &#8211; Liegend_Sch\u00fctzen_beste_Einzelserie KK &#8211; Auflage_Vereinsmeister KK &#8211; Auflage_beste_Einzelserie GK_Vereinsmeister GK_beste_Einzelserie Stadtmeisterschaft 2021 KK-Disziplinen&#8230;<\/p>\n","protected":false},"author":10,"featured_media":0,"parent":0,"menu_order":0,"comment_status":"closed","ping_status":"closed","template":"","meta":{"footnotes":""},"class_list":["post-6030","page","type-page","status-publish","hentry"],"_links":{"self":[{"href":"https:\/\/www.eintracht-schretzheim.de\/index.php?rest_route=\/wp\/v2\/pages\/6030","targetHints":{"allow":["GET"]}}],"collection":[{"href":"https:\/\/www.eintracht-schretzheim.de\/index.php?rest_route=\/wp\/v2\/pages"}],"about":[{"href":"https:\/\/www.eintracht-schretzheim.de\/index.php?rest_route=\/wp\/v2\/types\/page"}],"author":[{"embeddable":true,"href":"https:\/\/www.eintracht-schretzheim.de\/index.php?rest_route=\/wp\/v2\/users\/10"}],"replies":[{"embeddable":true,"href":"https:\/\/www.eintracht-schretzheim.de\/index.php?rest_route=%2Fwp%2Fv2%2Fcomments&post=6030"}],"version-history":[{"count":17,"href":"https:\/\/www.eintracht-schretzheim.de\/index.php?rest_route=\/wp\/v2\/pages\/6030\/revisions"}],"predecessor-version":[{"id":6721,"href":"https:\/\/www.eintracht-schretzheim.de\/index.php?rest_route=\/wp\/v2\/pages\/6030\/revisions\/6721"}],"wp:attachment":[{"href":"https:\/\/www.eintracht-schretzheim.de\/index.php?rest_route=%2Fwp%2Fv2%2Fmedia&parent=6030"}],"curies":[{"name":"wp","href":"https:\/\/api.w.org\/{rel}","templated":true}]}}