{"id":4321,"date":"2019-01-01T20:25:08","date_gmt":"2019-01-01T19:25:08","guid":{"rendered":"http:\/\/www.eintracht-schretzheim.de\/?page_id=4321"},"modified":"2022-01-02T14:17:25","modified_gmt":"2022-01-02T13:17:25","slug":"aktuelle-ergebnisse","status":"publish","type":"page","link":"https:\/\/www.eintracht-schretzheim.de\/?page_id=4321","title":{"rendered":"2019"},"content":{"rendered":"<h3><a href=\"https:\/\/www.eintracht-schretzheim.de\/wp-content\/uploads\/2019\/02\/Gaumeisterschaft-2019-Ergebnisse-LG-und-LP.pdf\">Gaumeisterschaft 2019 Ergebnisse LG und LP<\/a><\/h3>\n<h3><a href=\"https:\/\/www.eintracht-schretzheim.de\/wp-content\/uploads\/2019\/02\/Gaumeisterschaft-2019-Ergebnisse-GK-und-KK.pdf\">Gaumeisterschaft 2019 Ergebnisse GK und KK<\/a><\/h3>\n<h3><span style=\"color: #ff6600;\">Stadtmeisterschaft 2019 LG\/LP<\/span><\/h3>\n<p style=\"padding-left: 30px;\"><a href=\"https:\/\/www.eintracht-schretzheim.de\/wp-content\/uploads\/2019\/02\/LG-Mannschaft-Jugend.pdf\">LG Mannschaft Jugend<\/a><\/p>\n<p style=\"padding-left: 30px;\"><a href=\"https:\/\/www.eintracht-schretzheim.de\/wp-content\/uploads\/2019\/02\/LG-Einzel-Jugend-nach-Punkten.pdf\">LG Einzel Jugend nach Punkten<\/a><\/p>\n<p style=\"padding-left: 30px;\"><a href=\"https:\/\/www.eintracht-schretzheim.de\/wp-content\/uploads\/2019\/02\/LG-Einzel-Jugend-nach-Ringen.pdf\">LG Einzel Jugend nach Ringen<\/a><\/p>\n<p style=\"padding-left: 30px;\"><a href=\"https:\/\/www.eintracht-schretzheim.de\/wp-content\/uploads\/2019\/02\/LG-Mannschaft-Sch\u00fctzen.pdf\">LG Mannschaft Sch\u00fctzen<\/a><\/p>\n<p style=\"padding-left: 30px;\"><a href=\"https:\/\/www.eintracht-schretzheim.de\/wp-content\/uploads\/2019\/02\/LG-Einzel-Sch\u00fctzen-nach-Punkten.pdf\">LG Einzel Sch\u00fctzen nach Punkten<\/a><\/p>\n<p style=\"padding-left: 30px;\"><a href=\"https:\/\/www.eintracht-schretzheim.de\/wp-content\/uploads\/2019\/02\/LG-Einzel-Sch\u00fctzen-nach-Ringen.pdf\">LG Einzel Sch\u00fctzen nach Ringen<\/a><\/p>\n<p style=\"padding-left: 30px;\"><a href=\"https:\/\/www.eintracht-schretzheim.de\/wp-content\/uploads\/2019\/02\/LG-Mannschaft-Auflage.pdf\">LG Mannschaft Auflage<\/a><\/p>\n<p style=\"padding-left: 30px;\"><a href=\"https:\/\/www.eintracht-schretzheim.de\/wp-content\/uploads\/2019\/02\/LG-Einzel-Auflage-nach-Punkten.pdf\">LG Einzel Auflage nach Punkten<\/a><\/p>\n<p style=\"padding-left: 30px;\"><a href=\"https:\/\/www.eintracht-schretzheim.de\/wp-content\/uploads\/2019\/02\/LG-Einzel-Auflage-nach-Ringen.pdf\">LG Einzel Auflage nach Ringen<\/a><\/p>\n<p style=\"padding-left: 30px;\"><a href=\"https:\/\/www.eintracht-schretzheim.de\/wp-content\/uploads\/2019\/02\/LP-Manschaft.pdf\">LP Mannschaft<\/a><\/p>\n<p style=\"padding-left: 30px;\"><a href=\"https:\/\/www.eintracht-schretzheim.de\/wp-content\/uploads\/2019\/02\/LP-Einzel-nach-Punkten.pdf\">LP Einzel nach Punkten<\/a><\/p>\n<p style=\"padding-left: 30px;\"><a href=\"https:\/\/www.eintracht-schretzheim.de\/wp-content\/uploads\/2019\/02\/LP-Einzel-nach-Ringen.pdf\">LP Einzel nach Ringen<\/a><\/p>\n<h3><span style=\"color: #ff6600;\">Gaupokal 2019<\/span><\/h3>\n<p style=\"padding-left: 40px;\"><a href=\"https:\/\/www.eintracht-schretzheim.de\/wp-content\/uploads\/2019\/04\/Erbebnis-Gaupokal-2019_Runde-1.pdf\">Ergebnis Gaupokal 2019_Runde 1<\/a><\/p>\n<p style=\"padding-left: 40px;\"><a href=\"https:\/\/www.eintracht-schretzheim.de\/wp-content\/uploads\/2019\/05\/Ergebnis-Gaupokal-2019_Runde-2.pdf\">Ergebnis Gaupokal 2019_Runde 2<\/a><\/p>\n<p style=\"padding-left: 40px;\"><a href=\"https:\/\/www.eintracht-schretzheim.de\/wp-content\/uploads\/2019\/12\/Finalschie\u00dfen-GP-2019.pdf\">Finalschie\u00dfen Gaupokal 2019<\/a><\/p>\n<h3><a href=\"https:\/\/www.eintracht-schretzheim.de\/wp-content\/uploads\/2019\/04\/Ergenbisse-Ostereierschie\u00dfen-2019.pdf\">Ergebnisse Ostereierschie\u00dfen 2019<\/a><\/h3>\n<h3><a href=\"https:\/\/www.eintracht-schretzheim.de\/wp-content\/uploads\/2019\/05\/Ergebnisse-Schw\u00e4bische-Meisterschaften-2019.pdf\">Ergebnisse Schw\u00e4bische Meisterschaften 2019<\/a><\/h3>\n<h3><span style=\"color: #ff6600;\">Sommerbiathlon 2019<\/span><\/h3>\n<p style=\"padding-left: 40px;\"><a href=\"https:\/\/www.eintracht-schretzheim.de\/wp-content\/uploads\/2019\/05\/Siegerliste_2019_Jugend.pdf\">Siegerliste_2019_Jugend<\/a><\/p>\n<p style=\"padding-left: 40px;\"><a href=\"https:\/\/www.eintracht-schretzheim.de\/wp-content\/uploads\/2019\/05\/Siegerliste_2019_Erwachsene.pdf\">Siegerliste_2019_Hauptfeld<\/a><\/p>\n<h3><span style=\"color: #ff6600;\">Aufstiegswettk\u00e4mpfe 2019 zur Bezirksliga Saison 2020<\/span><\/h3>\n<p style=\"padding-left: 40px;\"><a href=\"https:\/\/www.eintracht-schretzheim.de\/wp-content\/uploads\/2019\/05\/Aufstieg-zur-Bezirksliga-LP.pdf\">Aufstieg zur Bezirksliga LP<\/a><\/p>\n<p style=\"padding-left: 40px;\"><a href=\"https:\/\/www.eintracht-schretzheim.de\/wp-content\/uploads\/2019\/05\/Aufstieg-zur-Bezirksliga-LG.pdf\">Aufstieg zur Bezirksliga LG<\/a><\/p>\n<h3><a href=\"https:\/\/www.eintracht-schretzheim.de\/wp-content\/uploads\/2019\/07\/Ergebnisse-Bayerische-Meisterschaften-2019_Endstand.pdf\">Bayerische Meisterschaften 2019<\/a><\/h3>\n<h3><span style=\"color: #ff6600;\">Stadtmeisterschaft KK 2019<\/span><\/h3>\n<p style=\"padding-left: 40px;\"><a href=\"https:\/\/www.eintracht-schretzheim.de\/wp-content\/uploads\/2019\/09\/KK-Gewehr-Einzel-Jugendklasse.pdf\">KK-Gewehr Einzel &#8211; Jugendklasse<\/a><\/p>\n<p style=\"padding-left: 40px;\"><a href=\"https:\/\/www.eintracht-schretzheim.de\/wp-content\/uploads\/2019\/09\/KK-Gewehr-Mannschaft-Jugendklasse.pdf\">KK-Gewehr Mannschaft Jugendklasse<\/a><\/p>\n<p style=\"padding-left: 40px;\"><a href=\"https:\/\/www.eintracht-schretzheim.de\/wp-content\/uploads\/2019\/09\/KK-Gewehr-Einzel-Sch\u00fctzenklasse.pdf\">KK-Gewehr Einzel &#8211; Sch\u00fctzenklasse<\/a><\/p>\n<p style=\"padding-left: 40px;\"><a href=\"https:\/\/www.eintracht-schretzheim.de\/wp-content\/uploads\/2019\/09\/KK-Gewehr-Mannschaft-Sch\u00fctzenklasse.pdf\">KK-Gewehr Mannschaft &#8211; Sch\u00fctzenklasse<\/a><\/p>\n<p style=\"padding-left: 40px;\"><a href=\"https:\/\/www.eintracht-schretzheim.de\/wp-content\/uploads\/2019\/09\/Sportpistole-Einzel.pdf\">KK-Sportpistole Einzel<\/a><\/p>\n<p style=\"padding-left: 40px;\"><a href=\"https:\/\/www.eintracht-schretzheim.de\/wp-content\/uploads\/2019\/09\/Sportpistole-Mannschaft.pdf\">KK-Sportpistole Mannschaft<\/a><\/p>\n<p style=\"padding-left: 40px;\"><a href=\"https:\/\/www.eintracht-schretzheim.de\/wp-content\/uploads\/2019\/09\/KK-Repetierer-mit-Zielfernrohr.pdf\">KK-Repetierer mit Zielfernrohr<\/a><\/p>\n<h3><a href=\"https:\/\/www.eintracht-schretzheim.de\/wp-content\/uploads\/2019\/10\/Ergebnisse-Deutsche-Meisterschaften-2019.pdf\">Deutsche Meisterschaften 2019<\/a><\/h3>\n<h3><span style=\"color: #ff6600;\">K\u00f6nigs- und Weihnachtsschie\u00dfen 2019<\/span><\/h3>\n<p style=\"padding-left: 40px;\"><a href=\"https:\/\/www.eintracht-schretzheim.de\/wp-content\/uploads\/2019\/12\/Blattl_Schuetzenkoenig.pdf\">Plattl_K\u00f6nigs-und Weihnachtsschie\u00dfen<\/a><\/p>\n<p style=\"padding-left: 40px;\"><a href=\"https:\/\/www.eintracht-schretzheim.de\/wp-content\/uploads\/2019\/12\/Blattl_Praemie.pdf\">Plattlpr\u00e4mie<\/a><\/p>\n<p style=\"padding-left: 40px;\"><a href=\"https:\/\/www.eintracht-schretzheim.de\/wp-content\/uploads\/2019\/12\/LG_Schueler_Vereinsmeister.pdf\">LG_Sch\u00fcler_Vereinsmeister<\/a><\/p>\n<p style=\"padding-left: 40px;\"><a href=\"https:\/\/www.eintracht-schretzheim.de\/wp-content\/uploads\/2019\/12\/LG_Schueler_beste_Serie.pdf\">LG_Sch\u00fcler_beste_Serie<\/a><\/p>\n<p style=\"padding-left: 40px;\"><a href=\"https:\/\/www.eintracht-schretzheim.de\/wp-content\/uploads\/2019\/12\/LG_Jugend_Vereinsmeister.pdf\">LG_Jugend_Vereinsmeister<\/a><\/p>\n<p style=\"padding-left: 40px;\"><a href=\"https:\/\/www.eintracht-schretzheim.de\/wp-content\/uploads\/2019\/12\/LG_Jugend_beste_Serie.pdf\">LG_Jugend_beste_Serie<\/a><\/p>\n<p style=\"padding-left: 40px;\"><a href=\"https:\/\/www.eintracht-schretzheim.de\/wp-content\/uploads\/2019\/12\/LG_Schuetzen_Vereinsmeister.pdf\">LG_Sch\u00fctzen_Vereinsmeister<\/a><\/p>\n<p style=\"padding-left: 40px;\"><a href=\"https:\/\/www.eintracht-schretzheim.de\/wp-content\/uploads\/2019\/12\/LG_Schuetzen_beste_Serie.pdf\">LG_Sch\u00fctzen_beste_Serie<\/a><\/p>\n<p style=\"padding-left: 40px;\"><a href=\"https:\/\/www.eintracht-schretzheim.de\/wp-content\/uploads\/2019\/12\/LG_Auflage_Vereinsmeister.pdf\">LG_Auflage_Vereinsmeister<\/a><\/p>\n<p style=\"padding-left: 40px;\"><a href=\"https:\/\/www.eintracht-schretzheim.de\/wp-content\/uploads\/2019\/12\/LG_Auflage_beste_Serie.pdf\">LG_Auflage_beste_Serie<\/a><\/p>\n<p style=\"padding-left: 40px;\"><a href=\"https:\/\/www.eintracht-schretzheim.de\/wp-content\/uploads\/2019\/12\/LP_Jugend_Vereinsmeister.pdf\">LP_Jugend_Vereinsmeister<\/a><\/p>\n<p style=\"padding-left: 40px;\"><a href=\"https:\/\/www.eintracht-schretzheim.de\/wp-content\/uploads\/2019\/12\/LP_Jugend_beste_Serie.pdf\">LP_Jugend_beste_Serie<\/a><\/p>\n<p style=\"padding-left: 40px;\"><a href=\"https:\/\/www.eintracht-schretzheim.de\/wp-content\/uploads\/2019\/12\/LP_Schuetzen_Vereinsmeister.pdf\">LP_Sch\u00fctzen_Vereinsmeister<\/a><\/p>\n<p style=\"padding-left: 40px;\"><a href=\"https:\/\/www.eintracht-schretzheim.de\/wp-content\/uploads\/2019\/12\/LP_Schuetzen_beste_Serie.pdf\">LP_Sch\u00fctzen_beste_Serie<\/a><\/p>\n<p style=\"padding-left: 40px;\"><a href=\"https:\/\/www.eintracht-schretzheim.de\/wp-content\/uploads\/2019\/12\/LP_Auflage_Vereinsmeister.pdf\">LP_Auflage_Vereinsmeister<\/a><\/p>\n<p style=\"padding-left: 40px;\"><a href=\"https:\/\/www.eintracht-schretzheim.de\/wp-content\/uploads\/2019\/12\/LP_Auflage_beste_Serie.pdf\">LP_Auflage_beste_Serie<\/a><\/p>\n<p style=\"padding-left: 40px;\"><a href=\"https:\/\/www.eintracht-schretzheim.de\/wp-content\/uploads\/2019\/12\/KK-Liegend-5_besten_Serien.pdf\">KK-Liegend Vereinsmeister<\/a><\/p>\n<p style=\"padding-left: 40px;\"><a href=\"https:\/\/www.eintracht-schretzheim.de\/wp-content\/uploads\/2019\/12\/KK-Liegend-Beste_Einzelserie.pdf\">KK-Liegend Beste Einzelserie<\/a><\/p>\n<p style=\"padding-left: 40px;\"><a href=\"https:\/\/www.eintracht-schretzheim.de\/wp-content\/uploads\/2019\/12\/KK-SP-5_Beste_Serien.pdf\">KK-SP Vereinsmeister<\/a><\/p>\n<p style=\"padding-left: 40px;\"><a href=\"https:\/\/www.eintracht-schretzheim.de\/wp-content\/uploads\/2019\/12\/KK-SP-Beste_Einzelserie.pdf\">KK-SP Beste_Einzelserie<\/a><\/p>\n<p style=\"padding-left: 40px;\"><a href=\"https:\/\/www.eintracht-schretzheim.de\/wp-content\/uploads\/2019\/12\/GK-5_Beste_Serien.pdf\">GK Vereinsmeister<\/a><\/p>\n<p style=\"padding-left: 40px;\"><a href=\"https:\/\/www.eintracht-schretzheim.de\/wp-content\/uploads\/2019\/12\/GK-Beste_Einzelserie.pdf\">GK Beste_Einzelserie<\/a><\/p>\n<p>&nbsp;<\/p>\n<p>&nbsp;<\/p>\n<p>&nbsp;<\/p>\n<p>&nbsp;<\/p>\n<p>&nbsp;<\/p>\n<p>&nbsp;<\/p>\n<p>&nbsp;<\/p>\n<p>&nbsp;<\/p>\n<p>&nbsp;<\/p>\n<p>&nbsp;<\/p>\n<p>&nbsp;<\/p>\n<p>&nbsp;<\/p>\n<p>&nbsp;<\/p>\n","protected":false},"excerpt":{"rendered":"<p>Gaumeisterschaft 2019 Ergebnisse LG und LP Gaumeisterschaft 2019 Ergebnisse GK und KK Stadtmeisterschaft 2019 LG\/LP LG Mannschaft Jugend LG Einzel Jugend nach Punkten LG Einzel Jugend nach Ringen LG Mannschaft Sch\u00fctzen LG Einzel Sch\u00fctzen nach Punkten LG Einzel Sch\u00fctzen nach Ringen LG Mannschaft Auflage LG Einzel Auflage nach Punkten LG Einzel Auflage nach Ringen LP&#8230;<\/p>\n","protected":false},"author":10,"featured_media":0,"parent":0,"menu_order":0,"comment_status":"closed","ping_status":"closed","template":"","meta":{"footnotes":""},"class_list":["post-4321","page","type-page","status-publish","hentry"],"_links":{"self":[{"href":"https:\/\/www.eintracht-schretzheim.de\/index.php?rest_route=\/wp\/v2\/pages\/4321","targetHints":{"allow":["GET"]}}],"collection":[{"href":"https:\/\/www.eintracht-schretzheim.de\/index.php?rest_route=\/wp\/v2\/pages"}],"about":[{"href":"https:\/\/www.eintracht-schretzheim.de\/index.php?rest_route=\/wp\/v2\/types\/page"}],"author":[{"embeddable":true,"href":"https:\/\/www.eintracht-schretzheim.de\/index.php?rest_route=\/wp\/v2\/users\/10"}],"replies":[{"embeddable":true,"href":"https:\/\/www.eintracht-schretzheim.de\/index.php?rest_route=%2Fwp%2Fv2%2Fcomments&post=4321"}],"version-history":[{"count":28,"href":"https:\/\/www.eintracht-schretzheim.de\/index.php?rest_route=\/wp\/v2\/pages\/4321\/revisions"}],"predecessor-version":[{"id":6719,"href":"https:\/\/www.eintracht-schretzheim.de\/index.php?rest_route=\/wp\/v2\/pages\/4321\/revisions\/6719"}],"wp:attachment":[{"href":"https:\/\/www.eintracht-schretzheim.de\/index.php?rest_route=%2Fwp%2Fv2%2Fmedia&parent=4321"}],"curies":[{"name":"wp","href":"https:\/\/api.w.org\/{rel}","templated":true}]}}