{"id":2141,"date":"2016-12-29T21:08:09","date_gmt":"2016-12-29T20:08:09","guid":{"rendered":"http:\/\/www.eintracht-schretzheim.de\/?page_id=2141"},"modified":"2022-01-02T14:16:47","modified_gmt":"2022-01-02T13:16:47","slug":"alle-ergebnisse-2016","status":"publish","type":"page","link":"https:\/\/www.eintracht-schretzheim.de\/?page_id=2141","title":{"rendered":"2016"},"content":{"rendered":"<h3><a href=\"https:\/\/www.eintracht-schretzheim.de\/wp-content\/uploads\/2016\/03\/Ergebnisse-Gaumeisterschaft-2016-GK-KK.pdf\">Ergebnisse Gaumeisterschaft 2016 GK &amp; KK<\/a><\/h3>\n<h3><a href=\"https:\/\/www.eintracht-schretzheim.de\/wp-content\/uploads\/2016\/03\/Ergebnisse-Gaumeisterschaft-2016-LP-LG.pdf\">Ergebnisse Gaumeisterschaft 2016 LP &amp; LG<\/a><\/h3>\n<h3><a href=\"https:\/\/www.eintracht-schretzheim.de\/wp-content\/uploads\/2016\/03\/Ostereierschie\u00dfen-Erwachsene.pdf\">Ostereierschie\u00dfen &#8211; Erwachsene<\/a><\/h3>\n<h3><a href=\"https:\/\/www.eintracht-schretzheim.de\/wp-content\/uploads\/2016\/03\/Ostereierschie\u00dfen-Jugend.pdf\">Ostereierschie\u00dfen &#8211; Jugend<\/a><\/h3>\n<h3><a href=\"https:\/\/www.eintracht-schretzheim.de\/wp-content\/uploads\/2016\/05\/Schw\u00e4bische-Meisterschaft-2016-Ergebnisse.pdf\">Schw\u00e4bische Meisterschaft 2016 Ergebnisse<\/a><\/h3>\n<h3><a href=\"https:\/\/www.eintracht-schretzheim.de\/wp-content\/uploads\/2016\/08\/Bayerische-Meisterschaft-2016-Ergebnisse.pdf\">Bayerische Meisterschaft 2016 Ergebnisse<\/a><\/h3>\n<h3><a href=\"https:\/\/www.eintracht-schretzheim.de\/wp-content\/uploads\/2016\/05\/Stadtmeisterschaft-Luftgewehr-und-Luftpistole-2016.pdf\">Stadtmeisterschaft Luftgewehr und Luftpistole 2016<\/a><\/h3>\n<h3><span style=\"color: #ff6600;\">Stadtmeisterschaft KK und Sportpistole 2016<\/span><\/h3>\n<p style=\"padding-left: 30px;\"><a href=\"https:\/\/www.eintracht-schretzheim.de\/wp-content\/uploads\/2016\/09\/KK_Gewehr_Einzel_Jugend.pdf\">kk_gewehr_einzel_jugend<\/a><\/p>\n<p style=\"padding-left: 30px;\"><a href=\"https:\/\/www.eintracht-schretzheim.de\/wp-content\/uploads\/2016\/09\/KK_Gewehr_Einzel_Schuetzenklasse.pdf\">kk_gewehr_einzel_schuetzenklasse<\/a><\/p>\n<p style=\"padding-left: 30px;\"><a href=\"https:\/\/www.eintracht-schretzheim.de\/wp-content\/uploads\/2016\/09\/KK_Gewehr_Mannschaft_Jugend.pdf\">kk_gewehr_mannschaft_jugend<\/a><\/p>\n<p style=\"padding-left: 30px;\"><a href=\"https:\/\/www.eintracht-schretzheim.de\/wp-content\/uploads\/2016\/09\/KK_Gewehr_Mannschaft_Schuetzenklasse.pdf\">kk_gewehr_mannschaft_schuetzenklasse<\/a><\/p>\n<p style=\"padding-left: 30px;\"><a href=\"https:\/\/www.eintracht-schretzheim.de\/wp-content\/uploads\/2016\/09\/Sportpistole_Einzel.pdf\">sportpistole_einzel<\/a><\/p>\n<p style=\"padding-left: 30px;\"><a href=\"https:\/\/www.eintracht-schretzheim.de\/wp-content\/uploads\/2016\/09\/Sportpistole_Mannschaft.pdf\">sportpistole_mannschaft<\/a><\/p>\n<p style=\"padding-left: 30px;\"><a href=\"https:\/\/www.eintracht-schretzheim.de\/wp-content\/uploads\/2016\/09\/KK-Repetierer_mit_Zielfernrohr.pdf\">kk-repetierer_mit_zielfernrohr<\/a><\/p>\n<h3><span style=\"color: #ff6600;\">K\u00f6nigsschie\u00dfen und Vereinsameisterschaften 2016<\/span><\/h3>\n<p style=\"padding-left: 30px;\"><a href=\"https:\/\/www.eintracht-schretzheim.de\/wp-content\/uploads\/2017\/01\/1-Blattl_Gesamt.pdf\">1-Blattl_Gesamt<\/a><\/p>\n<p style=\"padding-left: 30px;\"><a href=\"https:\/\/www.eintracht-schretzheim.de\/wp-content\/uploads\/2017\/01\/2-Schueler_Jugend_Blattl.pdf\">2-Schueler_Jugend_Blattl<\/a><\/p>\n<p style=\"padding-left: 30px;\"><a href=\"https:\/\/www.eintracht-schretzheim.de\/wp-content\/uploads\/2017\/01\/3-Blattl_Praemie.pdf\">3-Blattl_Praemie<\/a><\/p>\n<p style=\"padding-left: 30px;\"><a href=\"https:\/\/www.eintracht-schretzheim.de\/wp-content\/uploads\/2017\/01\/4-LG_Schueler_besten_10_Serien.pdf\">4-LG_Schueler_besten_10_Serien<\/a><\/p>\n<p style=\"padding-left: 30px;\"><a href=\"https:\/\/www.eintracht-schretzheim.de\/wp-content\/uploads\/2017\/01\/5-LG_Schueler_beste_Serie.pdf\">5-LG_Schueler_beste_Serie<\/a><\/p>\n<p style=\"padding-left: 30px;\"><a href=\"https:\/\/www.eintracht-schretzheim.de\/wp-content\/uploads\/2017\/01\/6-LG_Jugend_10_besten_Serien.pdf\">6-LG_Jugend_10_besten_Serien<\/a><\/p>\n<p style=\"padding-left: 30px;\"><a href=\"https:\/\/www.eintracht-schretzheim.de\/wp-content\/uploads\/2017\/01\/7-LG_Jugend_beste_Serie.pdf\">7-LG_Jugend_beste_Serie<\/a><\/p>\n<p style=\"padding-left: 30px;\"><a href=\"https:\/\/www.eintracht-schretzheim.de\/wp-content\/uploads\/2017\/01\/8-LG_Schuetzen_10_besten_Serien.pdf\">8-LG_Schuetzen_10_besten_Serien<\/a><\/p>\n<p style=\"padding-left: 30px;\"><a href=\"https:\/\/www.eintracht-schretzheim.de\/wp-content\/uploads\/2017\/01\/9-LG_Schuetzen_beste_Serie.pdf\">9-LG_Schuetzen_beste_Serie<\/a><\/p>\n<p style=\"padding-left: 30px;\"><a href=\"https:\/\/www.eintracht-schretzheim.de\/wp-content\/uploads\/2017\/01\/10-LG_Auflage_10_besten_Serien.pdf\">10-LG_Auflage_10_besten_Serien<\/a><\/p>\n<p style=\"padding-left: 30px;\"><a href=\"https:\/\/www.eintracht-schretzheim.de\/wp-content\/uploads\/2017\/01\/11-LG_Auflage_beste_Serie.pdf\">11-LG_Auflage_beste_Serie<\/a><\/p>\n<p style=\"padding-left: 30px;\"><a href=\"https:\/\/www.eintracht-schretzheim.de\/wp-content\/uploads\/2017\/01\/12-LP_Schuetzen_10_besten_Serien.pdf\">12-LP_Schuetzen_10_besten_Serien<\/a><\/p>\n<p style=\"padding-left: 30px;\"><a href=\"https:\/\/www.eintracht-schretzheim.de\/wp-content\/uploads\/2017\/01\/13-LP_Schuetzen_beste_Serie.pdf\">13-LP_Schuetzen_beste_Serie<\/a><\/p>\n<p style=\"padding-left: 30px;\"><a href=\"https:\/\/www.eintracht-schretzheim.de\/wp-content\/uploads\/2017\/01\/14-Meisten_Scheiben.pdf\">14-Meisten_Scheiben<\/a><\/p>\n<p style=\"padding-left: 30px;\"><a href=\"https:\/\/www.eintracht-schretzheim.de\/wp-content\/uploads\/2017\/01\/15_KK_5_beste_Serien.pdf\">15_KK_5_beste_Serien<\/a><\/p>\n<p style=\"padding-left: 30px;\"><a href=\"https:\/\/www.eintracht-schretzheim.de\/wp-content\/uploads\/2017\/01\/16_KK_beste_Serie.pdf\">16_KK_beste_Serie<\/a><\/p>\n<p style=\"padding-left: 30px;\"><a href=\"https:\/\/www.eintracht-schretzheim.de\/wp-content\/uploads\/2017\/01\/17_VM_-2016_GK_und_KK-Sportpistole.pdf\">17_VM_ 2016_GK_und_KK Sportpistole<\/a><\/p>\n<p>&nbsp;<\/p>\n<p>&nbsp;<\/p>\n<p>&nbsp;<\/p>\n<p>&nbsp;<\/p>\n<p>&nbsp;<\/p>\n","protected":false},"excerpt":{"rendered":"<p>Ergebnisse Gaumeisterschaft 2016 GK &amp; KK Ergebnisse Gaumeisterschaft 2016 LP &amp; LG Ostereierschie\u00dfen &#8211; Erwachsene Ostereierschie\u00dfen &#8211; Jugend Schw\u00e4bische Meisterschaft 2016 Ergebnisse Bayerische Meisterschaft 2016 Ergebnisse Stadtmeisterschaft Luftgewehr und Luftpistole 2016 Stadtmeisterschaft KK und Sportpistole 2016 kk_gewehr_einzel_jugend kk_gewehr_einzel_schuetzenklasse kk_gewehr_mannschaft_jugend kk_gewehr_mannschaft_schuetzenklasse sportpistole_einzel sportpistole_mannschaft kk-repetierer_mit_zielfernrohr K\u00f6nigsschie\u00dfen und Vereinsameisterschaften 2016 1-Blattl_Gesamt 2-Schueler_Jugend_Blattl 3-Blattl_Praemie 4-LG_Schueler_besten_10_Serien 5-LG_Schueler_beste_Serie 6-LG_Jugend_10_besten_Serien 7-LG_Jugend_beste_Serie 8-LG_Schuetzen_10_besten_Serien&#8230;<\/p>\n","protected":false},"author":10,"featured_media":0,"parent":0,"menu_order":0,"comment_status":"closed","ping_status":"closed","template":"","meta":{"footnotes":""},"class_list":["post-2141","page","type-page","status-publish","hentry"],"_links":{"self":[{"href":"https:\/\/www.eintracht-schretzheim.de\/index.php?rest_route=\/wp\/v2\/pages\/2141","targetHints":{"allow":["GET"]}}],"collection":[{"href":"https:\/\/www.eintracht-schretzheim.de\/index.php?rest_route=\/wp\/v2\/pages"}],"about":[{"href":"https:\/\/www.eintracht-schretzheim.de\/index.php?rest_route=\/wp\/v2\/types\/page"}],"author":[{"embeddable":true,"href":"https:\/\/www.eintracht-schretzheim.de\/index.php?rest_route=\/wp\/v2\/users\/10"}],"replies":[{"embeddable":true,"href":"https:\/\/www.eintracht-schretzheim.de\/index.php?rest_route=%2Fwp%2Fv2%2Fcomments&post=2141"}],"version-history":[{"count":17,"href":"https:\/\/www.eintracht-schretzheim.de\/index.php?rest_route=\/wp\/v2\/pages\/2141\/revisions"}],"predecessor-version":[{"id":6716,"href":"https:\/\/www.eintracht-schretzheim.de\/index.php?rest_route=\/wp\/v2\/pages\/2141\/revisions\/6716"}],"wp:attachment":[{"href":"https:\/\/www.eintracht-schretzheim.de\/index.php?rest_route=%2Fwp%2Fv2%2Fmedia&parent=2141"}],"curies":[{"name":"wp","href":"https:\/\/api.w.org\/{rel}","templated":true}]}}