{"id":1682,"date":"2016-05-05T08:25:04","date_gmt":"2016-05-05T06:25:04","guid":{"rendered":"http:\/\/www.eintracht-schretzheim.de\/?page_id=1682"},"modified":"2022-01-02T14:16:35","modified_gmt":"2022-01-02T13:16:35","slug":"alle-ergebnisse-2015","status":"publish","type":"page","link":"https:\/\/www.eintracht-schretzheim.de\/?page_id=1682","title":{"rendered":"2015"},"content":{"rendered":"<h3><a href=\"https:\/\/www.eintracht-schretzheim.de\/wp-content\/uploads\/2015\/03\/Gesamtergebnisse-Gaumeisterschaft-2015.pdf\">Gesamtergebnisse Gaumeisterschaft 2015<\/a><\/h3>\n<h3><a href=\"https:\/\/www.eintracht-schretzheim.de\/wp-content\/uploads\/2015\/04\/Ostereierschie\u00dfen-2015-Jugend.pdf\">Ostereierschie\u00dfen 2015 Jugend<\/a><\/h3>\n<h3><a href=\"https:\/\/www.eintracht-schretzheim.de\/wp-content\/uploads\/2015\/04\/Ostereierschie\u00dfen-2015-Sch\u00fctzen.pdf\">Ostereierschie\u00dfen 2015 Sch\u00fctzen<\/a><\/h3>\n<h3><a href=\"https:\/\/www.eintracht-schretzheim.de\/wp-content\/uploads\/2015\/06\/Gesamtergebnisse-Schw\u00e4bische-Meisterschaft-2015.pdf\">Gesamtergebnisse Schw\u00e4bische Meisterschaft 2015<\/a><\/h3>\n<h3><span style=\"color: #ff6600;\">K\u00f6nigsschie\u00dfen und Vereinsmeisterschaften 2015<\/span><\/h3>\n<p style=\"padding-left: 30px;\"><a href=\"https:\/\/www.eintracht-schretzheim.de\/wp-content\/uploads\/2016\/01\/Blattl_Gesamt.pdf\">Blattl_Gesamt<\/a><\/p>\n<p style=\"padding-left: 30px;\"><a href=\"https:\/\/www.eintracht-schretzheim.de\/wp-content\/uploads\/2016\/01\/Schueler_Jugend_Blattl.pdf\">Schueler_Jugend_Blattl<\/a><\/p>\n<p style=\"padding-left: 30px;\"><a href=\"https:\/\/www.eintracht-schretzheim.de\/wp-content\/uploads\/2016\/01\/LG_Schuetzen_10_besten_Serien.pdf\">LG_Schuetzen_10_besten_Serien<\/a><\/p>\n<p style=\"padding-left: 30px;\"><a href=\"https:\/\/www.eintracht-schretzheim.de\/wp-content\/uploads\/2016\/01\/LG_Schuetzen_beste_Serie.pdf\">LG_Schuetzen_beste_Serie<\/a><\/p>\n<p style=\"padding-left: 30px;\"><a href=\"https:\/\/www.eintracht-schretzheim.de\/wp-content\/uploads\/2016\/01\/LP_Schuetzen_10_besten_Serien.pdf\">LP_Schuetzen_10_besten_Serien<\/a><\/p>\n<p style=\"padding-left: 30px;\"><a href=\"https:\/\/www.eintracht-schretzheim.de\/wp-content\/uploads\/2016\/01\/LP_Schuetzen_beste_Serie.pdf\">LP_Schuetzen_beste_Serie<\/a><\/p>\n<p style=\"padding-left: 30px;\"><a href=\"https:\/\/www.eintracht-schretzheim.de\/wp-content\/uploads\/2016\/01\/LG_Schueler_besten_10_Serien.pdf\">LG_Schueler_besten_10_Serien<\/a><\/p>\n<p style=\"padding-left: 30px;\"><a href=\"https:\/\/www.eintracht-schretzheim.de\/wp-content\/uploads\/2016\/01\/LG_Schueler_beste_Serie.pdf\">LG_Schueler_beste_Serie<\/a><\/p>\n<p style=\"padding-left: 30px;\"><a href=\"https:\/\/www.eintracht-schretzheim.de\/wp-content\/uploads\/2016\/01\/LG_Auflage_10_besten_Serien.pdf\">LG_Auflage_10_besten_Serien<\/a><\/p>\n<p style=\"padding-left: 30px;\"><a href=\"https:\/\/www.eintracht-schretzheim.de\/wp-content\/uploads\/2016\/01\/LG_Auflage_beste_Serie.pdf\">LG_Auflage_beste_Serie<\/a><\/p>\n<p style=\"padding-left: 30px;\"><a href=\"https:\/\/www.eintracht-schretzheim.de\/wp-content\/uploads\/2016\/01\/5_besten_Serien-KK-Liegend.pdf\">5_besten_Serien KK-Liegend<\/a><\/p>\n<p style=\"padding-left: 30px;\"><a href=\"https:\/\/www.eintracht-schretzheim.de\/wp-content\/uploads\/2016\/01\/Beste_Einzelserie-KK-Liegend.pdf\">Beste_Einzelserie KK-Liegend<\/a><\/p>\n<p>&nbsp;<\/p>\n<p>&nbsp;<\/p>\n<p>&nbsp;<\/p>\n<p>&nbsp;<\/p>\n<p>&nbsp;<\/p>\n","protected":false},"excerpt":{"rendered":"<p>Gesamtergebnisse Gaumeisterschaft 2015 Ostereierschie\u00dfen 2015 Jugend Ostereierschie\u00dfen 2015 Sch\u00fctzen Gesamtergebnisse Schw\u00e4bische Meisterschaft 2015 K\u00f6nigsschie\u00dfen und Vereinsmeisterschaften 2015 Blattl_Gesamt Schueler_Jugend_Blattl LG_Schuetzen_10_besten_Serien LG_Schuetzen_beste_Serie LP_Schuetzen_10_besten_Serien LP_Schuetzen_beste_Serie LG_Schueler_besten_10_Serien LG_Schueler_beste_Serie LG_Auflage_10_besten_Serien LG_Auflage_beste_Serie 5_besten_Serien KK-Liegend Beste_Einzelserie KK-Liegend &nbsp; &nbsp; &nbsp; &nbsp; &nbsp;<\/p>\n","protected":false},"author":10,"featured_media":0,"parent":0,"menu_order":0,"comment_status":"closed","ping_status":"closed","template":"","meta":{"footnotes":""},"class_list":["post-1682","page","type-page","status-publish","hentry"],"_links":{"self":[{"href":"https:\/\/www.eintracht-schretzheim.de\/index.php?rest_route=\/wp\/v2\/pages\/1682","targetHints":{"allow":["GET"]}}],"collection":[{"href":"https:\/\/www.eintracht-schretzheim.de\/index.php?rest_route=\/wp\/v2\/pages"}],"about":[{"href":"https:\/\/www.eintracht-schretzheim.de\/index.php?rest_route=\/wp\/v2\/types\/page"}],"author":[{"embeddable":true,"href":"https:\/\/www.eintracht-schretzheim.de\/index.php?rest_route=\/wp\/v2\/users\/10"}],"replies":[{"embeddable":true,"href":"https:\/\/www.eintracht-schretzheim.de\/index.php?rest_route=%2Fwp%2Fv2%2Fcomments&post=1682"}],"version-history":[{"count":12,"href":"https:\/\/www.eintracht-schretzheim.de\/index.php?rest_route=\/wp\/v2\/pages\/1682\/revisions"}],"predecessor-version":[{"id":6715,"href":"https:\/\/www.eintracht-schretzheim.de\/index.php?rest_route=\/wp\/v2\/pages\/1682\/revisions\/6715"}],"wp:attachment":[{"href":"https:\/\/www.eintracht-schretzheim.de\/index.php?rest_route=%2Fwp%2Fv2%2Fmedia&parent=1682"}],"curies":[{"name":"wp","href":"https:\/\/api.w.org\/{rel}","templated":true}]}}